{"id":390699,"date":"2025-10-08T18:07:06","date_gmt":"2025-10-08T18:07:06","guid":{"rendered":"https:\/\/glotomania.com\/p\/set-cortadores-wilton-trineo-de-navidad-3d-2\/"},"modified":"2026-04-14T05:38:39","modified_gmt":"2026-04-14T05:38:39","slug":"set-cortadores-wilton-trineo-de-navidad-3d-2","status":"publish","type":"product","link":"https:\/\/glotomania.com\/pt-pt\/p\/set-cortadores-wilton-trineo-de-navidad-3d-2\/","title":{"rendered":"Conjunto De Cortadores Wilton &#8211; Tren\u00d3 De Natal 3d"},"content":{"rendered":"<p>&nbsp;<\/p>\n<p><span style=\"font-size:14px\"><span style=\"color:#000000\">Este conjunto de 4 pe&ccedil;as combina formas empilh&aacute;veis e tem&aacute;ticas que permitem criar biscoitos, decora&ccedil;&otilde;es em fondant ou ma&ccedil;ap&atilde;o com um toque festivo e ador&aacute;vel. Ideal para decorar mesas, oferecer ou preparar momentos divertidos em fam&iacute;lia.&nbsp;<\/span><\/span><\/p>\n<p><span style=\"font-size:14px\"><span style=\"color:#000000\">Fabricados em <strong>a&ccedil;o inoxid&aacute;vel<\/strong> de alta qualidade, garantem durabilidade e precis&atilde;o em cada corte. O seu design f&aacute;cil de usar permite obter formas limpas e profissionais, al&eacute;m de serem <strong>adequados para a m&aacute;quina de lavar lou&ccedil;a<\/strong>, facilitando a limpeza e a manuten&ccedil;&atilde;o.<\/span><\/span><\/p>\n","protected":false},"excerpt":{"rendered":"<p>Conjunto de 4 cortadores de a\u00e7o inoxid\u00e1vel Wilton com os quais podemos criar doces de Natal em 3D em forma de tren\u00f3.<\/p>\n","protected":false},"featured_media":209522,"comment_status":"open","ping_status":"closed","template":"","meta":{"_acf_changed":false},"pwb-brand":[],"product_brand":[],"product_cat":[1788,3199,2907,2920,3087,1849,1866,1767],"product_tag":[],"class_list":{"0":"post-390699","1":"product","2":"type-product","3":"status-publish","4":"has-post-thumbnail","6":"product_cat-cortadores-de-cobre","7":"product_cat-cortadores-de-metal","8":"product_cat-festas","9":"product_cat-natal-2","10":"product_cat-ordem-e-armazenamento","11":"product_cat-fiestas","12":"product_cat-navidad","13":"product_cat-utensilios","15":"first","16":"instock","17":"taxable","18":"shipping-taxable","19":"purchasable","20":"product-type-simple"},"acf":[],"df_price":4.16,"df_sale_price":4.16,"df_regular_price":5.95,"df_image_link":"https:\/\/glotomania.com\/wp-content\/uploads\/2025\/10\/img_27722_e8222a1dd4ca67816715f9d51d2ef227_1-300x300.jpg","brands":[],"_links":{"self":[{"href":"https:\/\/glotomania.com\/pt-pt\/wp-json\/wp\/v2\/product\/390699","targetHints":{"allow":["GET"]}}],"collection":[{"href":"https:\/\/glotomania.com\/pt-pt\/wp-json\/wp\/v2\/product"}],"about":[{"href":"https:\/\/glotomania.com\/pt-pt\/wp-json\/wp\/v2\/types\/product"}],"replies":[{"embeddable":true,"href":"https:\/\/glotomania.com\/pt-pt\/wp-json\/wp\/v2\/comments?post=390699"}],"wp:featuredmedia":[{"embeddable":true,"href":"https:\/\/glotomania.com\/pt-pt\/wp-json\/wp\/v2\/media\/209522"}],"wp:attachment":[{"href":"https:\/\/glotomania.com\/pt-pt\/wp-json\/wp\/v2\/media?parent=390699"}],"wp:term":[{"taxonomy":"pwb-brand","embeddable":true,"href":"https:\/\/glotomania.com\/pt-pt\/wp-json\/wp\/v2\/pwb-brand?post=390699"},{"taxonomy":"product_brand","embeddable":true,"href":"https:\/\/glotomania.com\/pt-pt\/wp-json\/wp\/v2\/product_brand?post=390699"},{"taxonomy":"product_cat","embeddable":true,"href":"https:\/\/glotomania.com\/pt-pt\/wp-json\/wp\/v2\/product_cat?post=390699"},{"taxonomy":"product_tag","embeddable":true,"href":"https:\/\/glotomania.com\/pt-pt\/wp-json\/wp\/v2\/product_tag?post=390699"}],"curies":[{"name":"wp","href":"https:\/\/api.w.org\/{rel}","templated":true}]}}