{"id":390702,"date":"2025-10-08T18:07:29","date_gmt":"2025-10-08T18:07:29","guid":{"rendered":"https:\/\/glotomania.com\/p\/set-cortadores-wilton-copo-de-nieve-muneco-de-nieve-oso-polar-2\/"},"modified":"2026-04-14T05:38:41","modified_gmt":"2026-04-14T05:38:41","slug":"set-cortadores-wilton-copo-de-nieve-muneco-de-nieve-oso-polar-2","status":"publish","type":"product","link":"https:\/\/glotomania.com\/pt-pt\/p\/set-cortadores-wilton-copo-de-nieve-muneco-de-nieve-oso-polar-2\/","title":{"rendered":"Conjunto De Cortadores Wilton &#8211; Floco De Neve \/ Boneco De Neve \/ Urso Polar"},"content":{"rendered":"<p>&nbsp;<\/p>\n<p><span style=\"font-size:14px\"><span style=\"color:#000000\">Este encantador conjunto inclui tr&ecirc;s divertidos designs: floco de neve, boneco de neve e urso polar de Natal. Ideal n&atilde;o s&oacute; para biscoitos, mas tamb&eacute;m para cortar formas de fondant e decorar as suas sobremesas.<\/span><\/span><\/p>\n<p><span style=\"font-size:14px\"><span style=\"color:#000000\">Fabricados em&nbsp;<strong>a&ccedil;o inoxid&aacute;vel resistente<\/strong>, com excelente durabilidade e um corte limpo em cada utiliza&ccedil;&atilde;o. F&aacute;ceis de usar e adequados para lavar na m&aacute;quina de lavar lou&ccedil;a, facilitando a sua limpeza e manuten&ccedil;&atilde;o.&nbsp;<\/span><\/span><\/p>\n<p>&nbsp;<\/p>\n","protected":false},"excerpt":{"rendered":"<p>Com este conjunto de cortadores met\u00e1licos da Wilton, poder\u00e1 criar deliciosos biscoitos com designs divertidos e ador\u00e1veis, perfeitos para o Natal.<\/p>\n","protected":false},"featured_media":209531,"comment_status":"open","ping_status":"closed","template":"","meta":{"_acf_changed":false},"pwb-brand":[],"product_brand":[],"product_cat":[1788,3199,2907,2920,3087,1849,1866,1767],"product_tag":[],"class_list":{"0":"post-390702","1":"product","2":"type-product","3":"status-publish","4":"has-post-thumbnail","6":"product_cat-cortadores-de-cobre","7":"product_cat-cortadores-de-metal","8":"product_cat-festas","9":"product_cat-natal-2","10":"product_cat-ordem-e-armazenamento","11":"product_cat-fiestas","12":"product_cat-navidad","13":"product_cat-utensilios","15":"first","16":"instock","17":"taxable","18":"shipping-taxable","19":"purchasable","20":"product-type-simple"},"acf":[],"df_price":3.33,"df_sale_price":3.33,"df_regular_price":4.75,"df_image_link":"https:\/\/glotomania.com\/wp-content\/uploads\/2025\/10\/img_27726_a6e4bec72f2c41c2e703d64481518cb8_1-300x300.jpg","brands":[],"_links":{"self":[{"href":"https:\/\/glotomania.com\/pt-pt\/wp-json\/wp\/v2\/product\/390702","targetHints":{"allow":["GET"]}}],"collection":[{"href":"https:\/\/glotomania.com\/pt-pt\/wp-json\/wp\/v2\/product"}],"about":[{"href":"https:\/\/glotomania.com\/pt-pt\/wp-json\/wp\/v2\/types\/product"}],"replies":[{"embeddable":true,"href":"https:\/\/glotomania.com\/pt-pt\/wp-json\/wp\/v2\/comments?post=390702"}],"wp:featuredmedia":[{"embeddable":true,"href":"https:\/\/glotomania.com\/pt-pt\/wp-json\/wp\/v2\/media\/209531"}],"wp:attachment":[{"href":"https:\/\/glotomania.com\/pt-pt\/wp-json\/wp\/v2\/media?parent=390702"}],"wp:term":[{"taxonomy":"pwb-brand","embeddable":true,"href":"https:\/\/glotomania.com\/pt-pt\/wp-json\/wp\/v2\/pwb-brand?post=390702"},{"taxonomy":"product_brand","embeddable":true,"href":"https:\/\/glotomania.com\/pt-pt\/wp-json\/wp\/v2\/product_brand?post=390702"},{"taxonomy":"product_cat","embeddable":true,"href":"https:\/\/glotomania.com\/pt-pt\/wp-json\/wp\/v2\/product_cat?post=390702"},{"taxonomy":"product_tag","embeddable":true,"href":"https:\/\/glotomania.com\/pt-pt\/wp-json\/wp\/v2\/product_tag?post=390702"}],"curies":[{"name":"wp","href":"https:\/\/api.w.org\/{rel}","templated":true}]}}