{"id":390703,"date":"2025-10-08T18:07:34","date_gmt":"2025-10-08T18:07:34","guid":{"rendered":"https:\/\/glotomania.com\/p\/set-cortadores-wilton-reno-santa-claus-arbol-de-navidad-2\/"},"modified":"2026-04-14T05:38:41","modified_gmt":"2026-04-14T05:38:41","slug":"set-cortadores-wilton-reno-santa-claus-arbol-de-navidad-2","status":"publish","type":"product","link":"https:\/\/glotomania.com\/pt-pt\/p\/set-cortadores-wilton-reno-santa-claus-arbol-de-navidad-2\/","title":{"rendered":"Conjunto De Cortadores Wilton &#8211; Rena \/ Papai Noel \/ \u00c1rvore De Natal"},"content":{"rendered":"<p>&nbsp;<\/p>\n<p><span style=\"color:#000000\"><span style=\"font-size: 14px\">Este encantador conjunto inclui tr&ecirc;s divertidos designs: <\/span><span style=\"font-size: 14px\">rena<\/span><span style=\"font-size: 14px\">, Papai Noel<\/span><span style=\"font-size: 14px\">&nbsp;e &aacute;rvore de Natal<\/span><span style=\"font-size: 14px\">. Ideal n&atilde;o s&oacute; para biscoitos, mas tamb&eacute;m para cortar formas de fondant e decorar as suas sobremesas.<\/span><\/span><\/p>\n<p><span style=\"color:#000000\"><span style=\"font-size: 14px\">Fabricados em&nbsp;<strong>a&ccedil;o inoxid&aacute;vel resistente<\/strong>, com excelente durabilidade e um corte limpo em cada utiliza&ccedil;&atilde;o. F&aacute;ceis de usar e adequados para lavar na m&aacute;quina de lavar lou&ccedil;a, facilitando a sua limpeza e manuten&ccedil;&atilde;o.&nbsp;<\/span><\/span><\/p>\n","protected":false},"excerpt":{"rendered":"<p>Com este conjunto de cortadores met\u00e1licos da Wilton, poder\u00e1 criar deliciosos biscoitos com designs divertidos e ador\u00e1veis, perfeitos para o Natal.<\/p>\n","protected":false},"featured_media":209533,"comment_status":"open","ping_status":"closed","template":"","meta":{"_acf_changed":false},"pwb-brand":[],"product_brand":[],"product_cat":[1788,3199,2907,2920,3087,1849,1866,1767],"product_tag":[],"class_list":{"0":"post-390703","1":"product","2":"type-product","3":"status-publish","4":"has-post-thumbnail","6":"product_cat-cortadores-de-cobre","7":"product_cat-cortadores-de-metal","8":"product_cat-festas","9":"product_cat-natal-2","10":"product_cat-ordem-e-armazenamento","11":"product_cat-fiestas","12":"product_cat-navidad","13":"product_cat-utensilios","15":"first","16":"instock","17":"taxable","18":"shipping-taxable","19":"purchasable","20":"product-type-simple"},"acf":[],"df_price":3.33,"df_sale_price":3.33,"df_regular_price":4.75,"df_image_link":"https:\/\/glotomania.com\/wp-content\/uploads\/2025\/10\/img_27727_3a2bb2e8f2d23d45f6ed2f47633eacaa_1-300x300.jpg","brands":[],"_links":{"self":[{"href":"https:\/\/glotomania.com\/pt-pt\/wp-json\/wp\/v2\/product\/390703","targetHints":{"allow":["GET"]}}],"collection":[{"href":"https:\/\/glotomania.com\/pt-pt\/wp-json\/wp\/v2\/product"}],"about":[{"href":"https:\/\/glotomania.com\/pt-pt\/wp-json\/wp\/v2\/types\/product"}],"replies":[{"embeddable":true,"href":"https:\/\/glotomania.com\/pt-pt\/wp-json\/wp\/v2\/comments?post=390703"}],"wp:featuredmedia":[{"embeddable":true,"href":"https:\/\/glotomania.com\/pt-pt\/wp-json\/wp\/v2\/media\/209533"}],"wp:attachment":[{"href":"https:\/\/glotomania.com\/pt-pt\/wp-json\/wp\/v2\/media?parent=390703"}],"wp:term":[{"taxonomy":"pwb-brand","embeddable":true,"href":"https:\/\/glotomania.com\/pt-pt\/wp-json\/wp\/v2\/pwb-brand?post=390703"},{"taxonomy":"product_brand","embeddable":true,"href":"https:\/\/glotomania.com\/pt-pt\/wp-json\/wp\/v2\/product_brand?post=390703"},{"taxonomy":"product_cat","embeddable":true,"href":"https:\/\/glotomania.com\/pt-pt\/wp-json\/wp\/v2\/product_cat?post=390703"},{"taxonomy":"product_tag","embeddable":true,"href":"https:\/\/glotomania.com\/pt-pt\/wp-json\/wp\/v2\/product_tag?post=390703"}],"curies":[{"name":"wp","href":"https:\/\/api.w.org\/{rel}","templated":true}]}}