{"id":390718,"date":"2025-10-13T14:21:06","date_gmt":"2025-10-13T14:21:06","guid":{"rendered":"https:\/\/glotomania.com\/p\/set-cortadores-con-expulsor-wilton-bastones-de-caramelo-2\/"},"modified":"2026-04-14T05:38:45","modified_gmt":"2026-04-14T05:38:45","slug":"set-cortadores-con-expulsor-wilton-bastones-de-caramelo-2","status":"publish","type":"product","link":"https:\/\/glotomania.com\/pt-pt\/p\/set-cortadores-con-expulsor-wilton-bastones-de-caramelo-2\/","title":{"rendered":"Set Cortadores Con \u00cambolo Wilton &#8211; Bengalas Doces De Natal"},"content":{"rendered":"<p>&nbsp;<\/p>\n<p><span style=\"font-size:14px\"><span style=\"color:#000000\">Gra&ccedil;as ao seu mecanismo de &ecirc;mbolo, poder&aacute; retirar facilmente as figuras com detalhes em relevo finos e precisos. Ideal para decorar cupcakes, biscoitos e bolos com um estilo natalino profissional e divertido.<\/span><\/span><\/p>\n<p><span style=\"font-size:14px\"><span style=\"color:#000000\">F&aacute;ceis de limpar e perfeitos para projetos criativos na cozinha.<\/span><\/span><\/p>\n","protected":false},"excerpt":{"rendered":"<p>Conjunto de 3 cortadores com \u00eambolo em diferentes tamanhos da Wilton, permite criar encantadores bast\u00f5es de caramelo em massa de biscoitos, fondant, ma\u00e7ap\u00e3o, pasta de goma&#8230;<\/p>\n","protected":false},"featured_media":214491,"comment_status":"open","ping_status":"closed","template":"","meta":{"_acf_changed":false},"pwb-brand":[],"product_brand":[],"product_cat":[1788,3199,2907,2920,3087,1849,1866,1767],"product_tag":[],"class_list":{"0":"post-390718","1":"product","2":"type-product","3":"status-publish","4":"has-post-thumbnail","6":"product_cat-cortadores-de-cobre","7":"product_cat-cortadores-de-metal","8":"product_cat-festas","9":"product_cat-natal-2","10":"product_cat-ordem-e-armazenamento","11":"product_cat-fiestas","12":"product_cat-navidad","13":"product_cat-utensilios","15":"first","16":"instock","17":"taxable","18":"shipping-taxable","19":"purchasable","20":"product-type-simple"},"acf":[],"df_price":4.86,"df_sale_price":4.86,"df_regular_price":6.95,"df_image_link":"https:\/\/glotomania.com\/wp-content\/uploads\/2025\/10\/img_27748_33a7d55cfbf08f8b9ed20ebb16fa3ffc_1-300x300.jpg","brands":[],"_links":{"self":[{"href":"https:\/\/glotomania.com\/pt-pt\/wp-json\/wp\/v2\/product\/390718","targetHints":{"allow":["GET"]}}],"collection":[{"href":"https:\/\/glotomania.com\/pt-pt\/wp-json\/wp\/v2\/product"}],"about":[{"href":"https:\/\/glotomania.com\/pt-pt\/wp-json\/wp\/v2\/types\/product"}],"replies":[{"embeddable":true,"href":"https:\/\/glotomania.com\/pt-pt\/wp-json\/wp\/v2\/comments?post=390718"}],"wp:featuredmedia":[{"embeddable":true,"href":"https:\/\/glotomania.com\/pt-pt\/wp-json\/wp\/v2\/media\/214491"}],"wp:attachment":[{"href":"https:\/\/glotomania.com\/pt-pt\/wp-json\/wp\/v2\/media?parent=390718"}],"wp:term":[{"taxonomy":"pwb-brand","embeddable":true,"href":"https:\/\/glotomania.com\/pt-pt\/wp-json\/wp\/v2\/pwb-brand?post=390718"},{"taxonomy":"product_brand","embeddable":true,"href":"https:\/\/glotomania.com\/pt-pt\/wp-json\/wp\/v2\/product_brand?post=390718"},{"taxonomy":"product_cat","embeddable":true,"href":"https:\/\/glotomania.com\/pt-pt\/wp-json\/wp\/v2\/product_cat?post=390718"},{"taxonomy":"product_tag","embeddable":true,"href":"https:\/\/glotomania.com\/pt-pt\/wp-json\/wp\/v2\/product_tag?post=390718"}],"curies":[{"name":"wp","href":"https:\/\/api.w.org\/{rel}","templated":true}]}}