{"id":390726,"date":"2025-10-13T14:21:54","date_gmt":"2025-10-13T14:21:54","guid":{"rendered":"https:\/\/glotomania.com\/p\/set-stencils-plantillas-para-decorar-wilton-navidad-2\/"},"modified":"2026-04-14T05:38:49","modified_gmt":"2026-04-14T05:38:49","slug":"set-stencils-plantillas-para-decorar-wilton-navidad-2","status":"publish","type":"product","link":"https:\/\/glotomania.com\/pt-pt\/p\/set-stencils-plantillas-para-decorar-wilton-navidad-2\/","title":{"rendered":"Conjunto De Stencils Plantillas Para Decorar Wilton &#8211; Natal"},"content":{"rendered":"<p>&nbsp;<\/p>\n<p><span style=\"font-size: 14px\"><span>Fabricados em material reutiliz&aacute;vel e altamente dur&aacute;vel, gra&ccedil;as ao seu design resistente, pode limpar e reutilizar os est&ecirc;nceis v&aacute;rias vezes, garantindo uma utiliza&ccedil;&atilde;o prolongada em todas as suas celebra&ccedil;&otilde;es e projetos.<\/span><\/span><\/p>\n<p><span style=\"font-size: 14px\"><span>Estes stencils s&atilde;o perfeitos para usar com glac&ecirc;, a&ccedil;&uacute;car de confeiteiro, cacau em p&oacute;, sprays alimentares, corantes em p&oacute;, aer&oacute;grafo&#8230;<\/span><\/span><\/p>\n<p><span style=\"font-size: 14px\"><span>Este conjunto oferece uma fant&aacute;stica variedade de motivos de Natal, garantindo que ter&aacute; o stencil perfeito para cada ocasi&atilde;o.&nbsp;<\/span><\/span><\/p>\n","protected":false},"excerpt":{"rendered":"<p>Conjunto de 20 stencils com desenhos ador\u00e1veis e divertidos que permitem adicionar detalhes surpreendentes em segundos, dando um toque de Natal \u00e0s suas sobremesas de forma f\u00e1cil e precisa.<\/p>\n","protected":false},"featured_media":214511,"comment_status":"open","ping_status":"closed","template":"","meta":{"_acf_changed":false},"pwb-brand":[],"product_brand":[],"product_cat":[3106,1820,3135,2907,2920,3087,1919,1849,1866,1767],"product_tag":[],"class_list":{"0":"post-390726","1":"product","2":"type-product","3":"status-publish","4":"has-post-thumbnail","6":"product_cat-basicos-de-pastelaria","7":"product_cat-basicos","8":"product_cat-estencils-2","9":"product_cat-festas","10":"product_cat-natal-2","11":"product_cat-ordem-e-armazenamento","12":"product_cat-plantillas-tartas","13":"product_cat-fiestas","14":"product_cat-navidad","15":"product_cat-utensilios","17":"first","18":"instock","19":"taxable","20":"shipping-taxable","21":"purchasable","22":"product-type-simple"},"acf":[],"df_price":4.86,"df_sale_price":4.86,"df_regular_price":6.95,"df_image_link":"https:\/\/glotomania.com\/wp-content\/uploads\/2025\/10\/img_27779_c4fd80ca45f1c62bc5a1a372e380daa7_1-300x300.jpg","brands":[],"_links":{"self":[{"href":"https:\/\/glotomania.com\/pt-pt\/wp-json\/wp\/v2\/product\/390726","targetHints":{"allow":["GET"]}}],"collection":[{"href":"https:\/\/glotomania.com\/pt-pt\/wp-json\/wp\/v2\/product"}],"about":[{"href":"https:\/\/glotomania.com\/pt-pt\/wp-json\/wp\/v2\/types\/product"}],"replies":[{"embeddable":true,"href":"https:\/\/glotomania.com\/pt-pt\/wp-json\/wp\/v2\/comments?post=390726"}],"wp:featuredmedia":[{"embeddable":true,"href":"https:\/\/glotomania.com\/pt-pt\/wp-json\/wp\/v2\/media\/214511"}],"wp:attachment":[{"href":"https:\/\/glotomania.com\/pt-pt\/wp-json\/wp\/v2\/media?parent=390726"}],"wp:term":[{"taxonomy":"pwb-brand","embeddable":true,"href":"https:\/\/glotomania.com\/pt-pt\/wp-json\/wp\/v2\/pwb-brand?post=390726"},{"taxonomy":"product_brand","embeddable":true,"href":"https:\/\/glotomania.com\/pt-pt\/wp-json\/wp\/v2\/product_brand?post=390726"},{"taxonomy":"product_cat","embeddable":true,"href":"https:\/\/glotomania.com\/pt-pt\/wp-json\/wp\/v2\/product_cat?post=390726"},{"taxonomy":"product_tag","embeddable":true,"href":"https:\/\/glotomania.com\/pt-pt\/wp-json\/wp\/v2\/product_tag?post=390726"}],"curies":[{"name":"wp","href":"https:\/\/api.w.org\/{rel}","templated":true}]}}