{"id":390729,"date":"2025-10-13T14:22:22","date_gmt":"2025-10-13T14:22:22","guid":{"rendered":"https:\/\/glotomania.com\/p\/decoraciones-de-azucar-wilton-merry-christmas-2\/"},"modified":"2026-04-14T05:38:51","modified_gmt":"2026-04-14T05:38:51","slug":"decoraciones-de-azucar-wilton-merry-christmas-2","status":"publish","type":"product","link":"https:\/\/glotomania.com\/pt-pt\/p\/decoraciones-de-azucar-wilton-merry-christmas-2\/","title":{"rendered":"Decora\u00c7\u00d5es De A\u00c7\u00dacar Wilton &#8211; Merry Christmas"},"content":{"rendered":"","protected":false},"excerpt":{"rendered":"<p>8 ador\u00e1veis decora\u00e7\u00f5es de a\u00e7\u00facar (renas, Pai Natal, \u00e1rvores e bengalas doces de Natal), perfeitas para dar um toque natal\u00edcio e alegre aos seus cupcakes, bolos, biscoitos e outras sobremesas.<\/p>\n","protected":false},"featured_media":214518,"comment_status":"open","ping_status":"closed","template":"","meta":{"_acf_changed":false},"pwb-brand":[],"product_brand":[],"product_cat":[1839,2979,1832,2907,2988,1999,2997,1901,1902,2999,2920,2996,1849,1866],"product_tag":[],"class_list":{"0":"post-390729","1":"product","2":"type-product","3":"status-publish","4":"has-post-thumbnail","6":"product_cat-decoracion-comestible","7":"product_cat-decoracoes-comestiveis-2","8":"product_cat-diestas-especiales","9":"product_cat-festas","10":"product_cat-figuras-de-acucar-comestiveis-2","11":"product_cat-figuras-de-azucar","12":"product_cat-halal","13":"product_cat-dieta-halal","14":"product_cat-dieta-kosher","15":"product_cat-kosher-2","16":"product_cat-natal-2","17":"product_cat-produtos-vegetarianos","18":"product_cat-fiestas","19":"product_cat-navidad","21":"first","22":"instock","23":"taxable","24":"shipping-taxable","25":"purchasable","26":"product-type-simple"},"acf":[],"df_price":3.47,"df_sale_price":3.47,"df_regular_price":4.95,"df_image_link":"https:\/\/glotomania.com\/wp-content\/uploads\/2025\/10\/img_27795_89e499180d384220da86dadfd8ab103f_1-300x300.jpg","brands":[],"_links":{"self":[{"href":"https:\/\/glotomania.com\/pt-pt\/wp-json\/wp\/v2\/product\/390729","targetHints":{"allow":["GET"]}}],"collection":[{"href":"https:\/\/glotomania.com\/pt-pt\/wp-json\/wp\/v2\/product"}],"about":[{"href":"https:\/\/glotomania.com\/pt-pt\/wp-json\/wp\/v2\/types\/product"}],"replies":[{"embeddable":true,"href":"https:\/\/glotomania.com\/pt-pt\/wp-json\/wp\/v2\/comments?post=390729"}],"wp:featuredmedia":[{"embeddable":true,"href":"https:\/\/glotomania.com\/pt-pt\/wp-json\/wp\/v2\/media\/214518"}],"wp:attachment":[{"href":"https:\/\/glotomania.com\/pt-pt\/wp-json\/wp\/v2\/media?parent=390729"}],"wp:term":[{"taxonomy":"pwb-brand","embeddable":true,"href":"https:\/\/glotomania.com\/pt-pt\/wp-json\/wp\/v2\/pwb-brand?post=390729"},{"taxonomy":"product_brand","embeddable":true,"href":"https:\/\/glotomania.com\/pt-pt\/wp-json\/wp\/v2\/product_brand?post=390729"},{"taxonomy":"product_cat","embeddable":true,"href":"https:\/\/glotomania.com\/pt-pt\/wp-json\/wp\/v2\/product_cat?post=390729"},{"taxonomy":"product_tag","embeddable":true,"href":"https:\/\/glotomania.com\/pt-pt\/wp-json\/wp\/v2\/product_tag?post=390729"}],"curies":[{"name":"wp","href":"https:\/\/api.w.org\/{rel}","templated":true}]}}