{"id":390730,"date":"2025-10-13T14:22:29","date_gmt":"2025-10-13T14:22:29","guid":{"rendered":"https:\/\/glotomania.com\/p\/decoraciones-de-azucar-wilton-sparkling-celebration-2\/"},"modified":"2026-04-14T05:38:51","modified_gmt":"2026-04-14T05:38:51","slug":"decoraciones-de-azucar-wilton-sparkling-celebration-2","status":"publish","type":"product","link":"https:\/\/glotomania.com\/pt-pt\/p\/decoraciones-de-azucar-wilton-sparkling-celebration-2\/","title":{"rendered":"Decora\u00c7\u00d5es De A\u00c7\u00dacar Wilton &#8211; Sparkling Celebration"},"content":{"rendered":"","protected":false},"excerpt":{"rendered":"<p>8 ador\u00e1veis decora\u00e7\u00f5es de a\u00e7\u00facar (fogos de artif\u00edcio, estrela dourada, ta\u00e7a e garrafa de champanhe), perfeitas para dar um toque festivo e alegre \u00e0s suas sobremesas de Ano Novo e outras celebra\u00e7\u00f5es especiais.<\/p>\n","protected":false},"featured_media":214522,"comment_status":"open","ping_status":"closed","template":"","meta":{"_acf_changed":false},"pwb-brand":[],"product_brand":[],"product_cat":[2910,2979,2979,2204,2996,2907,2988,2988,2997,2997,2999,2999,2920,2996,2910,2907,2920],"product_tag":[],"class_list":{"0":"post-390730","1":"product","2":"type-product","3":"status-publish","4":"has-post-thumbnail","6":"product_cat-casamentos-2","7":"product_cat-decoracoes-comestiveis-2","9":"product_cat-dias-especiales","10":"product_cat-produtos-vegetarianos","11":"product_cat-festas","12":"product_cat-figuras-de-acucar-comestiveis-2","14":"product_cat-halal","16":"product_cat-kosher-2","18":"product_cat-natal-2","24":"first","25":"instock","26":"taxable","27":"shipping-taxable","28":"purchasable","29":"product-type-simple"},"acf":[],"df_price":3.47,"df_sale_price":3.47,"df_regular_price":4.95,"df_image_link":"https:\/\/glotomania.com\/wp-content\/uploads\/2025\/10\/img_27798_6b77fd8628a5bd77c940ee0927dd9bcb_1-300x300.jpg","brands":[],"_links":{"self":[{"href":"https:\/\/glotomania.com\/pt-pt\/wp-json\/wp\/v2\/product\/390730","targetHints":{"allow":["GET"]}}],"collection":[{"href":"https:\/\/glotomania.com\/pt-pt\/wp-json\/wp\/v2\/product"}],"about":[{"href":"https:\/\/glotomania.com\/pt-pt\/wp-json\/wp\/v2\/types\/product"}],"replies":[{"embeddable":true,"href":"https:\/\/glotomania.com\/pt-pt\/wp-json\/wp\/v2\/comments?post=390730"}],"wp:featuredmedia":[{"embeddable":true,"href":"https:\/\/glotomania.com\/pt-pt\/wp-json\/wp\/v2\/media\/214522"}],"wp:attachment":[{"href":"https:\/\/glotomania.com\/pt-pt\/wp-json\/wp\/v2\/media?parent=390730"}],"wp:term":[{"taxonomy":"pwb-brand","embeddable":true,"href":"https:\/\/glotomania.com\/pt-pt\/wp-json\/wp\/v2\/pwb-brand?post=390730"},{"taxonomy":"product_brand","embeddable":true,"href":"https:\/\/glotomania.com\/pt-pt\/wp-json\/wp\/v2\/product_brand?post=390730"},{"taxonomy":"product_cat","embeddable":true,"href":"https:\/\/glotomania.com\/pt-pt\/wp-json\/wp\/v2\/product_cat?post=390730"},{"taxonomy":"product_tag","embeddable":true,"href":"https:\/\/glotomania.com\/pt-pt\/wp-json\/wp\/v2\/product_tag?post=390730"}],"curies":[{"name":"wp","href":"https:\/\/api.w.org\/{rel}","templated":true}]}}