{"id":390744,"date":"2025-10-14T10:19:39","date_gmt":"2025-10-14T10:19:39","guid":{"rendered":"https:\/\/glotomania.com\/p\/cacao-en-polvo-puro-pastkolor-200-g-2\/"},"modified":"2026-04-27T11:26:21","modified_gmt":"2026-04-27T11:26:21","slug":"cacao-en-polvo-puro-pastkolor-200-g-2","status":"publish","type":"product","link":"https:\/\/glotomania.com\/pt-pt\/p\/cacao-en-polvo-puro-pastkolor-200-g-2\/","title":{"rendered":"Cacau Em P\u00d3 Puro Pastkolor &#8211; 200 G"},"content":{"rendered":"<p>&nbsp;<\/p>\n<p><span style=\"font-size:14px\"><span style=\"color:#000000\">Elaborado com um processo que inclui a alcaliniza&ccedil;&atilde;o, este cacau apresenta uma <strong>cor mais intensa<\/strong> e um <strong>sabor mais suave e uniforme<\/strong>, perfeito para as suas receitas de pastelaria, chocolates e bebidas quentes. O seu teor de manteiga de cacau (entre 10 e 12%) contribui para uma <strong>textura agrad&aacute;vel<\/strong> e um <strong>acabamento brilhante<\/strong> nas suas prepara&ccedil;&otilde;es. &nbsp;<\/span><\/span><\/p>\n<p><span style=\"font-size:14px\"><span style=\"color:#000000\">Seja para real&ccedil;ar as suas sobremesas ou preparar bebidas reconfortantes, o nosso cacau em p&oacute; puro &eacute; a escolha ideal para obter resultados de alta qualidade em cada receita.<\/span><\/span><\/p>\n","protected":false},"excerpt":{"rendered":"<p>Desfrute do aut\u00eantico sabor do cacau com o nosso cacau em p\u00f3 puro, alcalino, natural, sem gl\u00faten nem alerg\u00e9nios, ideal para receitas deliciosas.<\/p>\n","protected":false},"featured_media":215401,"comment_status":"open","ping_status":"closed","template":"","meta":{"_acf_changed":false},"pwb-brand":[],"product_brand":[],"product_cat":[2905,1829],"product_tag":[],"class_list":{"0":"post-390744","1":"product","2":"type-product","3":"status-publish","4":"has-post-thumbnail","6":"product_cat-data-de-expiracao-proxima","7":"product_cat-ingredientes","9":"first","10":"instock","11":"taxable","12":"shipping-taxable","13":"purchasable","14":"product-type-simple"},"acf":[],"df_price":12.75,"df_sale_price":"","df_regular_price":12.75,"df_image_link":"https:\/\/glotomania.com\/wp-content\/uploads\/2025\/10\/img_27836_ed673869496ee72de1a6bf5ccc362cbc_1-300x300.jpg","brands":[],"_links":{"self":[{"href":"https:\/\/glotomania.com\/pt-pt\/wp-json\/wp\/v2\/product\/390744","targetHints":{"allow":["GET"]}}],"collection":[{"href":"https:\/\/glotomania.com\/pt-pt\/wp-json\/wp\/v2\/product"}],"about":[{"href":"https:\/\/glotomania.com\/pt-pt\/wp-json\/wp\/v2\/types\/product"}],"replies":[{"embeddable":true,"href":"https:\/\/glotomania.com\/pt-pt\/wp-json\/wp\/v2\/comments?post=390744"}],"wp:featuredmedia":[{"embeddable":true,"href":"https:\/\/glotomania.com\/pt-pt\/wp-json\/wp\/v2\/media\/215401"}],"wp:attachment":[{"href":"https:\/\/glotomania.com\/pt-pt\/wp-json\/wp\/v2\/media?parent=390744"}],"wp:term":[{"taxonomy":"pwb-brand","embeddable":true,"href":"https:\/\/glotomania.com\/pt-pt\/wp-json\/wp\/v2\/pwb-brand?post=390744"},{"taxonomy":"product_brand","embeddable":true,"href":"https:\/\/glotomania.com\/pt-pt\/wp-json\/wp\/v2\/product_brand?post=390744"},{"taxonomy":"product_cat","embeddable":true,"href":"https:\/\/glotomania.com\/pt-pt\/wp-json\/wp\/v2\/product_cat?post=390744"},{"taxonomy":"product_tag","embeddable":true,"href":"https:\/\/glotomania.com\/pt-pt\/wp-json\/wp\/v2\/product_tag?post=390744"}],"curies":[{"name":"wp","href":"https:\/\/api.w.org\/{rel}","templated":true}]}}