{"id":390746,"date":"2025-11-03T10:31:53","date_gmt":"2025-11-03T10:31:53","guid":{"rendered":"https:\/\/glotomania.com\/p\/marcadores-de-letras-y-simbolos-para-galletas-2\/"},"modified":"2026-03-20T19:42:13","modified_gmt":"2026-03-20T19:42:13","slug":"marcadores-de-letras-y-simbolos-para-galletas-2","status":"publish","type":"product","link":"https:\/\/glotomania.com\/pt-pt\/p\/marcadores-de-letras-y-simbolos-para-galletas-2\/","title":{"rendered":"Marcadores De Letras E S\u00cdmbolos Para Biscoitos"},"content":{"rendered":"<p>&nbsp;<\/p>\n<p><span style=\"font-size: 14px\"><span>Inclui 64&nbsp;caracteres diferentes, com 26 letras mai&uacute;sculas, 26 letras min&uacute;sculas&nbsp;e 12&nbsp;s&iacute;mbolos\u200b, todos equipados com&nbsp;<strong>cabos confort&aacute;veis<\/strong>, numa cor roxo vibrante. A ferramenta perfeita para personalizar os nossos biscoitos, bolos, sobremesas e artesanato com nomes, frases, datas ou decora&ccedil;&otilde;es especiais para qualquer ocasi&atilde;o.<\/span><\/span><\/p>\n<p><span style=\"font-size: 14px\"><span>Fabricados em pl&aacute;stico de qualidade alimentar, s&atilde;o seguros e resistentes, ideais para artistas culin&aacute;rios e aficionados por bricolagem. F&aacute;ceis de limpar, basta enxaguar com &aacute;gua morna. Recomenda-se n&atilde;o mergulhar em &aacute;gua a ferver.<\/span><\/span><\/p>\n<p><span style=\"font-size: 14px\"><span>F&aacute;ceis de usar, basta pressionar os cortadores na massa ou no fondant.&nbsp;<\/span><\/span><\/p>\n<p><span style=\"font-size: 14px\"><span><strong>Medidas aproximadas:<\/strong>&nbsp;1,5 &#8211; 2&nbsp;cm.<\/span><\/span><\/p>\n","protected":false},"excerpt":{"rendered":"<p>Inclui 64 marcadores com as letras do alfabeto, tanto mai\u00fasculas como min\u00fasculas; e os s\u00edmbolos ? \/ ! \/ \u00a1 \/ &#8216; \/ = \/ &amp; \/ + \/ * \/ \u00b7 \/ % \/ $ \/ \u00a3.<\/p>\n","protected":false},"featured_media":234133,"comment_status":"open","ping_status":"closed","template":"","meta":{"_acf_changed":false},"pwb-brand":[],"product_brand":[],"product_cat":[1788,3199,3215,3214,1801,1809,3087,1767],"product_tag":[],"class_list":{"0":"post-390746","1":"product","2":"type-product","3":"status-publish","4":"has-post-thumbnail","6":"product_cat-cortadores-de-cobre","7":"product_cat-cortadores-de-metal","8":"product_cat-marcadores","9":"product_cat-moldes-de-pastelaria","10":"product_cat-moldes","11":"product_cat-moldes-marcadores","12":"product_cat-ordem-e-armazenamento","13":"product_cat-utensilios","15":"first","16":"instock","17":"taxable","18":"shipping-taxable","19":"purchasable","20":"product-type-simple"},"acf":[],"df_price":4.5,"df_sale_price":"","df_regular_price":4.5,"df_image_link":"https:\/\/glotomania.com\/wp-content\/uploads\/2025\/11\/img_27854_d0abbb41071f7032786234e238f6ecd2_1-300x300.jpg","brands":[],"_links":{"self":[{"href":"https:\/\/glotomania.com\/pt-pt\/wp-json\/wp\/v2\/product\/390746","targetHints":{"allow":["GET"]}}],"collection":[{"href":"https:\/\/glotomania.com\/pt-pt\/wp-json\/wp\/v2\/product"}],"about":[{"href":"https:\/\/glotomania.com\/pt-pt\/wp-json\/wp\/v2\/types\/product"}],"replies":[{"embeddable":true,"href":"https:\/\/glotomania.com\/pt-pt\/wp-json\/wp\/v2\/comments?post=390746"}],"wp:featuredmedia":[{"embeddable":true,"href":"https:\/\/glotomania.com\/pt-pt\/wp-json\/wp\/v2\/media\/234133"}],"wp:attachment":[{"href":"https:\/\/glotomania.com\/pt-pt\/wp-json\/wp\/v2\/media?parent=390746"}],"wp:term":[{"taxonomy":"pwb-brand","embeddable":true,"href":"https:\/\/glotomania.com\/pt-pt\/wp-json\/wp\/v2\/pwb-brand?post=390746"},{"taxonomy":"product_brand","embeddable":true,"href":"https:\/\/glotomania.com\/pt-pt\/wp-json\/wp\/v2\/product_brand?post=390746"},{"taxonomy":"product_cat","embeddable":true,"href":"https:\/\/glotomania.com\/pt-pt\/wp-json\/wp\/v2\/product_cat?post=390746"},{"taxonomy":"product_tag","embeddable":true,"href":"https:\/\/glotomania.com\/pt-pt\/wp-json\/wp\/v2\/product_tag?post=390746"}],"curies":[{"name":"wp","href":"https:\/\/api.w.org\/{rel}","templated":true}]}}