{"id":390783,"date":"2025-11-06T12:28:21","date_gmt":"2025-11-06T12:28:21","guid":{"rendered":"https:\/\/glotomania.com\/p\/chocolate-para-modelar-con-manteca-de-cacao-creativa-by-margherita-ferrara-1-kg-2\/"},"modified":"2026-03-11T04:20:30","modified_gmt":"2026-03-11T04:20:30","slug":"chocolate-para-modelar-con-manteca-de-cacao-creativa-by-margherita-ferrara-1-kg-2","status":"publish","type":"product","link":"https:\/\/glotomania.com\/pt-pt\/p\/chocolate-para-modelar-con-manteca-de-cacao-creativa-by-margherita-ferrara-1-kg-2\/","title":{"rendered":"Chocolate Para Modelar Com Manteiga De Cacau &#8220;creativa By Margherita Ferrara&#8221; &#8211; 1 Kg"},"content":{"rendered":"<p>&nbsp;<\/p>\n<p><span style=\"font-size:14px\"><span style=\"color:#000000\"><strong>Caracter&iacute;sticas principais:<\/strong><\/span><\/span><\/p>\n<ul>\n<li><span style=\"font-size:14px\"><span style=\"color:#000000\">Cor castanha chocolate.<\/span><\/span><\/li>\n<li><span style=\"font-size:14px\"><span style=\"color:#000000\">Textura pl&aacute;stica, rica e flex&iacute;vel gra&ccedil;as &agrave; manteiga de cacau.<\/span><\/span><\/li>\n<li><span style=\"font-size:14px\"><span style=\"color:#000000\">Sabor suave a chocolate com notas de baunilha.<\/span><\/span><\/li>\n<li><span style=\"font-size:14px\"><span style=\"color:#000000\">F&aacute;cil de trabalhar e moldar sem rachar.<\/span><\/span><\/li>\n<li><span style=\"font-size:14px\"><span style=\"color:#000000\">Permite modelar figuras tridimensionais detalhadas.<\/span><\/span><\/li>\n<li><span style=\"font-size:14px\"><span style=\"color:#000000\">Ideal para cobrir e decorar bolos, cupcakes, biscoitos e flores.<\/span><\/span><\/li>\n<\/ul>\n<p><span style=\"font-size:14px\"><span style=\"color:#000000\"><strong>Recomenda&ccedil;&atilde;o de uso:<\/strong><br \/>\nAmasse bem antes de usar at&eacute; ficar macio e el&aacute;stico. Para cobrir, estique com um rolo sobre uma superf&iacute;cie levemente polvilhada com a&ccedil;&uacute;car de confeiteiro ou amido de milho.<\/span><\/span><\/p>\n","protected":false},"excerpt":{"rendered":"<p>Chocolate pl\u00e1stico ideal para criar figuras e decora\u00e7\u00f5es tanto de pequeno como de grande tamanho. Adapta-se a qualquer necessidade de modelagem e oferece um acabamento suave e profissional.<\/p>\n","protected":false},"featured_media":237562,"comment_status":"open","ping_status":"closed","template":"","meta":{"_acf_changed":false},"pwb-brand":[],"product_brand":[],"product_cat":[3042,1945,2905,1829,3040,1906],"product_tag":[],"class_list":{"0":"post-390783","1":"product","2":"type-product","3":"status-publish","4":"has-post-thumbnail","6":"product_cat-chocolate-plastico-para-modelacao","7":"product_cat-chocolate-modelar","8":"product_cat-data-de-expiracao-proxima","9":"product_cat-ingredientes","10":"product_cat-pasta-de-modelar-the-sugar-paste","11":"product_cat-pasta-modelado","13":"first","14":"instock","15":"taxable","16":"shipping-taxable","17":"purchasable","18":"product-type-simple"},"acf":[],"df_price":31.23,"df_sale_price":"","df_regular_price":33.95,"df_image_link":"https:\/\/glotomania.com\/wp-content\/uploads\/2025\/11\/img_27988_1f10b7fe25a9e1d324810a5d8b05c33b_1-300x300.jpg","brands":[],"_links":{"self":[{"href":"https:\/\/glotomania.com\/pt-pt\/wp-json\/wp\/v2\/product\/390783","targetHints":{"allow":["GET"]}}],"collection":[{"href":"https:\/\/glotomania.com\/pt-pt\/wp-json\/wp\/v2\/product"}],"about":[{"href":"https:\/\/glotomania.com\/pt-pt\/wp-json\/wp\/v2\/types\/product"}],"replies":[{"embeddable":true,"href":"https:\/\/glotomania.com\/pt-pt\/wp-json\/wp\/v2\/comments?post=390783"}],"wp:featuredmedia":[{"embeddable":true,"href":"https:\/\/glotomania.com\/pt-pt\/wp-json\/wp\/v2\/media\/237562"}],"wp:attachment":[{"href":"https:\/\/glotomania.com\/pt-pt\/wp-json\/wp\/v2\/media?parent=390783"}],"wp:term":[{"taxonomy":"pwb-brand","embeddable":true,"href":"https:\/\/glotomania.com\/pt-pt\/wp-json\/wp\/v2\/pwb-brand?post=390783"},{"taxonomy":"product_brand","embeddable":true,"href":"https:\/\/glotomania.com\/pt-pt\/wp-json\/wp\/v2\/product_brand?post=390783"},{"taxonomy":"product_cat","embeddable":true,"href":"https:\/\/glotomania.com\/pt-pt\/wp-json\/wp\/v2\/product_cat?post=390783"},{"taxonomy":"product_tag","embeddable":true,"href":"https:\/\/glotomania.com\/pt-pt\/wp-json\/wp\/v2\/product_tag?post=390783"}],"curies":[{"name":"wp","href":"https:\/\/api.w.org\/{rel}","templated":true}]}}