{"id":390786,"date":"2025-11-06T12:28:43","date_gmt":"2025-11-06T12:28:43","guid":{"rendered":"https:\/\/glotomania.com\/p\/pasta-de-modelar-edicion-especial-creativa-by-margherita-ferrara-250-g-2\/"},"modified":"2026-03-11T04:20:37","modified_gmt":"2026-03-11T04:20:37","slug":"pasta-de-modelar-edicion-especial-creativa-by-margherita-ferrara-250-g-2","status":"publish","type":"product","link":"https:\/\/glotomania.com\/pt-pt\/p\/pasta-de-modelar-edicion-especial-creativa-by-margherita-ferrara-250-g-2\/","title":{"rendered":"Pasta De Modelar Edi\u00c7\u00c3o Especial &#8220;creativa By Margherita Ferrara&#8221; &#8211; 250 G"},"content":{"rendered":"<p>&nbsp;<\/p>\n<p><span style=\"color:#000000\"><span style=\"font-size:14px\"><strong>Caracter&iacute;sticas principais:<\/strong><\/span><\/span><\/p>\n<ul>\n<li><span style=\"color:#000000\"><span style=\"font-size:14px\">Cor branca.<\/span><\/span><\/li>\n<li><span style=\"color:#000000\"><span style=\"font-size:14px\">Pasta para modelar sem manteiga de cacau.<\/span><\/span><\/li>\n<li><span style=\"color:#000000\"><span style=\"font-size:14px\">N&atilde;o cola nem se parte durante o trabalho.<\/span><\/span><\/li>\n<li><span style=\"color:#000000\"><span style=\"font-size:14px\">El&aacute;stica e male&aacute;vel, ideal para modelar detalhes finos, uni&otilde;es e figuras 3D.<\/span><\/span><\/li>\n<li><span style=\"color:#000000\"><span style=\"font-size:14px\">Boa secagem e excelente trabalhabilidade.<\/span><\/span><\/li>\n<li><span style=\"color:#000000\"><span style=\"font-size:14px\">Produto para uso profissional em pastelaria criativa.<\/span><\/span><\/li>\n<\/ul>\n<p><span style=\"color:#000000\"><span style=\"font-size:14px\"><strong>Recomenda&ccedil;&atilde;o de uso:<\/strong><br \/>\nAmasse antes de usar at&eacute; adquirir uma textura macia e el&aacute;stica. Modele ou estique conforme necess&aacute;rio.&nbsp;<\/span><\/span><\/p>\n","protected":false},"excerpt":{"rendered":"<p>Pasta para modelar sem manteiga de cacau. A sua textura compacta e el\u00e1stica permite modelar facilmente figuras tridimensionais e realizar decora\u00e7\u00f5es detalhadas com um acabamento profissional.<\/p>\n","protected":false},"featured_media":237147,"comment_status":"open","ping_status":"closed","template":"","meta":{"_acf_changed":false},"pwb-brand":[],"product_brand":[],"product_cat":[2905,1829,3040,1906],"product_tag":[],"class_list":{"0":"post-390786","1":"product","2":"type-product","3":"status-publish","4":"has-post-thumbnail","6":"product_cat-data-de-expiracao-proxima","7":"product_cat-ingredientes","8":"product_cat-pasta-de-modelar-the-sugar-paste","9":"product_cat-pasta-modelado","11":"first","12":"instock","13":"taxable","14":"shipping-taxable","15":"purchasable","16":"product-type-simple"},"acf":[],"df_price":6.95,"df_sale_price":"","df_regular_price":6.95,"df_image_link":"https:\/\/glotomania.com\/wp-content\/uploads\/2025\/11\/img_27991_9d63f6961f04c519a49653a3e614f212_1-300x300.jpg","brands":[],"_links":{"self":[{"href":"https:\/\/glotomania.com\/pt-pt\/wp-json\/wp\/v2\/product\/390786","targetHints":{"allow":["GET"]}}],"collection":[{"href":"https:\/\/glotomania.com\/pt-pt\/wp-json\/wp\/v2\/product"}],"about":[{"href":"https:\/\/glotomania.com\/pt-pt\/wp-json\/wp\/v2\/types\/product"}],"replies":[{"embeddable":true,"href":"https:\/\/glotomania.com\/pt-pt\/wp-json\/wp\/v2\/comments?post=390786"}],"wp:featuredmedia":[{"embeddable":true,"href":"https:\/\/glotomania.com\/pt-pt\/wp-json\/wp\/v2\/media\/237147"}],"wp:attachment":[{"href":"https:\/\/glotomania.com\/pt-pt\/wp-json\/wp\/v2\/media?parent=390786"}],"wp:term":[{"taxonomy":"pwb-brand","embeddable":true,"href":"https:\/\/glotomania.com\/pt-pt\/wp-json\/wp\/v2\/pwb-brand?post=390786"},{"taxonomy":"product_brand","embeddable":true,"href":"https:\/\/glotomania.com\/pt-pt\/wp-json\/wp\/v2\/product_brand?post=390786"},{"taxonomy":"product_cat","embeddable":true,"href":"https:\/\/glotomania.com\/pt-pt\/wp-json\/wp\/v2\/product_cat?post=390786"},{"taxonomy":"product_tag","embeddable":true,"href":"https:\/\/glotomania.com\/pt-pt\/wp-json\/wp\/v2\/product_tag?post=390786"}],"curies":[{"name":"wp","href":"https:\/\/api.w.org\/{rel}","templated":true}]}}