{"id":390823,"date":"2025-11-18T13:44:33","date_gmt":"2025-11-18T13:44:33","guid":{"rendered":"https:\/\/glotomania.com\/p\/envoltorios-para-caramelos-transparentes-wilton-2\/"},"modified":"2026-03-11T06:02:44","modified_gmt":"2026-03-11T06:02:44","slug":"envoltorios-para-caramelos-transparentes-wilton-2","status":"publish","type":"product","link":"https:\/\/glotomania.com\/pt-pt\/p\/envoltorios-para-caramelos-transparentes-wilton-2\/","title":{"rendered":"Papeles Transparentes Para Rebu\u00c7ados &#8211; Wilton"},"content":{"rendered":"<p>&nbsp;<\/p>\n<p><span style=\"font-size:14px\"><span style=\"color:#000000\">Fabricados em <strong>celofane transparente<\/strong>, mant&ecirc;m os seus doces frescos e permitem que as suas cores e texturas brilhem com todo o seu encanto.<\/span><\/span><\/p>\n<p><span style=\"font-size:14px\"><span style=\"color:#000000\">T&ecirc;m o tamanho ideal para torcer ou dobrar facilmente em torno dos seus doces favoritos. Seja para lembran&ccedil;as de festas, presentes caseiros ou vendas artesanais, estes pap&eacute;is oferecem um acabamento limpo, profissional e atraente em todas as ocasi&otilde;es.<\/span><\/span><\/p>\n<p><span style=\"font-size:14px\"><span style=\"color:#000000\"><strong>Dimens&otilde;es aproximadas: <\/strong>10 x 10 cm.<\/span><\/span><\/p>\n","protected":false},"excerpt":{"rendered":"<p>Inclui 100 pap\u00e9is para doces Wilton, perfeitos para embrulhar bombons, rebu\u00e7ados, alca\u00e7uz e outras pequenas guloseimas.<\/p>\n","protected":false},"featured_media":295287,"comment_status":"open","ping_status":"closed","template":"","meta":{"_acf_changed":false,"_joinchat":[]},"pwb-brand":[],"product_brand":[],"product_cat":[3087,3149,3153,2006,2005,1767],"product_tag":[],"class_list":{"0":"post-390823","1":"product","2":"type-product","3":"status-publish","4":"has-post-thumbnail","6":"product_cat-ordem-e-armazenamento","7":"product_cat-sacos-de-pastelaria-2","8":"product_cat-sacos-para-doces-2","9":"product_cat-bolsas-dulces","10":"product_cat-bolsas","11":"product_cat-utensilios","13":"first","14":"instock","15":"taxable","16":"shipping-taxable","17":"purchasable","18":"product-type-simple"},"acf":[],"df_price":3.57,"df_sale_price":"","df_regular_price":3.57,"df_image_link":"https:\/\/glotomania.com\/wp-content\/uploads\/2025\/11\/img_28100_c54146b4ffd0e1f5cef54c4649a73fb6_1-300x300.jpg","brands":[],"_links":{"self":[{"href":"https:\/\/glotomania.com\/pt-pt\/wp-json\/wp\/v2\/product\/390823","targetHints":{"allow":["GET"]}}],"collection":[{"href":"https:\/\/glotomania.com\/pt-pt\/wp-json\/wp\/v2\/product"}],"about":[{"href":"https:\/\/glotomania.com\/pt-pt\/wp-json\/wp\/v2\/types\/product"}],"replies":[{"embeddable":true,"href":"https:\/\/glotomania.com\/pt-pt\/wp-json\/wp\/v2\/comments?post=390823"}],"wp:featuredmedia":[{"embeddable":true,"href":"https:\/\/glotomania.com\/pt-pt\/wp-json\/wp\/v2\/media\/295287"}],"wp:attachment":[{"href":"https:\/\/glotomania.com\/pt-pt\/wp-json\/wp\/v2\/media?parent=390823"}],"wp:term":[{"taxonomy":"pwb-brand","embeddable":true,"href":"https:\/\/glotomania.com\/pt-pt\/wp-json\/wp\/v2\/pwb-brand?post=390823"},{"taxonomy":"product_brand","embeddable":true,"href":"https:\/\/glotomania.com\/pt-pt\/wp-json\/wp\/v2\/product_brand?post=390823"},{"taxonomy":"product_cat","embeddable":true,"href":"https:\/\/glotomania.com\/pt-pt\/wp-json\/wp\/v2\/product_cat?post=390823"},{"taxonomy":"product_tag","embeddable":true,"href":"https:\/\/glotomania.com\/pt-pt\/wp-json\/wp\/v2\/product_tag?post=390823"}],"curies":[{"name":"wp","href":"https:\/\/api.w.org\/{rel}","templated":true}]}}