{"id":390826,"date":"2026-01-13T12:07:49","date_gmt":"2026-01-13T12:07:49","guid":{"rendered":"https:\/\/glotomania.com\/p\/alisador-de-fondant-doble-dr-oetker-2\/"},"modified":"2026-03-20T13:05:04","modified_gmt":"2026-03-20T13:05:04","slug":"alisador-de-fondant-doble-dr-oetker-2","status":"publish","type":"product","link":"https:\/\/glotomania.com\/pt-pt\/p\/alisador-de-fondant-doble-dr-oetker-2\/","title":{"rendered":"Alisador De Fondant Duplo \u2013 Dr. Oetker"},"content":{"rendered":"<p data-end=\"515\" data-start=\"0\">&nbsp;<\/p>\n<p data-end=\"515\" data-start=\"0\"><span style=\"font-size:14px\"><span style=\"color:#000000\">Gra&ccedil;as &agrave; sua <strong>superf&iacute;cie antiaderente<\/strong>, deslizam suavemente sobre o fondant, permitindo alisar &aacute;reas pequenas e grandes com total controle. O <strong>alisador grande<\/strong> &eacute; ideal para cobrir superf&iacute;cies amplas de bolos, enquanto o <strong>alisador pequeno<\/strong> &eacute; perfeito para definir bordas, cantos e detalhes com m&aacute;xima precis&atilde;o.<\/span><\/span><\/p>\n<p data-end=\"615\" data-start=\"517\"><span style=\"font-size:14px\"><span style=\"color:#000000\">Design ergon&ocirc;mico para um uso confort&aacute;vel e preciso. Pode ir &agrave; lava-lou&ccedil;as, facilitando a limpeza.<\/span><\/span><\/p>\n<p data-end=\"699\" data-is-last-node=\"\" data-is-only-node=\"\" data-start=\"617\"><span style=\"font-size:14px\"><span style=\"color:#000000\"><strong>Dimens&otilde;es aproximadas: <\/strong><u>Alisador grande<\/u>&nbsp;17 &times; 8 cm &ndash; <u>Alisador pequeno<\/u>&nbsp;11 &times; 6 cm.<\/span><\/span><\/p>\n","protected":false},"excerpt":{"rendered":"<p>Conjunto de 2 alisadores Dr. Oetker, desenvolvido para trabalhar com precis\u00e3o tanto fondant quanto ma\u00e7ap\u00e3o, proporcionando um acabamento liso, uniforme e sem marcas.<\/p>\n","protected":false},"featured_media":375711,"comment_status":"open","ping_status":"closed","template":"","meta":{"_acf_changed":false},"pwb-brand":[],"product_brand":[],"product_cat":[3106,1820,3120,1943,2773,3087,1767],"product_tag":[],"class_list":{"0":"post-390826","1":"product","2":"type-product","3":"status-publish","4":"has-post-thumbnail","6":"product_cat-basicos-de-pastelaria","7":"product_cat-basicos","8":"product_cat-espatulas-e-alisadores-2","9":"product_cat-espatulas-y-alisadores","10":"product_cat-fondant-sin-gluten","11":"product_cat-ordem-e-armazenamento","12":"product_cat-utensilios","14":"first","15":"instock","16":"taxable","17":"shipping-taxable","18":"purchasable","19":"product-type-simple"},"acf":[],"df_price":6.95,"df_sale_price":"","df_regular_price":6.95,"df_image_link":"https:\/\/glotomania.com\/wp-content\/uploads\/2026\/01\/img_28125_8320f6b9d2f76950b98fda15aac9d944_1.jpg","brands":[],"_links":{"self":[{"href":"https:\/\/glotomania.com\/pt-pt\/wp-json\/wp\/v2\/product\/390826","targetHints":{"allow":["GET"]}}],"collection":[{"href":"https:\/\/glotomania.com\/pt-pt\/wp-json\/wp\/v2\/product"}],"about":[{"href":"https:\/\/glotomania.com\/pt-pt\/wp-json\/wp\/v2\/types\/product"}],"replies":[{"embeddable":true,"href":"https:\/\/glotomania.com\/pt-pt\/wp-json\/wp\/v2\/comments?post=390826"}],"wp:featuredmedia":[{"embeddable":true,"href":"https:\/\/glotomania.com\/pt-pt\/wp-json\/wp\/v2\/media\/375711"}],"wp:attachment":[{"href":"https:\/\/glotomania.com\/pt-pt\/wp-json\/wp\/v2\/media?parent=390826"}],"wp:term":[{"taxonomy":"pwb-brand","embeddable":true,"href":"https:\/\/glotomania.com\/pt-pt\/wp-json\/wp\/v2\/pwb-brand?post=390826"},{"taxonomy":"product_brand","embeddable":true,"href":"https:\/\/glotomania.com\/pt-pt\/wp-json\/wp\/v2\/product_brand?post=390826"},{"taxonomy":"product_cat","embeddable":true,"href":"https:\/\/glotomania.com\/pt-pt\/wp-json\/wp\/v2\/product_cat?post=390826"},{"taxonomy":"product_tag","embeddable":true,"href":"https:\/\/glotomania.com\/pt-pt\/wp-json\/wp\/v2\/product_tag?post=390826"}],"curies":[{"name":"wp","href":"https:\/\/api.w.org\/{rel}","templated":true}]}}