{"id":390827,"date":"2026-01-13T12:07:57","date_gmt":"2026-01-13T12:07:57","guid":{"rendered":"https:\/\/glotomania.com\/p\/preparado-funcakes-para-pastel-clasico-400-g-2\/"},"modified":"2026-03-11T06:02:58","modified_gmt":"2026-03-11T06:02:58","slug":"preparado-funcakes-para-pastel-clasico-400-g-2","status":"publish","type":"product","link":"https:\/\/glotomania.com\/pt-pt\/p\/preparado-funcakes-para-pastel-clasico-400-g-2\/","title":{"rendered":"Prepara\u00c7\u00c3o Funcakes Para Bolo Cl\u00c1ssico \u2013 400 G"},"content":{"rendered":"<p>&nbsp;<\/p>\n<p><span style=\"font-size:14px\"><span style=\"color:#000000\">Basta adicionar ovos, manteiga e &aacute;gua para preparar facilmente um bolo perfeito. A sua <strong>textura h&uacute;mida e equilibrada<\/strong> torna-o uma base ideal de bolo caseiro tradicional, perfeita para ser apreciada simples ou para personalizar com recheios, coberturas e decora&ccedil;&otilde;es em ocasi&otilde;es festivas.<\/span><\/span><\/p>\n<p><span style=\"font-size:14px\"><span style=\"color:#000000\">&Eacute; ideal para assar em forma tipo p&atilde;o (forma de bolo ingl&ecirc;s), proporcionando um resultado dourado, tenro e cheio de sabor.<\/span><\/span><\/p>\n<p><span style=\"font-size:14px\"><span style=\"color:#000000\"><strong>Modo de prepara&ccedil;&atilde;o:<\/strong><\/span><\/span><\/p>\n<ol>\n<li><span style=\"font-size:14px\"><span style=\"color:#000000\">Trabalhe todos os ingredientes &agrave; temperatura ambiente.<\/span><\/span><\/li>\n<li><span style=\"font-size:14px\"><span style=\"color:#000000\">Pr&eacute;-aque&ccedil;a o forno a 150 &deg;C (140 &deg;C com ventila&ccedil;&atilde;o).<\/span><\/span><\/li>\n<li><span style=\"font-size:14px\"><span style=\"color:#000000\">Coloque a manteiga numa ta&ccedil;a e bata com a p&aacute; plana durante 3 a 4 minutos em velocidade baixa.<\/span><\/span><\/li>\n<li><span style=\"font-size:14px\"><span style=\"color:#000000\">Adicione os ovos e a mistura e bata durante 5 minutos em velocidade m&eacute;dia.<\/span><\/span><\/li>\n<li><span style=\"font-size:14px\"><span style=\"color:#000000\">Unte uma forma de 25 cm com spray desmoldante e verta a massa.<\/span><\/span><\/li>\n<li><span style=\"font-size:14px\"><span style=\"color:#000000\">Leve ao forno durante 60 minutos no centro do forno pr&eacute;-aquecido.<\/span><\/span><\/li>\n<\/ol>\n","protected":false},"excerpt":{"rendered":"<p>Uma mistura criada para quem aprecia bolos tradicionais: macios, leves e fofos, com um delicado aroma de baunilha que evoca receitas caseiras e momentos partilhados.<\/p>\n","protected":false},"featured_media":375911,"comment_status":"open","ping_status":"closed","template":"","meta":{"_acf_changed":false,"_joinchat":[]},"pwb-brand":[],"product_brand":[],"product_cat":[3054,2905,1829,1854],"product_tag":[],"class_list":{"0":"post-390827","1":"product","2":"type-product","3":"status-publish","4":"has-post-thumbnail","6":"product_cat-preparados-de-pastelaria-2","7":"product_cat-data-de-expiracao-proxima","8":"product_cat-ingredientes","9":"product_cat-preparados","11":"first","12":"instock","13":"taxable","14":"shipping-taxable","15":"purchasable","16":"product-type-simple"},"acf":[],"df_price":4.75,"df_sale_price":"","df_regular_price":4.75,"df_image_link":"https:\/\/e622tfk5wxd.exactdn.com\/wp-content\/uploads\/2026\/01\/img_28135_4c197937816d62a3ebb56d6974aa33ff_1.jpg?strip=all&fit=300%2C300","brands":[],"_links":{"self":[{"href":"https:\/\/glotomania.com\/pt-pt\/wp-json\/wp\/v2\/product\/390827","targetHints":{"allow":["GET"]}}],"collection":[{"href":"https:\/\/glotomania.com\/pt-pt\/wp-json\/wp\/v2\/product"}],"about":[{"href":"https:\/\/glotomania.com\/pt-pt\/wp-json\/wp\/v2\/types\/product"}],"replies":[{"embeddable":true,"href":"https:\/\/glotomania.com\/pt-pt\/wp-json\/wp\/v2\/comments?post=390827"}],"wp:featuredmedia":[{"embeddable":true,"href":"https:\/\/glotomania.com\/pt-pt\/wp-json\/wp\/v2\/media\/375911"}],"wp:attachment":[{"href":"https:\/\/glotomania.com\/pt-pt\/wp-json\/wp\/v2\/media?parent=390827"}],"wp:term":[{"taxonomy":"pwb-brand","embeddable":true,"href":"https:\/\/glotomania.com\/pt-pt\/wp-json\/wp\/v2\/pwb-brand?post=390827"},{"taxonomy":"product_brand","embeddable":true,"href":"https:\/\/glotomania.com\/pt-pt\/wp-json\/wp\/v2\/product_brand?post=390827"},{"taxonomy":"product_cat","embeddable":true,"href":"https:\/\/glotomania.com\/pt-pt\/wp-json\/wp\/v2\/product_cat?post=390827"},{"taxonomy":"product_tag","embeddable":true,"href":"https:\/\/glotomania.com\/pt-pt\/wp-json\/wp\/v2\/product_tag?post=390827"}],"curies":[{"name":"wp","href":"https:\/\/api.w.org\/{rel}","templated":true}]}}