{"id":390829,"date":"2026-01-13T12:08:08","date_gmt":"2026-01-13T12:08:08","guid":{"rendered":"https:\/\/glotomania.com\/p\/perlas-de-azucar-blandas-funcakes-mix-metallic-luxury-80-g-2\/"},"modified":"2026-03-11T06:03:02","modified_gmt":"2026-03-11T06:03:02","slug":"perlas-de-azucar-blandas-funcakes-mix-metallic-luxury-80-g-2","status":"publish","type":"product","link":"https:\/\/glotomania.com\/pt-pt\/p\/perlas-de-azucar-blandas-funcakes-mix-metallic-luxury-80-g-2\/","title":{"rendered":"P\u00c9rolas De A\u00c7\u00dacar Moles Funcakes &#8211; Mix &#8220;metallic Luxury&#8221; (80 G)"},"content":{"rendered":"<p>&nbsp;<\/p>\n<p><span style=\"font-size: 14px\">Agora pode fazer lindas decora&ccedil;&otilde;es para os seus bolos ou cupcakes com estas p&eacute;rolas comest&iacute;veis&nbsp;<\/span><strong style=\"font-size: 14px\">moles&nbsp;<\/strong><span style=\"font-size: 14px\">da Funcakes. As p&eacute;rolas s&atilde;o&nbsp;<\/span><strong style=\"font-size: 14px\">macias&nbsp;<\/strong><span style=\"font-size: 14px\">e f&aacute;ceis de fazer para as crian&ccedil;as.<\/span><\/p>\n","protected":false},"excerpt":{"rendered":"<p>As p\u00e9rolas de a\u00e7\u00facar comest\u00edveis da Funcakes s\u00e3o macias e fofinhas, de cor preto, prata e bronze metalizado. Perfeitas para dar um toque elegante \u00e0s suas sobremesas.<\/p>\n","protected":false},"featured_media":375816,"comment_status":"open","ping_status":"closed","template":"","meta":{"_acf_changed":false,"_joinchat":[]},"pwb-brand":[],"product_brand":[],"product_cat":[2910,2905,1839,1840,2979,2982,2907,1829,2920,1888,1849,1866],"product_tag":[],"class_list":{"0":"post-390829","1":"product","2":"type-product","3":"status-publish","4":"has-post-thumbnail","6":"product_cat-casamentos-2","7":"product_cat-data-de-expiracao-proxima","8":"product_cat-decoracion-comestible","9":"product_cat-decoraciones-azucar-comestibles","10":"product_cat-decoracoes-comestiveis-2","11":"product_cat-decoracoes-de-acucar","12":"product_cat-festas","13":"product_cat-ingredientes","14":"product_cat-natal-2","15":"product_cat-bodas","16":"product_cat-fiestas","17":"product_cat-navidad","19":"first","20":"instock","21":"taxable","22":"shipping-taxable","23":"purchasable","24":"product-type-simple"},"acf":[],"df_price":4.95,"df_sale_price":"","df_regular_price":4.95,"df_image_link":"https:\/\/glotomania.com\/wp-content\/uploads\/2026\/01\/img_28142_e9745f08ee8fe46de2500817c79afab5_1.jpg","brands":[],"_links":{"self":[{"href":"https:\/\/glotomania.com\/pt-pt\/wp-json\/wp\/v2\/product\/390829","targetHints":{"allow":["GET"]}}],"collection":[{"href":"https:\/\/glotomania.com\/pt-pt\/wp-json\/wp\/v2\/product"}],"about":[{"href":"https:\/\/glotomania.com\/pt-pt\/wp-json\/wp\/v2\/types\/product"}],"replies":[{"embeddable":true,"href":"https:\/\/glotomania.com\/pt-pt\/wp-json\/wp\/v2\/comments?post=390829"}],"wp:featuredmedia":[{"embeddable":true,"href":"https:\/\/glotomania.com\/pt-pt\/wp-json\/wp\/v2\/media\/375816"}],"wp:attachment":[{"href":"https:\/\/glotomania.com\/pt-pt\/wp-json\/wp\/v2\/media?parent=390829"}],"wp:term":[{"taxonomy":"pwb-brand","embeddable":true,"href":"https:\/\/glotomania.com\/pt-pt\/wp-json\/wp\/v2\/pwb-brand?post=390829"},{"taxonomy":"product_brand","embeddable":true,"href":"https:\/\/glotomania.com\/pt-pt\/wp-json\/wp\/v2\/product_brand?post=390829"},{"taxonomy":"product_cat","embeddable":true,"href":"https:\/\/glotomania.com\/pt-pt\/wp-json\/wp\/v2\/product_cat?post=390829"},{"taxonomy":"product_tag","embeddable":true,"href":"https:\/\/glotomania.com\/pt-pt\/wp-json\/wp\/v2\/product_tag?post=390829"}],"curies":[{"name":"wp","href":"https:\/\/api.w.org\/{rel}","templated":true}]}}