{"id":390830,"date":"2026-01-13T12:08:14","date_gmt":"2026-01-13T12:08:14","guid":{"rendered":"https:\/\/glotomania.com\/p\/sprinkles-funcakes-ciao-bella-65-g-2\/"},"modified":"2026-03-30T01:21:07","modified_gmt":"2026-03-30T01:21:07","slug":"sprinkles-funcakes-ciao-bella-65-g-2","status":"publish","type":"product","link":"https:\/\/glotomania.com\/pt-pt\/p\/sprinkles-funcakes-ciao-bella-65-g-2\/","title":{"rendered":"Sprinkles Funcakes &#8211; Ciao Bella (65 G)"},"content":{"rendered":"<div class=\"flex flex-col text-sm pb-25\">\n<article class=\"text-token-text-primary w-full focus:outline-none [--shadow-height:45px] has-data-writing-block:pointer-events-none has-data-writing-block:-mt-(--shadow-height) has-data-writing-block:pt-(--shadow-height) [&amp;:has([data-writing-block])&gt;*]:pointer-events-auto scroll-mt-[calc(var(--header-height)+min(200px,max(70px,20svh)))]\" data-scroll-anchor=\"true\" data-testid=\"conversation-turn-22\" data-turn=\"assistant\" data-turn-id=\"request-694bba35-6db4-832c-bb4e-422c7f4be58c-9\" dir=\"auto\">\n<div class=\"text-base my-auto mx-auto pb-10 [--thread-content-margin:--spacing(4)] @w-sm\/main:[--thread-content-margin:--spacing(6)] @w-lg\/main:[--thread-content-margin:--spacing(16)] px-(--thread-content-margin)\">\n<div class=\"[--thread-content-max-width:40rem] @w-lg\/main:[--thread-content-max-width:48rem] mx-auto max-w-(--thread-content-max-width) flex-1 group\/turn-messages focus-visible:outline-hidden relative flex w-full min-w-0 flex-col agent-turn\">\n<div class=\"flex max-w-full flex-col grow\">\n<div class=\"min-h-8 text-message relative flex w-full flex-col items-end gap-2 text-start break-words whitespace-normal [.text-message+&amp;]:mt-1\" data-message-author-role=\"assistant\" data-message-id=\"3349d422-ba2d-4ddd-8df1-7d1f65c4c78f\" data-message-model-slug=\"gpt-5-2\" dir=\"auto\">\n<div class=\"flex w-full flex-col gap-1 empty:hidden first:pt-[1px]\">\n<div class=\"markdown prose dark:prose-invert w-full break-words light markdown-new-styling\">\n<p data-end=\"627\" data-is-last-node=\"\" data-is-only-node=\"\" data-start=\"478\">&nbsp;<\/p>\n<p data-end=\"627\" data-is-last-node=\"\" data-is-only-node=\"\" data-start=\"478\"><span style=\"font-size:14px\"><span style=\"color:#000000\">A mistura inclui nonpareils, p&eacute;rolas, bolas, mimosas, confetes planos, nuvens, folhas e palitos de a&ccedil;&uacute;car XL nas cores branco, amarelo, azul e verde.<\/span><\/span><\/p>\n<\/div>\n<\/div>\n<\/div>\n<\/div>\n<div class=\"z-0 flex min-h-[46px] justify-start\">&nbsp;<\/div>\n<div class=\"mt-3 w-full empty:hidden\">&nbsp;<\/div>\n<\/div>\n<\/div>\n<\/article>\n<\/div>\n","protected":false},"excerpt":{"rendered":"<p>O mix de decora\u00e7\u00f5es comest\u00edveis FunCakes, inspirado na Costa Amalfitana e na Toscana, enche as suas sobremesas com o esp\u00edrito do ver\u00e3o italiano, acrescentando um toque divertido, elegante e mediterr\u00e2nico a qualquer ocasi\u00e3o.<\/p>\n","protected":false},"featured_media":376405,"comment_status":"open","ping_status":"closed","template":"","meta":{"_acf_changed":false},"pwb-brand":[],"product_brand":[],"product_cat":[2905,2979,2982,2979,2982,2204,2907,2905,2907],"product_tag":[],"class_list":{"0":"post-390830","1":"product","2":"type-product","3":"status-publish","4":"has-post-thumbnail","6":"product_cat-data-de-expiracao-proxima","7":"product_cat-decoracoes-comestiveis-2","8":"product_cat-decoracoes-de-acucar","11":"product_cat-dias-especiales","12":"product_cat-festas","16":"first","17":"instock","18":"taxable","19":"shipping-taxable","20":"purchasable","21":"product-type-simple"},"acf":[],"df_price":3.3,"df_sale_price":"","df_regular_price":3.3,"df_image_link":"https:\/\/glotomania.com\/wp-content\/uploads\/2026\/01\/img_28144_8c5cff9c75373125d7a23ba9b2e3dc87_1.jpg","brands":[],"_links":{"self":[{"href":"https:\/\/glotomania.com\/pt-pt\/wp-json\/wp\/v2\/product\/390830","targetHints":{"allow":["GET"]}}],"collection":[{"href":"https:\/\/glotomania.com\/pt-pt\/wp-json\/wp\/v2\/product"}],"about":[{"href":"https:\/\/glotomania.com\/pt-pt\/wp-json\/wp\/v2\/types\/product"}],"replies":[{"embeddable":true,"href":"https:\/\/glotomania.com\/pt-pt\/wp-json\/wp\/v2\/comments?post=390830"}],"wp:featuredmedia":[{"embeddable":true,"href":"https:\/\/glotomania.com\/pt-pt\/wp-json\/wp\/v2\/media\/376405"}],"wp:attachment":[{"href":"https:\/\/glotomania.com\/pt-pt\/wp-json\/wp\/v2\/media?parent=390830"}],"wp:term":[{"taxonomy":"pwb-brand","embeddable":true,"href":"https:\/\/glotomania.com\/pt-pt\/wp-json\/wp\/v2\/pwb-brand?post=390830"},{"taxonomy":"product_brand","embeddable":true,"href":"https:\/\/glotomania.com\/pt-pt\/wp-json\/wp\/v2\/product_brand?post=390830"},{"taxonomy":"product_cat","embeddable":true,"href":"https:\/\/glotomania.com\/pt-pt\/wp-json\/wp\/v2\/product_cat?post=390830"},{"taxonomy":"product_tag","embeddable":true,"href":"https:\/\/glotomania.com\/pt-pt\/wp-json\/wp\/v2\/product_tag?post=390830"}],"curies":[{"name":"wp","href":"https:\/\/api.w.org\/{rel}","templated":true}]}}