{"id":390832,"date":"2026-01-13T12:08:27","date_gmt":"2026-01-13T12:08:27","guid":{"rendered":"https:\/\/glotomania.com\/p\/fondant-funcakes-amarillo-electrico-250-g-2\/"},"modified":"2026-04-01T17:10:48","modified_gmt":"2026-04-01T17:10:48","slug":"fondant-funcakes-amarillo-electrico-250-g-2","status":"publish","type":"product","link":"https:\/\/glotomania.com\/pt-pt\/p\/fondant-funcakes-amarillo-electrico-250-g-2\/","title":{"rendered":"Pasta De A\u00c7\u00dacar Funcakes &#8211; Amarelo El\u00c9trico 250 G"},"content":{"rendered":"<p>&nbsp;<\/p>\n<p><span style=\"font-size:14px\"><span style=\"color:#000000\">Decore bolos, cupcakes e bolachas com este delicioso fondant FunCakes de cor amarelo el&eacute;trico. O fondant, al&eacute;m de poder ser&nbsp;<strong>espalhado perfeitamente,<\/strong>&nbsp;pode ser utilizado como enchimento ou para fazer decora&ccedil;&otilde;es, tem a consist&ecirc;ncia de um fondant normal.<\/span><\/span><\/p>\n<p><span style=\"font-size:14px\"><span style=\"color:#000000\">FunCakes fondant &eacute; perfeito para a colora&ccedil;&atilde;o com corantes alimentares. Deixar o fondant de p&eacute; durante uma hora ap&oacute;s a colora&ccedil;&atilde;o (cobertura) para obter os melhores resultados. Amassar novamente o fondant antes do processamento.&nbsp;<\/span><\/span><\/p>\n<p><span style=\"font-size:14px\"><span style=\"color:#000000\">Gra&ccedil;as ao acabamento acetinado, o fondant FunCakes &eacute; perfeito para cobrir um bolo com arestas afiadas. Se quiser cortar formas, obter&aacute; cortes limpos e afiados.&nbsp;<\/span><\/span><\/p>\n<p><span style=\"font-size:14px\"><span style=\"color:#000000\">Para 250 g de fondant adicionar uma colher de ch&aacute; cheia de CMC e\/ou &aacute;gua, se necess&aacute;rio. Amassar bem antes de usar e espalhar sobre uma fina camada de a&ccedil;&uacute;car de confeiteiro.<\/span><\/span><\/p>\n<p><span style=\"font-size:14px\"><span style=\"color:#000000\">Para cobrir um<strong>&nbsp;bolo redondo<\/strong>&nbsp;com um di&acirc;metro de 24\/26 cm &eacute; necess&aacute;rio aproximadamente 600 g de fondant. Se quiser fazer&nbsp;<strong>decora&ccedil;&otilde;es<\/strong>&nbsp;como um arco, ent&atilde;o acrescente um pouco de CMC e\/ou &aacute;gua.<\/span><\/span><\/p>\n<p><span style=\"font-size:14px\"><span style=\"color:#000000\"><strong>Dose m&aacute;xima recomendada: <\/strong>48,4 g\/kg.<\/span><\/span><\/p>\n<p><span style=\"font-size:14px\"><span style=\"color:#000000\">&Eacute; recomendado seguir estes passos para um melhor resultado:<\/span><\/span><\/p>\n<ul>\n<li><span style=\"font-size:14px\"><span style=\"color:#000000\">Deixar que o fondant atinja a temperatura ambiente.<\/span><\/span><\/li>\n<li><span style=\"font-size:14px\"><span style=\"color:#000000\">Amassar com firmeza at&eacute; ficar liso e el&aacute;stico.<\/span><\/span><\/li>\n<li><span style=\"font-size:14px\"><span style=\"color:#000000\">Cobrir a superf&iacute;cie de trabalho com um pouco de a&ccedil;&uacute;car de confeiteiro e espalhar o caramelo com um rolo at&eacute; ter uma forma uniforme (2-3 mm de espessura). Virar o fondant por um quarto para evitar que se cole. A borda est&aacute; rachada? Amassar bem de novo at&eacute; as extremidades estarem perfeitas quando o esticar. Ent&atilde;o o fondant ser&aacute; perfeito para usar.<\/span><\/span><\/li>\n<\/ul>\n","protected":false},"excerpt":{"rendered":"<p>O fondant FunCakes \u00e9 muito flex\u00edvel, macio e f\u00e1cil de usar devido \u00e0 sua fina estrutura e maleabilidade.<\/p>\n","protected":false},"featured_media":375593,"comment_status":"open","ping_status":"closed","template":"","meta":{"_acf_changed":false,"_joinchat":[]},"pwb-brand":[],"product_brand":[],"product_cat":[2908,2911,2907,2997,3087,2921,3007,3006,2996,3004,1832,1847,2781,2784,1881,2773,1901,1833,1862,1885,1849,1858,1767],"product_tag":[],"class_list":{"0":"post-390832","1":"product","2":"type-product","3":"status-publish","4":"has-post-thumbnail","6":"product_cat-batizados","7":"product_cat-comunhoes","8":"product_cat-festas","9":"product_cat-halal","10":"product_cat-ordem-e-armazenamento","11":"product_cat-pascoa","12":"product_cat-pasta-de-acucar-funcakes","13":"product_cat-pastas-de-acucar-2","14":"product_cat-produtos-vegetarianos","15":"product_cat-sem-gluten-2","16":"product_cat-diestas-especiales","17":"product_cat-fondant","18":"product_cat-fondant-250g","19":"product_cat-fondant-amarillo","20":"product_cat-fondant-funcakes","21":"product_cat-fondant-sin-gluten","22":"product_cat-dieta-halal","23":"product_cat-dieta-sin-gluten","24":"product_cat-comuniones","25":"product_cat-bautizos","26":"product_cat-fiestas","27":"product_cat-pascua","28":"product_cat-utensilios","30":"first","31":"instock","32":"taxable","33":"shipping-taxable","34":"purchasable","35":"product-type-simple"},"acf":[],"df_price":2.85,"df_sale_price":"","df_regular_price":2.85,"df_image_link":"https:\/\/glotomania.com\/wp-content\/uploads\/2026\/01\/img_28150_68fb164e3164d70ab7c641e974f68080_1.jpg","brands":[],"_links":{"self":[{"href":"https:\/\/glotomania.com\/pt-pt\/wp-json\/wp\/v2\/product\/390832","targetHints":{"allow":["GET"]}}],"collection":[{"href":"https:\/\/glotomania.com\/pt-pt\/wp-json\/wp\/v2\/product"}],"about":[{"href":"https:\/\/glotomania.com\/pt-pt\/wp-json\/wp\/v2\/types\/product"}],"replies":[{"embeddable":true,"href":"https:\/\/glotomania.com\/pt-pt\/wp-json\/wp\/v2\/comments?post=390832"}],"wp:featuredmedia":[{"embeddable":true,"href":"https:\/\/glotomania.com\/pt-pt\/wp-json\/wp\/v2\/media\/375593"}],"wp:attachment":[{"href":"https:\/\/glotomania.com\/pt-pt\/wp-json\/wp\/v2\/media?parent=390832"}],"wp:term":[{"taxonomy":"pwb-brand","embeddable":true,"href":"https:\/\/glotomania.com\/pt-pt\/wp-json\/wp\/v2\/pwb-brand?post=390832"},{"taxonomy":"product_brand","embeddable":true,"href":"https:\/\/glotomania.com\/pt-pt\/wp-json\/wp\/v2\/product_brand?post=390832"},{"taxonomy":"product_cat","embeddable":true,"href":"https:\/\/glotomania.com\/pt-pt\/wp-json\/wp\/v2\/product_cat?post=390832"},{"taxonomy":"product_tag","embeddable":true,"href":"https:\/\/glotomania.com\/pt-pt\/wp-json\/wp\/v2\/product_tag?post=390832"}],"curies":[{"name":"wp","href":"https:\/\/api.w.org\/{rel}","templated":true}]}}