{"id":390833,"date":"2026-01-13T12:08:33","date_gmt":"2026-01-13T12:08:33","guid":{"rendered":"https:\/\/glotomania.com\/p\/fondant-funcakes-azul-medianoche-250-g-2\/"},"modified":"2026-03-11T06:03:09","modified_gmt":"2026-03-11T06:03:09","slug":"fondant-funcakes-azul-medianoche-250-g-2","status":"publish","type":"product","link":"https:\/\/glotomania.com\/pt-pt\/p\/fondant-funcakes-azul-medianoche-250-g-2\/","title":{"rendered":"Pasta De A\u00c7\u00dacar Funcakes &#8211; Azul Meia-noite 250 G"},"content":{"rendered":"<p>&nbsp;<\/p>\n<p><span style=\"font-size: 14px\"><span>Decore bolos, cupcakes e bolachas com este delicioso fondant FunCakes de cor azul meia-noite. O fondant, al&eacute;m de poder ser&nbsp;<strong>espalhado perfeitamente,<\/strong>&nbsp;pode ser utilizado como enchimento ou para fazer decora&ccedil;&otilde;es, tem a consist&ecirc;ncia de um fondant normal.<\/span><\/span><\/p>\n<p><span style=\"font-size: 14px\"><span>FunCakes fondant &eacute; perfeito para a colora&ccedil;&atilde;o com corantes alimentares. Deixar o fondant de p&eacute; durante uma hora ap&oacute;s a colora&ccedil;&atilde;o (cobertura) para obter os melhores resultados. Amassar novamente o fondant antes do processamento.&nbsp;<\/span><\/span><\/p>\n<p><span style=\"font-size: 14px\"><span>Gra&ccedil;as ao acabamento acetinado, o fondant FunCakes &eacute; perfeito para cobrir um bolo com arestas afiadas. Se quiser cortar formas, obter&aacute; cortes limpos e afiados.&nbsp;<\/span><\/span><\/p>\n<p><span style=\"font-size: 14px\"><span>Para 250 g de fondant adicionar uma colher de ch&aacute; cheia de CMC e\/ou &aacute;gua, se necess&aacute;rio. Amassar bem antes de usar e espalhar sobre uma fina camada de a&ccedil;&uacute;car de confeiteiro.<\/span><\/span><\/p>\n<p><span style=\"font-size: 14px\"><span>Para cobrir um<strong>&nbsp;bolo redondo<\/strong>&nbsp;com um di&acirc;metro de 24\/26 cm &eacute; necess&aacute;rio aproximadamente 600 g de fondant. Se quiser fazer&nbsp;<strong>decora&ccedil;&otilde;es<\/strong>&nbsp;como um arco, ent&atilde;o acrescente um pouco de CMC e\/ou &aacute;gua.<\/span><\/span><\/p>\n<p><span style=\"font-size: 14px\"><span>&Eacute; recomendado seguir estes passos para um melhor resultado:<\/span><\/span><\/p>\n<ul>\n<li><span style=\"font-size: 14px\"><span>Deixar que o fondant atinja a temperatura ambiente.<\/span><\/span><\/li>\n<li><span style=\"font-size: 14px\"><span>Amassar com firmeza at&eacute; ficar liso e el&aacute;stico.<\/span><\/span><\/li>\n<li><span style=\"font-size: 14px\"><span>Cobrir a superf&iacute;cie de trabalho com um pouco de a&ccedil;&uacute;car de confeiteiro e espalhar o caramelo com um rolo at&eacute; ter uma forma uniforme (2-3 mm de espessura). Virar o fondant por um quarto para evitar que se cole. A borda est&aacute; rachada? Amassar bem de novo at&eacute; as extremidades estarem perfeitas quando o esticar. Ent&atilde;o o fondant ser&aacute; perfeito para usar.<\/span><\/span><\/li>\n<\/ul>\n","protected":false},"excerpt":{"rendered":"<p>O fondant FunCakes \u00e9 muito flex\u00edvel, macio e f\u00e1cil de usar devido \u00e0 sua fina estrutura e maleabilidade.<\/p>\n","protected":false},"featured_media":375712,"comment_status":"open","ping_status":"closed","template":"","meta":{"_acf_changed":false},"pwb-brand":[],"product_brand":[],"product_cat":[2910,1832,2907,1847,2781,2761,1881,2773,2997,1901,1902,1833,2999,2920,3007,3006,2996,1888,1849,1866,3004],"product_tag":[],"class_list":{"0":"post-390833","1":"product","2":"type-product","3":"status-publish","4":"has-post-thumbnail","6":"product_cat-casamentos-2","7":"product_cat-diestas-especiales","8":"product_cat-festas","9":"product_cat-fondant","10":"product_cat-fondant-250g","11":"product_cat-fondant-azul","12":"product_cat-fondant-funcakes","13":"product_cat-fondant-sin-gluten","14":"product_cat-halal","15":"product_cat-dieta-halal","16":"product_cat-dieta-kosher","17":"product_cat-dieta-sin-gluten","18":"product_cat-kosher-2","19":"product_cat-natal-2","20":"product_cat-pasta-de-acucar-funcakes","21":"product_cat-pastas-de-acucar-2","22":"product_cat-produtos-vegetarianos","23":"product_cat-bodas","24":"product_cat-fiestas","25":"product_cat-navidad","26":"product_cat-sem-gluten-2","28":"first","29":"instock","30":"taxable","31":"shipping-taxable","32":"purchasable","33":"product-type-simple"},"acf":[],"df_price":2.85,"df_sale_price":"","df_regular_price":2.85,"df_image_link":"https:\/\/glotomania.com\/wp-content\/uploads\/2026\/01\/img_28152_363363682313f8385d16223d9b59369a_1.jpg","brands":[],"_links":{"self":[{"href":"https:\/\/glotomania.com\/pt-pt\/wp-json\/wp\/v2\/product\/390833","targetHints":{"allow":["GET"]}}],"collection":[{"href":"https:\/\/glotomania.com\/pt-pt\/wp-json\/wp\/v2\/product"}],"about":[{"href":"https:\/\/glotomania.com\/pt-pt\/wp-json\/wp\/v2\/types\/product"}],"replies":[{"embeddable":true,"href":"https:\/\/glotomania.com\/pt-pt\/wp-json\/wp\/v2\/comments?post=390833"}],"wp:featuredmedia":[{"embeddable":true,"href":"https:\/\/glotomania.com\/pt-pt\/wp-json\/wp\/v2\/media\/375712"}],"wp:attachment":[{"href":"https:\/\/glotomania.com\/pt-pt\/wp-json\/wp\/v2\/media?parent=390833"}],"wp:term":[{"taxonomy":"pwb-brand","embeddable":true,"href":"https:\/\/glotomania.com\/pt-pt\/wp-json\/wp\/v2\/pwb-brand?post=390833"},{"taxonomy":"product_brand","embeddable":true,"href":"https:\/\/glotomania.com\/pt-pt\/wp-json\/wp\/v2\/product_brand?post=390833"},{"taxonomy":"product_cat","embeddable":true,"href":"https:\/\/glotomania.com\/pt-pt\/wp-json\/wp\/v2\/product_cat?post=390833"},{"taxonomy":"product_tag","embeddable":true,"href":"https:\/\/glotomania.com\/pt-pt\/wp-json\/wp\/v2\/product_tag?post=390833"}],"curies":[{"name":"wp","href":"https:\/\/api.w.org\/{rel}","templated":true}]}}