{"id":390836,"date":"2026-01-13T12:08:46","date_gmt":"2026-01-13T12:08:46","guid":{"rendered":"https:\/\/glotomania.com\/p\/cortador-de-acero-inoxidable-wilton-musculo-2\/"},"modified":"2026-03-11T06:03:15","modified_gmt":"2026-03-11T06:03:15","slug":"cortador-de-acero-inoxidable-wilton-musculo-2","status":"publish","type":"product","link":"https:\/\/glotomania.com\/pt-pt\/p\/cortador-de-acero-inoxidable-wilton-musculo-2\/","title":{"rendered":"Cortador De Biscoitos Em A\u00c7o Inoxid\u00c1vel Wilton &#8211; M\u00dasculo"},"content":{"rendered":"<p>&nbsp;<\/p>\n<p><span style=\"font-size:14px\"><span style=\"color:#000000\">Fabricado em&nbsp;<strong>a&ccedil;o inoxid&aacute;vel resistente<\/strong>, este cortador oferece excelente durabilidade e um corte limpo em cada utiliza&ccedil;&atilde;o. <span>O seu design de bra&ccedil;o musculado, um s&iacute;mbolo ic&oacute;nico de for&ccedil;a e energia, acrescenta car&aacute;cter e personalidade a qualquer cria&ccedil;&atilde;o doce.<\/span><\/span><\/span><\/p>\n<p><span style=\"font-size:14px\"><span style=\"color:#000000\">Este cortador &eacute; f&aacute;cil de usar e adequado para lavar na m&aacute;quina de lavar lou&ccedil;a, facilitando a sua limpeza e manuten&ccedil;&atilde;o.&nbsp;<\/span><\/span><\/p>\n<p><span style=\"font-size:14px\"><span style=\"color:#000000\"><strong>Dimens&otilde;es aproximadas:&nbsp;<\/strong>8&nbsp;cm.<\/span><\/span><\/p>\n","protected":false},"excerpt":{"rendered":"<p>Fa\u00e7a com que as suas celebra\u00e7\u00f5es e doces tem\u00e1ticos transmitam for\u00e7a e personalidade com o cortador de bolachas Wilton com design de bra\u00e7o musculado.<\/p>\n","protected":false},"featured_media":375599,"comment_status":"open","ping_status":"closed","template":"","meta":{"_acf_changed":false},"pwb-brand":[],"product_brand":[],"product_cat":[1788,3199,2204,2907,3087,1849,1767],"product_tag":[],"class_list":{"0":"post-390836","1":"product","2":"type-product","3":"status-publish","4":"has-post-thumbnail","6":"product_cat-cortadores-de-cobre","7":"product_cat-cortadores-de-metal","8":"product_cat-dias-especiales","9":"product_cat-festas","10":"product_cat-ordem-e-armazenamento","11":"product_cat-fiestas","12":"product_cat-utensilios","14":"first","15":"instock","16":"taxable","17":"shipping-taxable","18":"purchasable","19":"product-type-simple"},"acf":[],"df_price":2.37,"df_sale_price":"","df_regular_price":2.37,"df_image_link":"https:\/\/glotomania.com\/wp-content\/uploads\/2026\/01\/img_28157_b94e4761e41e2a1794be68a9f3ba7a8d_1.jpg","brands":[],"_links":{"self":[{"href":"https:\/\/glotomania.com\/pt-pt\/wp-json\/wp\/v2\/product\/390836","targetHints":{"allow":["GET"]}}],"collection":[{"href":"https:\/\/glotomania.com\/pt-pt\/wp-json\/wp\/v2\/product"}],"about":[{"href":"https:\/\/glotomania.com\/pt-pt\/wp-json\/wp\/v2\/types\/product"}],"replies":[{"embeddable":true,"href":"https:\/\/glotomania.com\/pt-pt\/wp-json\/wp\/v2\/comments?post=390836"}],"wp:featuredmedia":[{"embeddable":true,"href":"https:\/\/glotomania.com\/pt-pt\/wp-json\/wp\/v2\/media\/375599"}],"wp:attachment":[{"href":"https:\/\/glotomania.com\/pt-pt\/wp-json\/wp\/v2\/media?parent=390836"}],"wp:term":[{"taxonomy":"pwb-brand","embeddable":true,"href":"https:\/\/glotomania.com\/pt-pt\/wp-json\/wp\/v2\/pwb-brand?post=390836"},{"taxonomy":"product_brand","embeddable":true,"href":"https:\/\/glotomania.com\/pt-pt\/wp-json\/wp\/v2\/product_brand?post=390836"},{"taxonomy":"product_cat","embeddable":true,"href":"https:\/\/glotomania.com\/pt-pt\/wp-json\/wp\/v2\/product_cat?post=390836"},{"taxonomy":"product_tag","embeddable":true,"href":"https:\/\/glotomania.com\/pt-pt\/wp-json\/wp\/v2\/product_tag?post=390836"}],"curies":[{"name":"wp","href":"https:\/\/api.w.org\/{rel}","templated":true}]}}