{"id":390842,"date":"2025-12-03T09:49:40","date_gmt":"2025-12-03T09:49:40","guid":{"rendered":"https:\/\/glotomania.com\/p\/cerezas-maraschino-rojas-con-tallo-pastkolor-225-g\/"},"modified":"2026-04-13T07:41:59","modified_gmt":"2026-04-13T07:41:59","slug":"cerezas-maraschino-rojas-con-tallo-pastkolor-225-g","status":"publish","type":"product","link":"https:\/\/glotomania.com\/pt-pt\/p\/cerezas-maraschino-rojas-con-tallo-pastkolor-225-g\/","title":{"rendered":"Cerejas Maraschino Vermelhas Com Haste Pastkolor &#8211; 225 G"},"content":{"rendered":"<p data-end=\"5046\" data-start=\"4633\">&nbsp;<\/p>\n<p data-end=\"5046\" data-start=\"4633\"><span style=\"font-size:14px\"><span style=\"color:#000000\">Cuidadosamente elaboradas e <strong>conservadas em calda<\/strong>, destacam-se pela sua cor vermelha intensa e brilhante, textura firme e sabor doce equilibrado. Cerejas cozidas e impregnadas em xarope, embaladas e esterilizadas para garantir qualidade e seguran&ccedil;a.<\/span><\/span><\/p>\n<p data-end=\"5228\" data-start=\"5048\"><span style=\"font-size:14px\"><span style=\"color:#000000\">Gra&ccedil;as &agrave; sua apresenta&ccedil;&atilde;o com talo, estas cerejas n&atilde;o s&oacute; acrescentam sabor, como tamb&eacute;m oferecem uma excelente est&eacute;tica, ideais para decora&ccedil;&otilde;es profissionais e acabamentos premium.<\/span><\/span><\/p>\n<p data-end=\"5341\" data-start=\"5230\"><span style=\"font-size:14px\"><span style=\"color:#000000\"><strong>Mant&ecirc;m a sua forma e cor ap&oacute;s a manipula&ccedil;&atilde;o<\/strong>. S&atilde;o vers&aacute;teis e f&aacute;ceis de incorporar em receitas doces ou bebidas.<\/span><\/span><\/p>\n<p data-end=\"5618\" data-start=\"5343\"><span style=\"font-size:14px\"><span style=\"color:#000000\"><strong data-end=\"5365\" data-start=\"5343\">Usos recomendados:<\/strong><\/span><\/span><\/p>\n<ul>\n<li data-end=\"5618\" data-start=\"5343\"><span style=\"font-size:14px\"><span style=\"color:#000000\">Decora&ccedil;&atilde;o de bolos, tortas e cupcakes.<\/span><\/span><\/li>\n<li data-end=\"5618\" data-start=\"5343\"><span style=\"font-size:14px\"><span style=\"color:#000000\">Prepara&ccedil;&atilde;o de sobremesas cl&aacute;ssicas e modernas.<\/span><\/span><\/li>\n<li data-end=\"5618\" data-start=\"5343\"><span style=\"font-size:14px\"><span style=\"color:#000000\">Acompanhamento para gelados e mousses.<\/span><\/span><\/li>\n<li data-end=\"5618\" data-start=\"5343\"><span style=\"font-size:14px\"><span style=\"color:#000000\">Coquetelaria: coquet&eacute;is cl&aacute;ssicos, bebidas mistas e especiais.<\/span><\/span><\/li>\n<li data-end=\"5618\" data-start=\"5343\"><span style=\"font-size:14px\"><span style=\"color:#000000\">Decora&ccedil;&atilde;o de buffets de sobremesas e mesas de eventos.<\/span><\/span><\/li>\n<\/ul>\n","protected":false},"excerpt":{"rendered":"<p>As Cerejas Maraschino vermelhas com talo s\u00e3o o complemento perfeito para dar um toque elegante, colorido e delicioso \u00e0s suas cria\u00e7\u00f5es de confeitaria e coquetelaria.<\/p>\n","protected":false},"featured_media":385272,"comment_status":"open","ping_status":"closed","template":"","meta":{"_acf_changed":false},"pwb-brand":[],"product_brand":[],"product_cat":[3028,2952,3018,1914,1880,2905,1829,1844],"product_tag":[],"class_list":{"0":"post-390842","1":"product","2":"type-product","3":"status-publish","4":"has-post-thumbnail","6":"product_cat-cacau-e-chocolates-2","7":"product_cat-coberturas-2","8":"product_cat-ingredientes-de-pastelaria-2","9":"product_cat-chocolate","10":"product_cat-cobertura","11":"product_cat-data-de-expiracao-proxima","12":"product_cat-ingredientes","13":"product_cat-ingredientes-reposteria","15":"first","16":"instock","17":"taxable","18":"shipping-taxable","19":"purchasable","20":"product-type-simple"},"acf":[],"df_price":4.95,"df_sale_price":"","df_regular_price":4.95,"df_image_link":"https:\/\/glotomania.com\/wp-content\/uploads\/2026\/02\/img_28173_26ea17c6efd8dc0efe91baebea34fb08_1.jpg","brands":[],"_links":{"self":[{"href":"https:\/\/glotomania.com\/pt-pt\/wp-json\/wp\/v2\/product\/390842","targetHints":{"allow":["GET"]}}],"collection":[{"href":"https:\/\/glotomania.com\/pt-pt\/wp-json\/wp\/v2\/product"}],"about":[{"href":"https:\/\/glotomania.com\/pt-pt\/wp-json\/wp\/v2\/types\/product"}],"replies":[{"embeddable":true,"href":"https:\/\/glotomania.com\/pt-pt\/wp-json\/wp\/v2\/comments?post=390842"}],"wp:featuredmedia":[{"embeddable":true,"href":"https:\/\/glotomania.com\/pt-pt\/wp-json\/wp\/v2\/media\/385272"}],"wp:attachment":[{"href":"https:\/\/glotomania.com\/pt-pt\/wp-json\/wp\/v2\/media?parent=390842"}],"wp:term":[{"taxonomy":"pwb-brand","embeddable":true,"href":"https:\/\/glotomania.com\/pt-pt\/wp-json\/wp\/v2\/pwb-brand?post=390842"},{"taxonomy":"product_brand","embeddable":true,"href":"https:\/\/glotomania.com\/pt-pt\/wp-json\/wp\/v2\/product_brand?post=390842"},{"taxonomy":"product_cat","embeddable":true,"href":"https:\/\/glotomania.com\/pt-pt\/wp-json\/wp\/v2\/product_cat?post=390842"},{"taxonomy":"product_tag","embeddable":true,"href":"https:\/\/glotomania.com\/pt-pt\/wp-json\/wp\/v2\/product_tag?post=390842"}],"curies":[{"name":"wp","href":"https:\/\/api.w.org\/{rel}","templated":true}]}}