{"id":390843,"date":"2026-01-13T12:09:20","date_gmt":"2026-01-13T12:09:20","guid":{"rendered":"https:\/\/glotomania.com\/p\/decoraciones-de-azucar-wilton-love-notes-2\/"},"modified":"2026-03-11T06:03:30","modified_gmt":"2026-03-11T06:03:30","slug":"decoraciones-de-azucar-wilton-love-notes-2","status":"publish","type":"product","link":"https:\/\/glotomania.com\/pt-pt\/p\/decoraciones-de-azucar-wilton-love-notes-2\/","title":{"rendered":"Decora\u00c7\u00d5es De A\u00c7\u00dacar Wilton &#8211; Love Notes"},"content":{"rendered":"","protected":false},"excerpt":{"rendered":"<p>Inclui 8 decora\u00e7\u00f5es de a\u00e7\u00facar em forma de cora\u00e7\u00e3o com mensagens rom\u00e2nticas como LOVE, XOXO, BFF e CUTIE, perfeitas para o Dia dos Namorados, anivers\u00e1rios, casamentos, festas de anivers\u00e1rio ou qualquer ocasi\u00e3o especial.<\/p>\n","protected":false},"featured_media":375716,"comment_status":"open","ping_status":"closed","template":"","meta":{"_acf_changed":false,"_joinchat":[]},"pwb-brand":[],"product_brand":[],"product_cat":[2924,2905,2979,2982,2979,2982,2996,2907,2997,2905,2997,2999,2999,2996,2907,2924],"product_tag":[],"class_list":{"0":"post-390843","1":"product","2":"type-product","3":"status-publish","4":"has-post-thumbnail","6":"product_cat-sao-valentim-2","7":"product_cat-data-de-expiracao-proxima","8":"product_cat-decoracoes-comestiveis-2","9":"product_cat-decoracoes-de-acucar","12":"product_cat-produtos-vegetarianos","13":"product_cat-festas","14":"product_cat-halal","17":"product_cat-kosher-2","23":"first","24":"instock","25":"taxable","26":"shipping-taxable","27":"purchasable","28":"product-type-simple"},"acf":[],"df_price":4.95,"df_sale_price":"","df_regular_price":4.95,"df_image_link":"https:\/\/glotomania.com\/wp-content\/uploads\/2026\/01\/img_28225_6fecd508239eababc5374d5bfeadd561_1.jpg","brands":[],"_links":{"self":[{"href":"https:\/\/glotomania.com\/pt-pt\/wp-json\/wp\/v2\/product\/390843","targetHints":{"allow":["GET"]}}],"collection":[{"href":"https:\/\/glotomania.com\/pt-pt\/wp-json\/wp\/v2\/product"}],"about":[{"href":"https:\/\/glotomania.com\/pt-pt\/wp-json\/wp\/v2\/types\/product"}],"replies":[{"embeddable":true,"href":"https:\/\/glotomania.com\/pt-pt\/wp-json\/wp\/v2\/comments?post=390843"}],"wp:featuredmedia":[{"embeddable":true,"href":"https:\/\/glotomania.com\/pt-pt\/wp-json\/wp\/v2\/media\/375716"}],"wp:attachment":[{"href":"https:\/\/glotomania.com\/pt-pt\/wp-json\/wp\/v2\/media?parent=390843"}],"wp:term":[{"taxonomy":"pwb-brand","embeddable":true,"href":"https:\/\/glotomania.com\/pt-pt\/wp-json\/wp\/v2\/pwb-brand?post=390843"},{"taxonomy":"product_brand","embeddable":true,"href":"https:\/\/glotomania.com\/pt-pt\/wp-json\/wp\/v2\/product_brand?post=390843"},{"taxonomy":"product_cat","embeddable":true,"href":"https:\/\/glotomania.com\/pt-pt\/wp-json\/wp\/v2\/product_cat?post=390843"},{"taxonomy":"product_tag","embeddable":true,"href":"https:\/\/glotomania.com\/pt-pt\/wp-json\/wp\/v2\/product_tag?post=390843"}],"curies":[{"name":"wp","href":"https:\/\/api.w.org\/{rel}","templated":true}]}}