{"id":390845,"date":"2026-01-19T12:09:04","date_gmt":"2026-01-19T12:09:04","guid":{"rendered":"https:\/\/glotomania.com\/p\/cortador-de-acero-inoxidable-wilton-corazon-2\/"},"modified":"2026-03-15T01:55:14","modified_gmt":"2026-03-15T01:55:14","slug":"cortador-de-acero-inoxidable-wilton-corazon-2","status":"publish","type":"product","link":"https:\/\/glotomania.com\/pt-pt\/p\/cortador-de-acero-inoxidable-wilton-corazon-2\/","title":{"rendered":"Cortador De Biscoitos Em A\u00c7o Inoxid\u00c1vel Wilton &#8211; Cora\u00c7\u00c3o"},"content":{"rendered":"<p data-end=\"2047\" data-start=\"1587\">&nbsp;<\/p>\n<p data-end=\"2047\" data-start=\"1587\"><span style=\"font-size:14px\"><span style=\"color:#000000\">Fabricado em <strong>a&ccedil;o inoxid&aacute;vel resistente<\/strong>, este cortador oferece excelente durabilidade e um corte limpo a cada uso. Seu design em forma de cora&ccedil;&atilde;o, um s&iacute;mbolo ic&ocirc;nico de amor e do&ccedil;ura, adiciona ternura, aconchego e personalidade a qualquer cria&ccedil;&atilde;o doce.<\/span><\/span><\/p>\n<p data-end=\"2150\" data-start=\"2049\"><span style=\"font-size:14px\"><span style=\"color:#000000\">Este cortador &eacute; f&aacute;cil de usar e pode ser lavado na lava-lou&ccedil;as, facilitando a limpeza e a manuten&ccedil;&atilde;o.<\/span><\/span><\/p>\n<p data-end=\"2278\" data-start=\"2152\"><span style=\"font-size:14px\"><span style=\"color:#000000\"><strong>Medidas aprox.:<\/strong> 8,2 cm.<\/span><\/span><\/p>\n","protected":false},"excerpt":{"rendered":"<p>Fa\u00e7a com que suas celebra\u00e7\u00f5es e doces tem\u00e1ticos se encham de amor, estilo e charme usando o cortador de biscoitos Wilton em formato de cora\u00e7\u00e3o.<\/p>\n","protected":false},"featured_media":378753,"comment_status":"open","ping_status":"closed","template":"","meta":{"_acf_changed":false},"pwb-brand":[],"product_brand":[],"product_cat":[3199,2907,3087,2924,1852,1788,1849,1767],"product_tag":[],"class_list":{"0":"post-390845","1":"product","2":"type-product","3":"status-publish","4":"has-post-thumbnail","6":"product_cat-cortadores-de-metal","7":"product_cat-festas","8":"product_cat-ordem-e-armazenamento","9":"product_cat-sao-valentim-2","10":"product_cat-san-valentin","11":"product_cat-cortadores-de-cobre","12":"product_cat-fiestas","13":"product_cat-utensilios","15":"first","16":"instock","17":"taxable","18":"shipping-taxable","19":"purchasable","20":"product-type-simple"},"acf":[],"df_price":2.25,"df_sale_price":"","df_regular_price":2.25,"df_image_link":"https:\/\/glotomania.com\/wp-content\/uploads\/2026\/01\/img_28245_1400e7b29ded47f7990d8d7724446b8d_1.jpg","brands":[],"_links":{"self":[{"href":"https:\/\/glotomania.com\/pt-pt\/wp-json\/wp\/v2\/product\/390845","targetHints":{"allow":["GET"]}}],"collection":[{"href":"https:\/\/glotomania.com\/pt-pt\/wp-json\/wp\/v2\/product"}],"about":[{"href":"https:\/\/glotomania.com\/pt-pt\/wp-json\/wp\/v2\/types\/product"}],"replies":[{"embeddable":true,"href":"https:\/\/glotomania.com\/pt-pt\/wp-json\/wp\/v2\/comments?post=390845"}],"wp:featuredmedia":[{"embeddable":true,"href":"https:\/\/glotomania.com\/pt-pt\/wp-json\/wp\/v2\/media\/378753"}],"wp:attachment":[{"href":"https:\/\/glotomania.com\/pt-pt\/wp-json\/wp\/v2\/media?parent=390845"}],"wp:term":[{"taxonomy":"pwb-brand","embeddable":true,"href":"https:\/\/glotomania.com\/pt-pt\/wp-json\/wp\/v2\/pwb-brand?post=390845"},{"taxonomy":"product_brand","embeddable":true,"href":"https:\/\/glotomania.com\/pt-pt\/wp-json\/wp\/v2\/product_brand?post=390845"},{"taxonomy":"product_cat","embeddable":true,"href":"https:\/\/glotomania.com\/pt-pt\/wp-json\/wp\/v2\/product_cat?post=390845"},{"taxonomy":"product_tag","embeddable":true,"href":"https:\/\/glotomania.com\/pt-pt\/wp-json\/wp\/v2\/product_tag?post=390845"}],"curies":[{"name":"wp","href":"https:\/\/api.w.org\/{rel}","templated":true}]}}