{"id":390846,"date":"2026-01-19T12:09:11","date_gmt":"2026-01-19T12:09:11","guid":{"rendered":"https:\/\/glotomania.com\/p\/cortador-de-acero-inoxidable-wilton-corona-2\/"},"modified":"2026-03-11T06:03:35","modified_gmt":"2026-03-11T06:03:35","slug":"cortador-de-acero-inoxidable-wilton-corona-2","status":"publish","type":"product","link":"https:\/\/glotomania.com\/pt-pt\/p\/cortador-de-acero-inoxidable-wilton-corona-2\/","title":{"rendered":"Cortador De Biscoitos Em A\u00c7o Inoxid\u00c1vel Wilton &#8211; Coroa"},"content":{"rendered":"<p data-end=\"2037\" data-start=\"1544\">&nbsp;<\/p>\n<p data-end=\"2037\" data-start=\"1544\"><span style=\"font-size:14px\"><span style=\"color:#000000\">Fabricado em <strong>a&ccedil;o inoxid&aacute;vel resistente<\/strong>, este cortador oferece excelente durabilidade e um corte limpo a cada uso. Seu design de coroa de princesa, um s&iacute;mbolo ic&ocirc;nico de realeza, fantasia e eleg&acirc;ncia, acrescenta magia, delicadeza e personalidade a qualquer cria&ccedil;&atilde;o doce.<\/span><\/span><\/p>\n<p data-end=\"2140\" data-start=\"2039\"><span style=\"font-size:14px\"><span style=\"color:#000000\">Este cortador &eacute; f&aacute;cil de usar e pode ser lavado na lava-lou&ccedil;as, facilitando a limpeza e a manuten&ccedil;&atilde;o.<\/span><\/span><\/p>\n<p data-end=\"2229\" data-start=\"2142\"><span style=\"font-size:14px\"><span style=\"color:#000000\"><strong>Medidas aprox.: <\/strong>6,5 cm.<\/span><\/span><\/p>\n","protected":false},"excerpt":{"rendered":"<p>Fa\u00e7a com que suas celebra\u00e7\u00f5es e doces tem\u00e1ticos se encham de eleg\u00e2ncia, fantasia e charme usando o cortador de biscoitos Wilton em formato de coroa de princesa.<\/p>\n","protected":false},"featured_media":378754,"comment_status":"open","ping_status":"closed","template":"","meta":{"_acf_changed":false},"pwb-brand":[],"product_brand":[],"product_cat":[3199,2907,3087,1788,2204,1849,1767],"product_tag":[],"class_list":{"0":"post-390846","1":"product","2":"type-product","3":"status-publish","4":"has-post-thumbnail","6":"product_cat-cortadores-de-metal","7":"product_cat-festas","8":"product_cat-ordem-e-armazenamento","9":"product_cat-cortadores-de-cobre","10":"product_cat-dias-especiales","11":"product_cat-fiestas","12":"product_cat-utensilios","14":"first","15":"instock","16":"taxable","17":"shipping-taxable","18":"purchasable","19":"product-type-simple"},"acf":[],"df_price":2.25,"df_sale_price":"","df_regular_price":2.25,"df_image_link":"https:\/\/glotomania.com\/wp-content\/uploads\/2026\/01\/img_28247_b229a2067e365973d272f06bc49bfccb_1.jpg","brands":[],"_links":{"self":[{"href":"https:\/\/glotomania.com\/pt-pt\/wp-json\/wp\/v2\/product\/390846","targetHints":{"allow":["GET"]}}],"collection":[{"href":"https:\/\/glotomania.com\/pt-pt\/wp-json\/wp\/v2\/product"}],"about":[{"href":"https:\/\/glotomania.com\/pt-pt\/wp-json\/wp\/v2\/types\/product"}],"replies":[{"embeddable":true,"href":"https:\/\/glotomania.com\/pt-pt\/wp-json\/wp\/v2\/comments?post=390846"}],"wp:featuredmedia":[{"embeddable":true,"href":"https:\/\/glotomania.com\/pt-pt\/wp-json\/wp\/v2\/media\/378754"}],"wp:attachment":[{"href":"https:\/\/glotomania.com\/pt-pt\/wp-json\/wp\/v2\/media?parent=390846"}],"wp:term":[{"taxonomy":"pwb-brand","embeddable":true,"href":"https:\/\/glotomania.com\/pt-pt\/wp-json\/wp\/v2\/pwb-brand?post=390846"},{"taxonomy":"product_brand","embeddable":true,"href":"https:\/\/glotomania.com\/pt-pt\/wp-json\/wp\/v2\/product_brand?post=390846"},{"taxonomy":"product_cat","embeddable":true,"href":"https:\/\/glotomania.com\/pt-pt\/wp-json\/wp\/v2\/product_cat?post=390846"},{"taxonomy":"product_tag","embeddable":true,"href":"https:\/\/glotomania.com\/pt-pt\/wp-json\/wp\/v2\/product_tag?post=390846"}],"curies":[{"name":"wp","href":"https:\/\/api.w.org\/{rel}","templated":true}]}}