{"id":390849,"date":"2026-01-26T16:09:37","date_gmt":"2026-01-26T16:09:37","guid":{"rendered":"https:\/\/glotomania.com\/p\/manteca-de-cacao-en-gotas-decora-160-g-2\/"},"modified":"2026-04-07T17:04:50","modified_gmt":"2026-04-07T17:04:50","slug":"manteca-de-cacao-en-gotas-decora-160-g-2","status":"publish","type":"product","link":"https:\/\/glotomania.com\/pt-pt\/p\/manteca-de-cacao-en-gotas-decora-160-g-2\/","title":{"rendered":"Manteiga De Cacau Em Gotas Decora \u2013 160 G"},"content":{"rendered":"<div>&nbsp;<\/div>\n<div><span style=\"color:#000000\"><span style=\"font-size:14px\">A manteiga de cacau em gotas Decora &eacute; um ingrediente essencial para chocolateria e confeitaria profissional. Produzida <strong>a partir de manteiga de cacau pura<\/strong>, apresenta <strong>cor e sabor neutros<\/strong>, sendo perfeita para <strong>melhorar a fluidez do chocolate<\/strong> sem alterar o seu perfil original.<\/span><\/span><br \/>\n&nbsp;<\/div>\n<div><span style=\"color:#000000\"><span style=\"font-size:14px\">O formato em gotas facilita a dosagem e permite uma <strong>fus&atilde;o r&aacute;pida e homog&eacute;nea<\/strong>. Ideal para temperar chocolate, ajustar a consist&ecirc;ncia de coberturas, criar chocolate colorido ou realizar decora&ccedil;&otilde;es precisas em chocolateria e confeitaria criativa.<\/span><\/span><br \/>\n&nbsp;<\/div>\n<div><span style=\"color:#000000\"><span style=\"font-size:14px\"><strong>Vantagens:<\/strong><\/span><\/span><\/div>\n<ul>\n<li><span style=\"color:#000000\"><span style=\"font-size:14px\"><strong>Melhora a fluidez do chocolate:<\/strong> Proporciona uma textura mais lisa e f&aacute;cil de trabalhar, ideal para trabalhos delicados.<\/span><\/span><\/li>\n<li><span style=\"color:#000000\"><span style=\"font-size:14px\"><strong>Facilita a temperagem: <\/strong>Ajuda a estabilizar o chocolate, obtendo um acabamento brilhante e uma quebra limpa.<\/span><\/span><\/li>\n<li><span style=\"color:#000000\"><span style=\"font-size:14px\"><strong>Cor e sabor neutros:<\/strong> N&atilde;o altera o sabor nem a apar&ecirc;ncia original do chocolate.<\/span><\/span><\/li>\n<li><span style=\"color:#000000\"><span style=\"font-size:14px\"><strong>Dosagem pr&aacute;tica em gotas:<\/strong> Permite dosar facilmente e derreter de forma r&aacute;pida e uniforme.<\/span><\/span><\/li>\n<li><span style=\"color:#000000\"><span style=\"font-size:14px\"><strong>Vers&aacute;til e profissional: <\/strong>Adequada para bombons, moldes, coberturas, decora&ccedil;&otilde;es e chocolate colorido.<\/span><\/span><\/li>\n<li><span style=\"color:#000000\"><span style=\"font-size:14px\"><strong>100 % manteiga de cacau vegetal: <\/strong>Ingrediente puro, sem aditivos, ideal para uso profissional e dom&eacute;stico avan&ccedil;ado.<\/span><\/span><\/li>\n<li><span style=\"color:#000000\"><span style=\"font-size:14px\"><strong>Ideal para t&eacute;cnicas de colora&ccedil;&atilde;o:<\/strong> Base perfeita para corantes lipossol&uacute;veis com aer&oacute;grafo ou pincel.<\/span><\/span><\/li>\n<\/ul>\n","protected":false},"excerpt":{"rendered":"<p>Manteiga de cacau pura em gotas, com cor e sabor neutros. Ideal para temperar chocolate, melhorar a fluidez e criar decora\u00e7\u00f5es profissionais. F\u00e1cil de dosar e derreter.<\/p>\n","protected":false},"featured_media":381586,"comment_status":"open","ping_status":"closed","template":"","meta":{"_acf_changed":false},"pwb-brand":[],"product_brand":[],"product_cat":[2952,1880,2905,1829,3018,1844],"product_tag":[],"class_list":{"0":"post-390849","1":"product","2":"type-product","3":"status-publish","4":"has-post-thumbnail","6":"product_cat-coberturas-2","7":"product_cat-cobertura","8":"product_cat-data-de-expiracao-proxima","9":"product_cat-ingredientes","10":"product_cat-ingredientes-de-pastelaria-2","11":"product_cat-ingredientes-reposteria","13":"first","14":"instock","15":"taxable","16":"shipping-taxable","17":"purchasable","18":"product-type-simple"},"acf":[],"df_price":11.95,"df_sale_price":"","df_regular_price":11.95,"df_image_link":"https:\/\/glotomania.com\/wp-content\/uploads\/2026\/01\/img_28269_41d48a3fa3b0655e3a2d0efd945d65cd_1.jpg","brands":[],"_links":{"self":[{"href":"https:\/\/glotomania.com\/pt-pt\/wp-json\/wp\/v2\/product\/390849","targetHints":{"allow":["GET"]}}],"collection":[{"href":"https:\/\/glotomania.com\/pt-pt\/wp-json\/wp\/v2\/product"}],"about":[{"href":"https:\/\/glotomania.com\/pt-pt\/wp-json\/wp\/v2\/types\/product"}],"replies":[{"embeddable":true,"href":"https:\/\/glotomania.com\/pt-pt\/wp-json\/wp\/v2\/comments?post=390849"}],"wp:featuredmedia":[{"embeddable":true,"href":"https:\/\/glotomania.com\/pt-pt\/wp-json\/wp\/v2\/media\/381586"}],"wp:attachment":[{"href":"https:\/\/glotomania.com\/pt-pt\/wp-json\/wp\/v2\/media?parent=390849"}],"wp:term":[{"taxonomy":"pwb-brand","embeddable":true,"href":"https:\/\/glotomania.com\/pt-pt\/wp-json\/wp\/v2\/pwb-brand?post=390849"},{"taxonomy":"product_brand","embeddable":true,"href":"https:\/\/glotomania.com\/pt-pt\/wp-json\/wp\/v2\/product_brand?post=390849"},{"taxonomy":"product_cat","embeddable":true,"href":"https:\/\/glotomania.com\/pt-pt\/wp-json\/wp\/v2\/product_cat?post=390849"},{"taxonomy":"product_tag","embeddable":true,"href":"https:\/\/glotomania.com\/pt-pt\/wp-json\/wp\/v2\/product_tag?post=390849"}],"curies":[{"name":"wp","href":"https:\/\/api.w.org\/{rel}","templated":true}]}}