{"id":390850,"date":"2026-01-30T10:13:27","date_gmt":"2026-01-30T10:13:27","guid":{"rendered":"https:\/\/glotomania.com\/p\/bolsas-para-dulces-love-arcoiris-decora-20-u-2\/"},"modified":"2026-03-25T16:09:55","modified_gmt":"2026-03-25T16:09:55","slug":"bolsas-para-dulces-love-arcoiris-decora-20-u-2","status":"publish","type":"product","link":"https:\/\/glotomania.com\/pt-pt\/p\/bolsas-para-dulces-love-arcoiris-decora-20-u-2\/","title":{"rendered":"Sacos Para Doces \u201clove\u201d Arco-\u00cdris \u2013 Decora (20 U)"},"content":{"rendered":"<div>&nbsp;<\/div>\n<div><span style=\"color:#000000\"><span style=\"font-size:14px\">Fabricados em pl&aacute;stico transparente adequado para contacto alimentar, s&atilde;o decorados com cora&ccedil;&otilde;es arco-&iacute;ris e a palavra LOVE, perfeitos para apresentar rebu&ccedil;ados, chocolates, bolachas ou pequenos presentes de forma cuidada e atrativa. Uma solu&ccedil;&atilde;o pr&aacute;tica e decorativa para surpreender os seus convidados e valorizar cada detalhe.<\/span><\/span><br \/>\n&nbsp;<\/div>\n<div><span style=\"color:#000000\"><span style=\"font-size:14px\">Gra&ccedil;as &agrave; base com fole, <strong>os sacos mant&ecirc;m-se em p&eacute; depois de cheios<\/strong>, garantindo uma apresenta&ccedil;&atilde;o elegante e funcional. Ideais para anivers&aacute;rios, Dia dos Namorados, casamentos, festas infantis, candy bars, mesas de doces e eventos tem&aacute;ticos.<\/span><\/span><br \/>\n&nbsp;<\/div>\n<div><span style=\"color:#000000\"><span style=\"font-size:14px\"><strong>Medidas aprox.:<\/strong> 12,5 x 24 cm.<\/span><\/span><\/div>\n","protected":false},"excerpt":{"rendered":"<p>D\u00ea um toque alegre e cheio de cor \u00e0s suas celebra\u00e7\u00f5es com estes sacos para doces Love da Decora.<\/p>\n","protected":false},"featured_media":383036,"comment_status":"open","ping_status":"closed","template":"","meta":{"_acf_changed":false,"_joinchat":[]},"pwb-brand":[],"product_brand":[],"product_cat":[2924,3153,3149,2910,2907,3087,2910,2907,3149,3153,2924,3087],"product_tag":[],"class_list":{"0":"post-390850","1":"product","2":"type-product","3":"status-publish","4":"has-post-thumbnail","6":"product_cat-sao-valentim-2","7":"product_cat-sacos-para-doces-2","8":"product_cat-sacos-de-pastelaria-2","9":"product_cat-casamentos-2","10":"product_cat-festas","11":"product_cat-ordem-e-armazenamento","19":"first","20":"instock","21":"taxable","22":"shipping-taxable","23":"purchasable","24":"product-type-simple"},"acf":[],"df_price":3.5,"df_sale_price":"","df_regular_price":3.5,"df_image_link":"https:\/\/glotomania.com\/wp-content\/uploads\/2026\/01\/img_28273_2d97e7d689c5dbea7ffd0a6d7ed537c0_1.jpg","brands":[],"_links":{"self":[{"href":"https:\/\/glotomania.com\/pt-pt\/wp-json\/wp\/v2\/product\/390850","targetHints":{"allow":["GET"]}}],"collection":[{"href":"https:\/\/glotomania.com\/pt-pt\/wp-json\/wp\/v2\/product"}],"about":[{"href":"https:\/\/glotomania.com\/pt-pt\/wp-json\/wp\/v2\/types\/product"}],"replies":[{"embeddable":true,"href":"https:\/\/glotomania.com\/pt-pt\/wp-json\/wp\/v2\/comments?post=390850"}],"wp:featuredmedia":[{"embeddable":true,"href":"https:\/\/glotomania.com\/pt-pt\/wp-json\/wp\/v2\/media\/383036"}],"wp:attachment":[{"href":"https:\/\/glotomania.com\/pt-pt\/wp-json\/wp\/v2\/media?parent=390850"}],"wp:term":[{"taxonomy":"pwb-brand","embeddable":true,"href":"https:\/\/glotomania.com\/pt-pt\/wp-json\/wp\/v2\/pwb-brand?post=390850"},{"taxonomy":"product_brand","embeddable":true,"href":"https:\/\/glotomania.com\/pt-pt\/wp-json\/wp\/v2\/product_brand?post=390850"},{"taxonomy":"product_cat","embeddable":true,"href":"https:\/\/glotomania.com\/pt-pt\/wp-json\/wp\/v2\/product_cat?post=390850"},{"taxonomy":"product_tag","embeddable":true,"href":"https:\/\/glotomania.com\/pt-pt\/wp-json\/wp\/v2\/product_tag?post=390850"}],"curies":[{"name":"wp","href":"https:\/\/api.w.org\/{rel}","templated":true}]}}