{"id":390853,"date":"2026-01-30T10:13:42","date_gmt":"2026-01-30T10:13:42","guid":{"rendered":"https:\/\/glotomania.com\/p\/capsulas-cupcakes-love-decora-2\/"},"modified":"2026-03-11T06:03:49","modified_gmt":"2026-03-11T06:03:49","slug":"capsulas-cupcakes-love-decora-2","status":"publish","type":"product","link":"https:\/\/glotomania.com\/pt-pt\/p\/capsulas-cupcakes-love-decora-2\/","title":{"rendered":"C\u00c1psulas Para Cupcakes \u201clove\u201d \u2013 Decora"},"content":{"rendered":"<div>&nbsp;<\/div>\n<div><span style=\"font-size:14px\"><span style=\"color:#000000\">Fabricadas em&nbsp;<strong>papel resistente pr&oacute;prio para forno<\/strong>, garantem uma&nbsp;<strong>cozedura uniforme<\/strong>&nbsp;e mant&ecirc;m a forma durante o forno, oferecendo um acabamento limpo e profissional.<\/span><\/span><br \/>\n&nbsp;<\/div>\n<div><span style=\"font-size:14px\"><span style=\"color:#000000\">O seu design decorativo com cora&ccedil;&otilde;es, mensagens e a palavra&nbsp;<em data-end=\"2598\" data-start=\"2592\">love<\/em>&nbsp;transforma cada doce num detalhe especial, perfeito para anivers&aacute;rios, festas infantis, Dia dos Namorados, casamentos, mesas de doces e eventos tem&aacute;ticos. Adequadas tanto para pastelaria caseira como para uso profissional em padarias e confeitarias.<\/span><\/span><\/div>\n<div>&nbsp;<\/div>\n<div><span style=\"font-size:14px\"><span style=\"color:#000000\">O pack&nbsp;<strong>inclui 36 c&aacute;psulas<\/strong>, uma solu&ccedil;&atilde;o pr&aacute;tica e decorativa para valorizar a apresenta&ccedil;&atilde;o das suas sobremesas e surpreender os convidados.<\/span><\/span><br \/>\n&nbsp;<\/div>\n<div><span style=\"font-size:14px\"><span style=\"color:#000000\"><strong>Medidas aprox.:&nbsp;<\/strong>&Oslash; 5 cm x altura 3,2 cm.<\/span><\/span><\/div>\n","protected":false},"excerpt":{"rendered":"<p>D\u00ea cor e personalidade \u00e0s suas cria\u00e7\u00f5es com as c\u00e1psulas para cupcakes com mensagens de amor da Decora, ideais para muffins, cupcakes e mini bolos.<\/p>\n","protected":false},"featured_media":383092,"comment_status":"open","ping_status":"closed","template":"","meta":{"_acf_changed":false,"_joinchat":[]},"pwb-brand":[],"product_brand":[],"product_cat":[1852,3191,2009,3193,2010,2910,2907,3087,1888,1849,2924,1767],"product_tag":[],"class_list":{"0":"post-390853","1":"product","2":"type-product","3":"status-publish","4":"has-post-thumbnail","6":"product_cat-san-valentin","7":"product_cat-capacillos-de-papel-2","8":"product_cat-capsulas","9":"product_cat-capsulas-para-cupcakes-2","10":"product_cat-capsulas-cupcakes","11":"product_cat-casamentos-2","12":"product_cat-festas","13":"product_cat-ordem-e-armazenamento","14":"product_cat-bodas","15":"product_cat-fiestas","16":"product_cat-sao-valentim-2","17":"product_cat-utensilios","19":"first","20":"instock","21":"taxable","22":"shipping-taxable","23":"purchasable","24":"product-type-simple"},"acf":[],"df_price":1.95,"df_sale_price":"","df_regular_price":1.95,"df_image_link":"https:\/\/glotomania.com\/wp-content\/uploads\/2026\/01\/img_28279_5cde58517ffd0e098b852ec6bd52b04a_1.jpg","brands":[],"_links":{"self":[{"href":"https:\/\/glotomania.com\/pt-pt\/wp-json\/wp\/v2\/product\/390853","targetHints":{"allow":["GET"]}}],"collection":[{"href":"https:\/\/glotomania.com\/pt-pt\/wp-json\/wp\/v2\/product"}],"about":[{"href":"https:\/\/glotomania.com\/pt-pt\/wp-json\/wp\/v2\/types\/product"}],"replies":[{"embeddable":true,"href":"https:\/\/glotomania.com\/pt-pt\/wp-json\/wp\/v2\/comments?post=390853"}],"wp:featuredmedia":[{"embeddable":true,"href":"https:\/\/glotomania.com\/pt-pt\/wp-json\/wp\/v2\/media\/383092"}],"wp:attachment":[{"href":"https:\/\/glotomania.com\/pt-pt\/wp-json\/wp\/v2\/media?parent=390853"}],"wp:term":[{"taxonomy":"pwb-brand","embeddable":true,"href":"https:\/\/glotomania.com\/pt-pt\/wp-json\/wp\/v2\/pwb-brand?post=390853"},{"taxonomy":"product_brand","embeddable":true,"href":"https:\/\/glotomania.com\/pt-pt\/wp-json\/wp\/v2\/product_brand?post=390853"},{"taxonomy":"product_cat","embeddable":true,"href":"https:\/\/glotomania.com\/pt-pt\/wp-json\/wp\/v2\/product_cat?post=390853"},{"taxonomy":"product_tag","embeddable":true,"href":"https:\/\/glotomania.com\/pt-pt\/wp-json\/wp\/v2\/product_tag?post=390853"}],"curies":[{"name":"wp","href":"https:\/\/api.w.org\/{rel}","templated":true}]}}