{"id":390855,"date":"2026-01-30T10:13:56","date_gmt":"2026-01-30T10:13:56","guid":{"rendered":"https:\/\/glotomania.com\/p\/molde-para-chocolate-corazones-san-valentin-decora-2\/"},"modified":"2026-03-11T06:03:52","modified_gmt":"2026-03-11T06:03:52","slug":"molde-para-chocolate-corazones-san-valentin-decora-2","status":"publish","type":"product","link":"https:\/\/glotomania.com\/pt-pt\/p\/molde-para-chocolate-corazones-san-valentin-decora-2\/","title":{"rendered":"Molde Para Chocolate Cora\u00c7\u00d5es Dia Dos Namorados \u2013 Decora"},"content":{"rendered":"<div>&nbsp;<\/div>\n<div><span style=\"font-size:14px\"><span style=\"color:#000000\">Esta forma profissional &eacute; fabricada em <strong>policarbonato<\/strong>, um material que permite obter chocolates brilhantes com um acabamento perfeito. Para um resultado ideal, &eacute; importante <strong>temperar corretamente o chocolate<\/strong> antes de o verter na forma.<\/span><\/span><\/div>\n<div>\n<span style=\"font-size:14px\"><span style=\"color:#000000\">A sua disposi&ccedil;&atilde;o &uacute;nica de cora&ccedil;&otilde;es num design criativo confere um acabamento original que far&aacute; sobressair as suas sobremesas, perfeito para celebra&ccedil;&otilde;es especiais, presentes ou momentos rom&acirc;nticos.<\/span><\/span><\/div>\n<div>\n<span style=\"font-size:14px\"><span style=\"color:#000000\">Esta forma vers&aacute;til &eacute; f&aacute;cil de utilizar e adequada tanto para iniciantes como para pasteleiros mais experientes. Ideal para eventos como Dia dos Namorados, anivers&aacute;rios, casamentos, festas de anivers&aacute;rio ou eventos tem&aacute;ticos.<\/span><\/span><\/div>\n<div>\n<span style=\"font-size:14px\"><span style=\"color:#000000\"><strong>Medidas aprox.: <\/strong><u>12 cavidades<\/u> de 30 x 40 x 20 mm &ndash; <u>Molde<\/u>&nbsp;20 x 12 x 2,2 cm.<\/span><\/span><\/div>\n","protected":false},"excerpt":{"rendered":"<p>Forma original para chocolates e pequenas figuras em forma de cora\u00e7\u00e3o, concebida para pastelaria doce, chocolateria e decora\u00e7\u00e3o de sobremesas. Ideal para criar chocolates artesanais, rebu\u00e7ados moldados, gelatinas tem\u00e1ticas ou pequenos detalhes em fondant.<\/p>\n","protected":false},"featured_media":382982,"comment_status":"open","ping_status":"closed","template":"","meta":{"_acf_changed":false},"pwb-brand":[],"product_brand":[],"product_cat":[1852,2910,2204,2907,3214,1918,3221,1801,3223,1884,3087,1888,1849,2924,1767],"product_tag":[],"class_list":{"0":"post-390855","1":"product","2":"type-product","3":"status-publish","4":"has-post-thumbnail","6":"product_cat-san-valentin","7":"product_cat-casamentos-2","8":"product_cat-dias-especiales","9":"product_cat-festas","10":"product_cat-moldes-de-pastelaria","11":"product_cat-moldes-plastico","12":"product_cat-moldes-de-plastico","13":"product_cat-moldes","14":"product_cat-moldes-para-chocolate","15":"product_cat-moldes-chocolate","16":"product_cat-ordem-e-armazenamento","17":"product_cat-bodas","18":"product_cat-fiestas","19":"product_cat-sao-valentim-2","20":"product_cat-utensilios","22":"first","23":"instock","24":"taxable","25":"shipping-taxable","26":"purchasable","27":"product-type-simple"},"acf":[],"df_price":11.95,"df_sale_price":"","df_regular_price":11.95,"df_image_link":"https:\/\/glotomania.com\/wp-content\/uploads\/2026\/01\/img_28284_24cbecb6dd5c848947a76f5fc397cd47_1.jpg","brands":[],"_links":{"self":[{"href":"https:\/\/glotomania.com\/pt-pt\/wp-json\/wp\/v2\/product\/390855","targetHints":{"allow":["GET"]}}],"collection":[{"href":"https:\/\/glotomania.com\/pt-pt\/wp-json\/wp\/v2\/product"}],"about":[{"href":"https:\/\/glotomania.com\/pt-pt\/wp-json\/wp\/v2\/types\/product"}],"replies":[{"embeddable":true,"href":"https:\/\/glotomania.com\/pt-pt\/wp-json\/wp\/v2\/comments?post=390855"}],"wp:featuredmedia":[{"embeddable":true,"href":"https:\/\/glotomania.com\/pt-pt\/wp-json\/wp\/v2\/media\/382982"}],"wp:attachment":[{"href":"https:\/\/glotomania.com\/pt-pt\/wp-json\/wp\/v2\/media?parent=390855"}],"wp:term":[{"taxonomy":"pwb-brand","embeddable":true,"href":"https:\/\/glotomania.com\/pt-pt\/wp-json\/wp\/v2\/pwb-brand?post=390855"},{"taxonomy":"product_brand","embeddable":true,"href":"https:\/\/glotomania.com\/pt-pt\/wp-json\/wp\/v2\/product_brand?post=390855"},{"taxonomy":"product_cat","embeddable":true,"href":"https:\/\/glotomania.com\/pt-pt\/wp-json\/wp\/v2\/product_cat?post=390855"},{"taxonomy":"product_tag","embeddable":true,"href":"https:\/\/glotomania.com\/pt-pt\/wp-json\/wp\/v2\/product_tag?post=390855"}],"curies":[{"name":"wp","href":"https:\/\/api.w.org\/{rel}","templated":true}]}}