{"id":390857,"date":"2026-01-30T10:14:07","date_gmt":"2026-01-30T10:14:07","guid":{"rendered":"https:\/\/glotomania.com\/p\/kit-molde-termoformado-corazones-para-chocolates-decora-2\/"},"modified":"2026-03-11T06:03:55","modified_gmt":"2026-03-11T06:03:55","slug":"kit-molde-termoformado-corazones-para-chocolates-decora-2","status":"publish","type":"product","link":"https:\/\/glotomania.com\/pt-pt\/p\/kit-molde-termoformado-corazones-para-chocolates-decora-2\/","title":{"rendered":"Kit Molde Termoformado De Cora\u00c7\u00d5es Para Bombons \u2013 Decora"},"content":{"rendered":"<div>&nbsp;<\/div>\n<div><span style=\"font-size:14px\"><span style=\"color:#000000\">A forma &eacute; fabricada em <strong>APET termoformado<\/strong> pr&oacute;prio para contacto alimentar, um material ideal para trabalhar chocolate ou suced&acirc;neos de chocolate, permitindo obter bombons bem definidos e com um aspeto atrativo.<\/span><\/span><\/div>\n<div>&nbsp;<\/div>\n<div><span style=\"font-size:14px\"><span style=\"color:#000000\">O seu design em forma de cora&ccedil;&atilde;o torna-o uma op&ccedil;&atilde;o ideal para o Dia dos Namorados, anivers&aacute;rios, casamentos, presentes personalizados e eventos especiais.<\/span><\/span><\/div>\n<div>&nbsp;<\/div>\n<div><span style=\"font-size:14px\"><span style=\"color:#000000\"><strong>Conte&uacute;do do kit:<\/strong><\/span><\/span><\/div>\n<ul>\n<li><span style=\"font-size:14px\"><span style=\"color:#000000\">1 forma termoformada de cora&ccedil;&otilde;es.<\/span><\/span><\/li>\n<li><span style=\"font-size:14px\"><span style=\"color:#000000\">40 saquetas transparentes.<\/span><\/span><\/li>\n<li><span style=\"font-size:14px\"><span style=\"color:#000000\">40 autocolantes decorativos.<\/span><\/span><\/li>\n<\/ul>\n<div><span style=\"font-size:14px\"><span style=\"color:#000000\"><strong>Medidas aprox.:<\/strong> Molde&nbsp;15 x 26,8 cm &#8211; Saquetas&nbsp;8 x 8 cm &#8211; Autocolantes&nbsp;&Oslash; 3 cm.<\/span><\/span><\/div>\n","protected":false},"excerpt":{"rendered":"<p>Crie bombons e pralin\u00e9s com um acabamento profissional e rom\u00e2ntico com o kit de forma termoformada de cora\u00e7\u00f5es da Decora, concebido para produzir chocolates em forma de cora\u00e7\u00e3o de forma simples e elegante.<\/p>\n","protected":false},"featured_media":383069,"comment_status":"open","ping_status":"closed","template":"","meta":{"_acf_changed":false},"pwb-brand":[],"product_brand":[],"product_cat":[2910,2907,3214,3221,3223,3087,3149,3153,2924,1852,2006,2005,2204,1918,1801,1884,1888,1849,1767],"product_tag":[],"class_list":{"0":"post-390857","1":"product","2":"type-product","3":"status-publish","4":"has-post-thumbnail","6":"product_cat-casamentos-2","7":"product_cat-festas","8":"product_cat-moldes-de-pastelaria","9":"product_cat-moldes-de-plastico","10":"product_cat-moldes-para-chocolate","11":"product_cat-ordem-e-armazenamento","12":"product_cat-sacos-de-pastelaria-2","13":"product_cat-sacos-para-doces-2","14":"product_cat-sao-valentim-2","15":"product_cat-san-valentin","16":"product_cat-bolsas-dulces","17":"product_cat-bolsas","18":"product_cat-dias-especiales","19":"product_cat-moldes-plastico","20":"product_cat-moldes","21":"product_cat-moldes-chocolate","22":"product_cat-bodas","23":"product_cat-fiestas","24":"product_cat-utensilios","26":"first","27":"instock","28":"taxable","29":"shipping-taxable","30":"purchasable","31":"product-type-simple"},"acf":[],"df_price":5.75,"df_sale_price":"","df_regular_price":5.75,"df_image_link":"https:\/\/glotomania.com\/wp-content\/uploads\/2026\/01\/img_28289_97fabccfb26d6388db98b4ce06d2144a_1.jpg","brands":[],"_links":{"self":[{"href":"https:\/\/glotomania.com\/pt-pt\/wp-json\/wp\/v2\/product\/390857","targetHints":{"allow":["GET"]}}],"collection":[{"href":"https:\/\/glotomania.com\/pt-pt\/wp-json\/wp\/v2\/product"}],"about":[{"href":"https:\/\/glotomania.com\/pt-pt\/wp-json\/wp\/v2\/types\/product"}],"replies":[{"embeddable":true,"href":"https:\/\/glotomania.com\/pt-pt\/wp-json\/wp\/v2\/comments?post=390857"}],"wp:featuredmedia":[{"embeddable":true,"href":"https:\/\/glotomania.com\/pt-pt\/wp-json\/wp\/v2\/media\/383069"}],"wp:attachment":[{"href":"https:\/\/glotomania.com\/pt-pt\/wp-json\/wp\/v2\/media?parent=390857"}],"wp:term":[{"taxonomy":"pwb-brand","embeddable":true,"href":"https:\/\/glotomania.com\/pt-pt\/wp-json\/wp\/v2\/pwb-brand?post=390857"},{"taxonomy":"product_brand","embeddable":true,"href":"https:\/\/glotomania.com\/pt-pt\/wp-json\/wp\/v2\/product_brand?post=390857"},{"taxonomy":"product_cat","embeddable":true,"href":"https:\/\/glotomania.com\/pt-pt\/wp-json\/wp\/v2\/product_cat?post=390857"},{"taxonomy":"product_tag","embeddable":true,"href":"https:\/\/glotomania.com\/pt-pt\/wp-json\/wp\/v2\/product_tag?post=390857"}],"curies":[{"name":"wp","href":"https:\/\/api.w.org\/{rel}","templated":true}]}}