{"id":390858,"date":"2026-01-30T10:14:14","date_gmt":"2026-01-30T10:14:14","guid":{"rendered":"https:\/\/glotomania.com\/p\/cortadores-para-galletas-corazones-decora-2\/"},"modified":"2026-03-15T00:40:44","modified_gmt":"2026-03-15T00:40:44","slug":"cortadores-para-galletas-corazones-decora-2","status":"publish","type":"product","link":"https:\/\/glotomania.com\/pt-pt\/p\/cortadores-para-galletas-corazones-decora-2\/","title":{"rendered":"Cortadores Para Biscoitos Cora\u00c7\u00d5es \u2013 Decora"},"content":{"rendered":"<p>&nbsp;<\/p>\n<p><span style=\"font-size:14px\"><span style=\"color:#000000\">Fabricados em pl&aacute;stico resistente e pr&oacute;prio para contacto alimentar, estes cortadores garantem <strong>cortes precisos e um manuseamento confort&aacute;vel<\/strong>. S&atilde;o ideais para preparar bolachas e formas doces ou salgadas, cria&ccedil;&otilde;es de chocolate e at&eacute; atividades criativas com massinha, tornando-se uma ferramenta muito vers&aacute;til tanto para uso dom&eacute;stico como profissional.<\/span><\/span><\/p>\n<p><span style=\"font-size:14px\"><span style=\"color:#000000\">O seu design tem&aacute;tico torna-os perfeitos para o Dia dos Namorados, anivers&aacute;rios, casamentos, festas de anivers&aacute;rio, eventos tem&aacute;ticos ou pequenos presentes, acrescentando personalidade e criatividade a cada cria&ccedil;&atilde;o.<\/span><\/span><\/p>\n<p><span style=\"font-size:14px\"><span style=\"color:#000000\"><strong>Conte&uacute;do do conjunto:<\/strong><\/span><\/span><\/p>\n<ul>\n<li><span style=\"font-size:14px\"><span style=\"color:#000000\">1 cortador cora&ccedil;&atilde;o com asas.<\/span><\/span><\/li>\n<li><span style=\"font-size:14px\"><span style=\"color:#000000\">1 cortador cora&ccedil;&atilde;o com flecha.<\/span><\/span><\/li>\n<\/ul>\n<p><span style=\"font-size:14px\"><span style=\"color:#000000\"><strong>Medidas aprox.: <\/strong>Cora&ccedil;&atilde;o com asas&nbsp;10 x 5 x 2,2 cm &#8211; Cora&ccedil;&atilde;o com flecha&nbsp;12 x 5 x 2,2 cm.<\/span><\/span><\/p>\n","protected":false},"excerpt":{"rendered":"<p>Conjunto composto por 2 designs rom\u00e2nticos: um cora\u00e7\u00e3o com asas e um cora\u00e7\u00e3o atravessado por uma flecha. Um conjunto perfeito para criar bolachas e pequenas prepara\u00e7\u00f5es com um toque original e cheio de carinho.<\/p>\n","protected":false},"featured_media":383178,"comment_status":"open","ping_status":"closed","template":"","meta":{"_acf_changed":false},"pwb-brand":[],"product_brand":[],"product_cat":[2924,2910,3199,3199,2204,2907,3087,2910,2907,2924,3087],"product_tag":[],"class_list":{"0":"post-390858","1":"product","2":"type-product","3":"status-publish","4":"has-post-thumbnail","6":"product_cat-sao-valentim-2","7":"product_cat-casamentos-2","8":"product_cat-cortadores-de-metal","10":"product_cat-dias-especiales","11":"product_cat-festas","12":"product_cat-ordem-e-armazenamento","18":"first","19":"instock","20":"taxable","21":"shipping-taxable","22":"purchasable","23":"product-type-simple"},"acf":[],"df_price":4.3,"df_sale_price":"","df_regular_price":4.3,"df_image_link":"https:\/\/glotomania.com\/wp-content\/uploads\/2026\/02\/img_28293_873e4b8f2107e45d34ad03d648185cc3_1.jpg","brands":[],"_links":{"self":[{"href":"https:\/\/glotomania.com\/pt-pt\/wp-json\/wp\/v2\/product\/390858","targetHints":{"allow":["GET"]}}],"collection":[{"href":"https:\/\/glotomania.com\/pt-pt\/wp-json\/wp\/v2\/product"}],"about":[{"href":"https:\/\/glotomania.com\/pt-pt\/wp-json\/wp\/v2\/types\/product"}],"replies":[{"embeddable":true,"href":"https:\/\/glotomania.com\/pt-pt\/wp-json\/wp\/v2\/comments?post=390858"}],"wp:featuredmedia":[{"embeddable":true,"href":"https:\/\/glotomania.com\/pt-pt\/wp-json\/wp\/v2\/media\/383178"}],"wp:attachment":[{"href":"https:\/\/glotomania.com\/pt-pt\/wp-json\/wp\/v2\/media?parent=390858"}],"wp:term":[{"taxonomy":"pwb-brand","embeddable":true,"href":"https:\/\/glotomania.com\/pt-pt\/wp-json\/wp\/v2\/pwb-brand?post=390858"},{"taxonomy":"product_brand","embeddable":true,"href":"https:\/\/glotomania.com\/pt-pt\/wp-json\/wp\/v2\/product_brand?post=390858"},{"taxonomy":"product_cat","embeddable":true,"href":"https:\/\/glotomania.com\/pt-pt\/wp-json\/wp\/v2\/product_cat?post=390858"},{"taxonomy":"product_tag","embeddable":true,"href":"https:\/\/glotomania.com\/pt-pt\/wp-json\/wp\/v2\/product_tag?post=390858"}],"curies":[{"name":"wp","href":"https:\/\/api.w.org\/{rel}","templated":true}]}}