{"id":390864,"date":"2026-02-03T12:17:44","date_gmt":"2026-02-03T12:17:44","guid":{"rendered":"https:\/\/glotomania.com\/p\/soplete-profesional-de-cocina-decora-2\/"},"modified":"2026-03-11T06:04:08","modified_gmt":"2026-03-11T06:04:08","slug":"soplete-profesional-de-cocina-decora-2","status":"publish","type":"product","link":"https:\/\/glotomania.com\/pt-pt\/p\/soplete-profesional-de-cocina-decora-2\/","title":{"rendered":"Ma\u00c7arico Profissional De Cozinha Decora"},"content":{"rendered":"<div>&nbsp;<\/div>\n<div><span style=\"font-size:14px\"><span style=\"color:#000000\">&Eacute; ideal para caramelizar a&ccedil;&uacute;car, dourar merengues, derreter chocolate, tostar superf&iacute;cies, gratinar, pelar alimentos ou obter acabamentos crocantes em carnes, peixes e sobremesas. A sua <strong>chama potente e est&aacute;vel<\/strong> garante resultados uniformes mesmo em prepara&ccedil;&otilde;es exigentes.<\/span><\/span><br \/>\n&nbsp;<\/div>\n<div><span style=\"font-size:14px\"><span style=\"color:#000000\">Com um <strong>design ergon&oacute;mico<\/strong>, confort&aacute;vel de utilizar e f&aacute;cil de controlar, permite trabalhar com precis&atilde;o em receitas doces e salgadas. Fabricado com <strong>materiais resistentes e de alta qualidade<\/strong>, foi desenvolvido para uso frequente em cozinhas, pastelarias e ateliers profissionais.<\/span><\/span><br \/>\n&nbsp;<\/div>\n<div><span style=\"font-size:14px\"><span style=\"color:#000000\"><strong>Medidas aprox.:<\/strong> 9 x 17 cm.<\/span><\/span><br \/>\n&nbsp;<\/div>\n<div><em><span style=\"font-size:14px\"><span style=\"color:#000000\">Fornecido sem g&aacute;s, compat&iacute;vel com recargas padr&atilde;o.<\/span><\/span><\/em><\/div>\n","protected":false},"excerpt":{"rendered":"<p>Ma\u00e7arico profissional da Decora, uma ferramenta vers\u00e1til e potente pensada para chefs, pasteleiros e amantes da cozinha de detalhe. Compacto, f\u00e1cil de manusear e eficaz, este ma\u00e7arico permite dar o toque final perfeito aos seus pratos, com resultados consistentes e de alto n\u00edvel.<\/p>\n","protected":false},"featured_media":383592,"comment_status":"open","ping_status":"closed","template":"","meta":{"_acf_changed":false},"pwb-brand":[],"product_brand":[],"product_cat":[3106,3087,2887,3057,3086,1820,1867,1870,1767],"product_tag":[],"class_list":{"0":"post-390864","1":"product","2":"type-product","3":"status-publish","4":"has-post-thumbnail","6":"product_cat-basicos-de-pastelaria","7":"product_cat-ordem-e-armazenamento","8":"product_cat-sopletes-y-quemadores","9":"product_cat-tapetes-de-microfibra","10":"product_cat-utensilios-de-cozinha-2","11":"product_cat-basicos","12":"product_cat-menaje","13":"product_cat-utensilios-cocina","14":"product_cat-utensilios","16":"first","17":"instock","18":"taxable","19":"shipping-taxable","20":"purchasable","21":"product-type-simple"},"acf":[],"df_price":36.5,"df_sale_price":"","df_regular_price":36.5,"df_image_link":"https:\/\/glotomania.com\/wp-content\/uploads\/2026\/02\/img_28312_a4726c7823f6dd3832b656431abd6000_1.jpg","brands":[],"_links":{"self":[{"href":"https:\/\/glotomania.com\/pt-pt\/wp-json\/wp\/v2\/product\/390864","targetHints":{"allow":["GET"]}}],"collection":[{"href":"https:\/\/glotomania.com\/pt-pt\/wp-json\/wp\/v2\/product"}],"about":[{"href":"https:\/\/glotomania.com\/pt-pt\/wp-json\/wp\/v2\/types\/product"}],"replies":[{"embeddable":true,"href":"https:\/\/glotomania.com\/pt-pt\/wp-json\/wp\/v2\/comments?post=390864"}],"wp:featuredmedia":[{"embeddable":true,"href":"https:\/\/glotomania.com\/pt-pt\/wp-json\/wp\/v2\/media\/383592"}],"wp:attachment":[{"href":"https:\/\/glotomania.com\/pt-pt\/wp-json\/wp\/v2\/media?parent=390864"}],"wp:term":[{"taxonomy":"pwb-brand","embeddable":true,"href":"https:\/\/glotomania.com\/pt-pt\/wp-json\/wp\/v2\/pwb-brand?post=390864"},{"taxonomy":"product_brand","embeddable":true,"href":"https:\/\/glotomania.com\/pt-pt\/wp-json\/wp\/v2\/product_brand?post=390864"},{"taxonomy":"product_cat","embeddable":true,"href":"https:\/\/glotomania.com\/pt-pt\/wp-json\/wp\/v2\/product_cat?post=390864"},{"taxonomy":"product_tag","embeddable":true,"href":"https:\/\/glotomania.com\/pt-pt\/wp-json\/wp\/v2\/product_tag?post=390864"}],"curies":[{"name":"wp","href":"https:\/\/api.w.org\/{rel}","templated":true}]}}