{"id":390865,"date":"2026-02-03T12:17:55","date_gmt":"2026-02-03T12:17:55","guid":{"rendered":"https:\/\/glotomania.com\/p\/cortadores-para-galletas-monstruos-decora-2\/"},"modified":"2026-03-11T06:04:10","modified_gmt":"2026-03-11T06:04:10","slug":"cortadores-para-galletas-monstruos-decora-2","status":"publish","type":"product","link":"https:\/\/glotomania.com\/pt-pt\/p\/cortadores-para-galletas-monstruos-decora-2\/","title":{"rendered":"Cortadores De Biscoitos Monstros \u2013 Decora"},"content":{"rendered":"<div>&nbsp;<\/div>\n<div><span style=\"font-size:14px\"><span style=\"color:#000000\">Inclui 3 cortadores de pl&aacute;stico de diferentes tamanhos, que podem ser usados separadamente ou combinados entre si para criar v&aacute;rios desenhos. S&atilde;o perfeitos para fazer bolachas, formas doces ou salgadas, decora&ccedil;&otilde;es em chocolate, fondant, ma&ccedil;ap&atilde;o e pastas model&aacute;veis, bem como toppers decorativos comest&iacute;veis.<\/span><\/span><br \/>\n&nbsp;<\/div>\n<div><span style=\"font-size:14px\"><span style=\"color:#000000\">Fabricados em <strong>pl&aacute;stico resistente<\/strong> e pr&oacute;prio para contacto alimentar, garantem <strong>cortes precisos e um manuseamento confort&aacute;vel<\/strong>. O seu design vers&aacute;til torna-os ideais para pastelaria caseira, oficinas criativas, festas infantis e uso profissional em pastelarias e padarias.<\/span><\/span><br \/>\n&nbsp;<\/div>\n<div><span style=\"font-size:14px\"><span style=\"color:#000000\">Um conjunto pensado para estimular a criatividade, brincar com as formas e surpreender com cria&ccedil;&otilde;es &uacute;nicas e personalizadas.<\/span><\/span><br \/>\n&nbsp;<\/div>\n<div><span style=\"font-size:14px\"><span style=\"color:#000000\"><strong>Medidas aprox.: <\/strong><u>Pequeno<\/u>&nbsp;5 x 4,7 x 2,2 cm &#8211; <u>M&eacute;dio<\/u>&nbsp;7 x 7 x 2,2 cm &#8211; <u>Grande<\/u> 6,3 x 8,4 x 2,2 cm.<\/span><\/span><\/div>\n","protected":false},"excerpt":{"rendered":"<p>Conjunto de 3 cortadores Monsters da Decora, desenvolvido para combinar pe\u00e7as e criar um simp\u00e1tico rob\u00f4. Este conjunto permite personalizar cada cria\u00e7\u00e3o de forma simples e criativa, sendo ideal tanto para crian\u00e7as como para adultos.<\/p>\n","protected":false},"featured_media":383375,"comment_status":"open","ping_status":"closed","template":"","meta":{"_acf_changed":false},"pwb-brand":[],"product_brand":[],"product_cat":[1788,3199,2204,2907,2917,3087,1849,1863,1767],"product_tag":[],"class_list":{"0":"post-390865","1":"product","2":"type-product","3":"status-publish","4":"has-post-thumbnail","6":"product_cat-cortadores-de-cobre","7":"product_cat-cortadores-de-metal","8":"product_cat-dias-especiales","9":"product_cat-festas","10":"product_cat-halloween","11":"product_cat-ordem-e-armazenamento","12":"product_cat-fiestas","14":"product_cat-utensilios","16":"first","17":"instock","18":"taxable","19":"shipping-taxable","20":"purchasable","21":"product-type-simple"},"acf":[],"df_price":5.75,"df_sale_price":"","df_regular_price":5.75,"df_image_link":"https:\/\/glotomania.com\/wp-content\/uploads\/2026\/02\/img_28315_db249cf03bc65f6415404068f2ac57c9_1.jpg","brands":[],"_links":{"self":[{"href":"https:\/\/glotomania.com\/pt-pt\/wp-json\/wp\/v2\/product\/390865","targetHints":{"allow":["GET"]}}],"collection":[{"href":"https:\/\/glotomania.com\/pt-pt\/wp-json\/wp\/v2\/product"}],"about":[{"href":"https:\/\/glotomania.com\/pt-pt\/wp-json\/wp\/v2\/types\/product"}],"replies":[{"embeddable":true,"href":"https:\/\/glotomania.com\/pt-pt\/wp-json\/wp\/v2\/comments?post=390865"}],"wp:featuredmedia":[{"embeddable":true,"href":"https:\/\/glotomania.com\/pt-pt\/wp-json\/wp\/v2\/media\/383375"}],"wp:attachment":[{"href":"https:\/\/glotomania.com\/pt-pt\/wp-json\/wp\/v2\/media?parent=390865"}],"wp:term":[{"taxonomy":"pwb-brand","embeddable":true,"href":"https:\/\/glotomania.com\/pt-pt\/wp-json\/wp\/v2\/pwb-brand?post=390865"},{"taxonomy":"product_brand","embeddable":true,"href":"https:\/\/glotomania.com\/pt-pt\/wp-json\/wp\/v2\/product_brand?post=390865"},{"taxonomy":"product_cat","embeddable":true,"href":"https:\/\/glotomania.com\/pt-pt\/wp-json\/wp\/v2\/product_cat?post=390865"},{"taxonomy":"product_tag","embeddable":true,"href":"https:\/\/glotomania.com\/pt-pt\/wp-json\/wp\/v2\/product_tag?post=390865"}],"curies":[{"name":"wp","href":"https:\/\/api.w.org\/{rel}","templated":true}]}}