{"id":390871,"date":"2026-02-03T12:18:17","date_gmt":"2026-02-03T12:18:17","guid":{"rendered":"https:\/\/glotomania.com\/p\/cortadores-para-galletas-robot-decora-2\/"},"modified":"2026-03-25T08:02:37","modified_gmt":"2026-03-25T08:02:37","slug":"cortadores-para-galletas-robot-decora-2","status":"publish","type":"product","link":"https:\/\/glotomania.com\/pt-pt\/p\/cortadores-para-galletas-robot-decora-2\/","title":{"rendered":"Cortadores De Biscoitos Rob\u00d4 \u2013 Decora"},"content":{"rendered":"<div>&nbsp;<\/div>\n<div><span style=\"font-size:14px\"><span style=\"color:#000000\">Gra&ccedil;as ao seu design leve e &agrave;s bordas bem definidas, garantem <strong>cortes limpos e precisos<\/strong>, sendo f&aacute;ceis de usar e de limpar. Este conjunto &eacute; perfeito para anivers&aacute;rios infantis, festas tem&aacute;ticas, oficinas criativas, eventos especiais ou para adicionar um toque divertido e criativo &agrave;s suas receitas de confeitaria e cozinha criativa.<\/span><\/span><br \/>\n&nbsp;<\/div>\n<div><span style=\"font-size:14px\"><span style=\"color:#000000\">Adequados para massa de biscoitos, fondant, pasta de a&ccedil;&uacute;car, chocolate, massa salgada e pastas de modelar.<\/span><\/span><br \/>\n&nbsp;<\/div>\n<div><span style=\"font-size:14px\"><span style=\"color:#000000\"><strong>Medidas aproximadas: <\/strong><u>Cabe&ccedil;a<\/u>&nbsp;6,5 &times; 4,5 &times; 2,2 cm &#8211; <u>Corpo<\/u>&nbsp;11,5 &times; 7 &times; 2,2 cm.<\/span><\/span><\/div>\n","protected":false},"excerpt":{"rendered":"<p>Conjunto de 4 cortadores de biscoitos em pl\u00e1stico resistente com formato de rob\u00f4, ideais para criar biscoitos, figuras e toppers doces ou salgados. Os diferentes componentes podem ser combinados e decorados livremente para criar um rob\u00f4 \u00fanico e original em cada prepara\u00e7\u00e3o.<\/p>\n","protected":false},"featured_media":383418,"comment_status":"open","ping_status":"closed","template":"","meta":{"_acf_changed":false},"pwb-brand":[],"product_brand":[],"product_cat":[2908,2911,3199,2907,3087,1788,2204,1862,1885,1849,1767],"product_tag":[],"class_list":{"0":"post-390871","1":"product","2":"type-product","3":"status-publish","4":"has-post-thumbnail","6":"product_cat-batizados","7":"product_cat-comunhoes","8":"product_cat-cortadores-de-metal","9":"product_cat-festas","10":"product_cat-ordem-e-armazenamento","11":"product_cat-cortadores-de-cobre","12":"product_cat-dias-especiales","13":"product_cat-comuniones","14":"product_cat-bautizos","15":"product_cat-fiestas","16":"product_cat-utensilios","18":"first","19":"instock","20":"taxable","21":"shipping-taxable","22":"purchasable","23":"product-type-simple"},"acf":[],"df_price":5.37,"df_sale_price":"","df_regular_price":5.37,"df_image_link":"https:\/\/glotomania.com\/wp-content\/uploads\/2026\/02\/img_28334_1f126bae5db312cd47d450e05b10261c_1.jpg","brands":[],"_links":{"self":[{"href":"https:\/\/glotomania.com\/pt-pt\/wp-json\/wp\/v2\/product\/390871","targetHints":{"allow":["GET"]}}],"collection":[{"href":"https:\/\/glotomania.com\/pt-pt\/wp-json\/wp\/v2\/product"}],"about":[{"href":"https:\/\/glotomania.com\/pt-pt\/wp-json\/wp\/v2\/types\/product"}],"replies":[{"embeddable":true,"href":"https:\/\/glotomania.com\/pt-pt\/wp-json\/wp\/v2\/comments?post=390871"}],"wp:featuredmedia":[{"embeddable":true,"href":"https:\/\/glotomania.com\/pt-pt\/wp-json\/wp\/v2\/media\/383418"}],"wp:attachment":[{"href":"https:\/\/glotomania.com\/pt-pt\/wp-json\/wp\/v2\/media?parent=390871"}],"wp:term":[{"taxonomy":"pwb-brand","embeddable":true,"href":"https:\/\/glotomania.com\/pt-pt\/wp-json\/wp\/v2\/pwb-brand?post=390871"},{"taxonomy":"product_brand","embeddable":true,"href":"https:\/\/glotomania.com\/pt-pt\/wp-json\/wp\/v2\/product_brand?post=390871"},{"taxonomy":"product_cat","embeddable":true,"href":"https:\/\/glotomania.com\/pt-pt\/wp-json\/wp\/v2\/product_cat?post=390871"},{"taxonomy":"product_tag","embeddable":true,"href":"https:\/\/glotomania.com\/pt-pt\/wp-json\/wp\/v2\/product_tag?post=390871"}],"curies":[{"name":"wp","href":"https:\/\/api.w.org\/{rel}","templated":true}]}}