{"id":390872,"date":"2026-02-03T12:18:23","date_gmt":"2026-02-03T12:18:23","guid":{"rendered":"https:\/\/glotomania.com\/p\/plantilla-decorativa-para-tartas-campo-de-baloncesto-decora-2\/"},"modified":"2026-03-11T06:04:23","modified_gmt":"2026-03-11T06:04:23","slug":"plantilla-decorativa-para-tartas-campo-de-baloncesto-decora-2","status":"publish","type":"product","link":"https:\/\/glotomania.com\/pt-pt\/p\/plantilla-decorativa-para-tartas-campo-de-baloncesto-decora-2\/","title":{"rendered":"Stencil Decorativo Para Bolos Campo De Basquete \u2013 Decora"},"content":{"rendered":"<div>&nbsp;<\/div>\n<div><span style=\"font-size:14px\"><span style=\"color:#000000\">Este stencil pode ser utilizado com glac&ecirc; real, creme de manteiga, a&ccedil;&uacute;car em p&oacute;, cacau, corantes em spray ou aer&oacute;grafo, oferecendo grande versatilidade para todos os tipos de t&eacute;cnicas de decora&ccedil;&atilde;o. &Eacute; perfeito para anivers&aacute;rios infantis, festas tem&aacute;ticas desportivas, eventos de basquete ou para adicionar um toque criativo e original &agrave;s suas cria&ccedil;&otilde;es de confeitaria.<\/span><\/span><br \/>\n&nbsp;<\/div>\n<div><span style=\"font-size:14px\"><span style=\"color:#000000\">Fabricado em pl&aacute;stico pr&oacute;prio para uso alimentar, &eacute; <strong>reutiliz&aacute;vel, f&aacute;cil de limpar e resistente<\/strong>, tornando-se um acess&oacute;rio pr&aacute;tico tanto para uso dom&eacute;stico quanto profissional.<\/span><\/span><br \/>\n&nbsp;<\/div>\n<div><span style=\"font-size:14px\"><span style=\"color:#000000\"><strong>Medidas aprox.: <\/strong>30 &times; 20 cm.<\/span><\/span><\/div>\n","protected":false},"excerpt":{"rendered":"<p>Stencil decorativo de pl\u00e1stico, ideal para criar desenhos limpos e detalhados de um campo de basquete. Gra\u00e7as ao seu formato grande, permite uma decora\u00e7\u00e3o r\u00e1pida e uniforme, garantindo acabamentos profissionais mesmo em superf\u00edcies amplas.<\/p>\n","protected":false},"featured_media":383382,"comment_status":"open","ping_status":"closed","template":"","meta":{"_acf_changed":false,"_joinchat":[]},"pwb-brand":[],"product_brand":[],"product_cat":[3106,1820,2911,2916,2204,3135,2907,3214,3221,1918,1801,3087,1919,1862,1951,1849,1767],"product_tag":[],"class_list":{"0":"post-390872","1":"product","2":"type-product","3":"status-publish","4":"has-post-thumbnail","6":"product_cat-basicos-de-pastelaria","7":"product_cat-basicos","8":"product_cat-comunhoes","9":"product_cat-dia-dos-pais-2","10":"product_cat-dias-especiales","11":"product_cat-estencils-2","12":"product_cat-festas","13":"product_cat-moldes-de-pastelaria","14":"product_cat-moldes-de-plastico","15":"product_cat-moldes-plastico","16":"product_cat-moldes","17":"product_cat-ordem-e-armazenamento","18":"product_cat-plantillas-tartas","19":"product_cat-comuniones","20":"product_cat-dia-del-padre","21":"product_cat-fiestas","22":"product_cat-utensilios","24":"first","25":"instock","26":"taxable","27":"shipping-taxable","28":"purchasable","29":"product-type-simple"},"acf":[],"df_price":5.75,"df_sale_price":"","df_regular_price":5.75,"df_image_link":"https:\/\/e622tfk5wxd.exactdn.com\/wp-content\/uploads\/2026\/02\/img_28338_bf940a40c3b48a1457f0f2313f28a4ef_1.jpg?strip=all&fit=300%2C300","brands":[],"_links":{"self":[{"href":"https:\/\/glotomania.com\/pt-pt\/wp-json\/wp\/v2\/product\/390872","targetHints":{"allow":["GET"]}}],"collection":[{"href":"https:\/\/glotomania.com\/pt-pt\/wp-json\/wp\/v2\/product"}],"about":[{"href":"https:\/\/glotomania.com\/pt-pt\/wp-json\/wp\/v2\/types\/product"}],"replies":[{"embeddable":true,"href":"https:\/\/glotomania.com\/pt-pt\/wp-json\/wp\/v2\/comments?post=390872"}],"wp:featuredmedia":[{"embeddable":true,"href":"https:\/\/glotomania.com\/pt-pt\/wp-json\/wp\/v2\/media\/383382"}],"wp:attachment":[{"href":"https:\/\/glotomania.com\/pt-pt\/wp-json\/wp\/v2\/media?parent=390872"}],"wp:term":[{"taxonomy":"pwb-brand","embeddable":true,"href":"https:\/\/glotomania.com\/pt-pt\/wp-json\/wp\/v2\/pwb-brand?post=390872"},{"taxonomy":"product_brand","embeddable":true,"href":"https:\/\/glotomania.com\/pt-pt\/wp-json\/wp\/v2\/product_brand?post=390872"},{"taxonomy":"product_cat","embeddable":true,"href":"https:\/\/glotomania.com\/pt-pt\/wp-json\/wp\/v2\/product_cat?post=390872"},{"taxonomy":"product_tag","embeddable":true,"href":"https:\/\/glotomania.com\/pt-pt\/wp-json\/wp\/v2\/product_tag?post=390872"}],"curies":[{"name":"wp","href":"https:\/\/api.w.org\/{rel}","templated":true}]}}