{"id":390875,"date":"2026-02-06T16:11:19","date_gmt":"2026-02-06T16:11:19","guid":{"rendered":"https:\/\/glotomania.com\/p\/colorante-liposoluble-blanco-sugarflair-30-ml-2\/"},"modified":"2026-04-07T10:14:35","modified_gmt":"2026-04-07T10:14:35","slug":"colorante-liposoluble-blanco-sugarflair-30-ml-2","status":"publish","type":"product","link":"https:\/\/glotomania.com\/pt-pt\/p\/colorante-liposoluble-blanco-sugarflair-30-ml-2\/","title":{"rendered":"Corante Alimentar Branco Lipossol\u00davel Sugarflair \u2013 30 Ml"},"content":{"rendered":"<div>&nbsp;<\/div>\n<div><span style=\"font-size:14px\"><span style=\"color:#000000\">Este misturador pastel branco foi especialmente formulado para se integrar facilmente em prepara&ccedil;&otilde;es gordas, garantindo uma colora&ccedil;&atilde;o homog&eacute;nea sem alterar a textura, como <strong>buttercream<\/strong>, <strong>ganache<\/strong>, <strong>chocolate<\/strong>, <strong>merengues<\/strong> ou <strong>massas de bolo<\/strong>.<\/span><\/span><br \/>\n&nbsp;<\/div>\n<div><span style=\"font-size:14px\"><span style=\"color:#000000\"><strong>Caracter&iacute;sticas principais:<\/strong><\/span><\/span><\/div>\n<ul>\n<li><span style=\"font-size:14px\"><span style=\"color:#000000\">Branco puro e luminoso que ajuda a <strong>neutralizar tons amarelados<\/strong> em chocolate, creme de manteiga ou fondant. Permite obter tons claros ou pastel sem alterar a estrutura.<\/span><\/span><\/li>\n<li><span style=\"font-size:14px\"><span style=\"color:#000000\"><strong>Consist&ecirc;ncia ligeiramente mais espessa<\/strong> do que outros corantes, facilitando a utiliza&ccedil;&atilde;o e a dosagem progressiva.<\/span><\/span><\/li>\n<li><span style=\"font-size:14px\"><span style=\"color:#000000\">Desenvolvimento gradual da cor: adicionar aos poucos at&eacute; atingir o tom desejado e deixar repousar entre 1 e 2 h para uma intensidade ideal. Um <strong>tempo de repouso maior<\/strong> aumenta a intensidade.<\/span><\/span><\/li>\n<li><span style=\"font-size:14px\"><span style=\"color:#000000\">Especialmente indicado para confeitaria avan&ccedil;ada, chocolateria e decora&ccedil;&atilde;o art&iacute;stica.<\/span><\/span><\/li>\n<\/ul>\n<div><span style=\"font-size:14px\"><span style=\"color:#000000\"><strong>Modo de utiliza&ccedil;&atilde;o:&nbsp;<\/strong>Agitar bem antes de usar. Adicionar o corante gradualmente at&eacute; obter o tom desejado, tendo em conta que a cor se intensifica com o tempo. Deixar repousar entre 1 e 2 horas para o desenvolvimento correto da cor. Pode ser adicionado mais produto se necess&aacute;rio. Para um branco mais intenso, deixar atuar durante toda a noite.<\/span><\/span><\/div>\n","protected":false},"excerpt":{"rendered":"<p>Corante alimentar branco \u00e0 base de \u00f3leo Sugarflair, ideal para obter um acabamento branco puro, uniforme e intenso em prepara\u00e7\u00f5es com elevado teor de gordura, como buttercream, ganache, chocolate, merengues e massas, onde os corantes \u00e0 base de \u00e1gua n\u00e3o s\u00e3o eficazes.<\/p>\n","protected":false},"featured_media":383776,"comment_status":"open","ping_status":"closed","template":"","meta":{"_acf_changed":false},"pwb-brand":[],"product_brand":[],"product_cat":[2953,2965,2997,2999,2996,3002,3001,3004,1835,1859,2905,1832,1829,1901,1902,1896,1845,1833],"product_tag":[],"class_list":{"0":"post-390875","1":"product","2":"type-product","3":"status-publish","4":"has-post-thumbnail","6":"product_cat-corantes-e-pinturas","7":"product_cat-corantes-lipossoluveis-2","8":"product_cat-halal","9":"product_cat-kosher-2","10":"product_cat-produtos-vegetarianos","11":"product_cat-sem-acucar","12":"product_cat-sem-e-171-2","13":"product_cat-sem-gluten-2","14":"product_cat-colorantes","15":"product_cat-colorantes-liposolubles","16":"product_cat-data-de-expiracao-proxima","17":"product_cat-diestas-especiales","18":"product_cat-ingredientes","19":"product_cat-dieta-halal","20":"product_cat-dieta-kosher","21":"product_cat-dieta-sin-azucar","22":"product_cat-dieta-sin-e-171","23":"product_cat-dieta-sin-gluten","25":"first","26":"outofstock","27":"taxable","28":"shipping-taxable","29":"purchasable","30":"product-type-simple"},"acf":[],"df_price":6.95,"df_sale_price":"","df_regular_price":6.95,"df_image_link":"https:\/\/glotomania.com\/wp-content\/uploads\/2026\/02\/img_28346_31ad7310b0fe081f83be1b50167046fe_1.jpg","brands":[],"_links":{"self":[{"href":"https:\/\/glotomania.com\/pt-pt\/wp-json\/wp\/v2\/product\/390875","targetHints":{"allow":["GET"]}}],"collection":[{"href":"https:\/\/glotomania.com\/pt-pt\/wp-json\/wp\/v2\/product"}],"about":[{"href":"https:\/\/glotomania.com\/pt-pt\/wp-json\/wp\/v2\/types\/product"}],"replies":[{"embeddable":true,"href":"https:\/\/glotomania.com\/pt-pt\/wp-json\/wp\/v2\/comments?post=390875"}],"wp:featuredmedia":[{"embeddable":true,"href":"https:\/\/glotomania.com\/pt-pt\/wp-json\/wp\/v2\/media\/383776"}],"wp:attachment":[{"href":"https:\/\/glotomania.com\/pt-pt\/wp-json\/wp\/v2\/media?parent=390875"}],"wp:term":[{"taxonomy":"pwb-brand","embeddable":true,"href":"https:\/\/glotomania.com\/pt-pt\/wp-json\/wp\/v2\/pwb-brand?post=390875"},{"taxonomy":"product_brand","embeddable":true,"href":"https:\/\/glotomania.com\/pt-pt\/wp-json\/wp\/v2\/product_brand?post=390875"},{"taxonomy":"product_cat","embeddable":true,"href":"https:\/\/glotomania.com\/pt-pt\/wp-json\/wp\/v2\/product_cat?post=390875"},{"taxonomy":"product_tag","embeddable":true,"href":"https:\/\/glotomania.com\/pt-pt\/wp-json\/wp\/v2\/product_tag?post=390875"}],"curies":[{"name":"wp","href":"https:\/\/api.w.org\/{rel}","templated":true}]}}