{"id":390876,"date":"2026-02-03T12:18:48","date_gmt":"2026-02-03T12:18:48","guid":{"rendered":"https:\/\/glotomania.com\/p\/fondant-pastkolor-blanco-magico-cubo-5-kg-2\/"},"modified":"2026-04-13T10:48:13","modified_gmt":"2026-04-13T10:48:13","slug":"fondant-pastkolor-blanco-magico-cubo-5-kg-2","status":"publish","type":"product","link":"https:\/\/glotomania.com\/pt-pt\/p\/fondant-pastkolor-blanco-magico-cubo-5-kg-2\/","title":{"rendered":"Pasta De A\u00c7ucar Pastkolor &#8211; Branco M\u00c1gico (balde De 5 Kg)"},"content":{"rendered":"<p>&nbsp;<\/p>\n<p><span style=\"font-size:14px\"><span style=\"color:#000000\">Com um <strong>delicioso sabor a citrinos<\/strong>, proporciona um acabamento fino, brilhante e elegante, adequado tanto para cobrir como para modelar com facilidade. Gra&ccedil;as &agrave; sua <strong>grande flexibilidade<\/strong>, evita fissuras, rugas e rupturas, mesmo quando se trabalha em capas finas ou padr&otilde;es complexos, permitindo longas tiragens sem deteriora&ccedil;&atilde;o. Combina facilidade de trabalho e durabilidade, facilitando a decora&ccedil;&atilde;o de bolos e a cria&ccedil;&atilde;o de figuras, com um acabamento profissional e duradouro.<\/span><\/span><\/p>\n<p><span style=\"font-size:14px\"><span style=\"color:#000000\">A sua <strong>textura macia e est&aacute;vel<\/strong> garante que a superf&iacute;cie seca lentamente, facilitando um trabalho longo e pormenorizado, ideal para criar flores, figuras e decora&ccedil;&otilde;es precisas. Al&eacute;m disso, &eacute; <strong>adequada para a refrigera&ccedil;&atilde;o<\/strong>, o que lhe permite temperar sem perder humidade ou provocar transpira&ccedil;&atilde;o.<\/span><\/span><\/p>\n<p><span style=\"font-size:14px\"><span style=\"color:#000000\">Para uma maior rigidez em estruturas como as flores, pode ser adicionado CMC.<\/span><\/span><\/p>\n","protected":false},"excerpt":{"rendered":"<p>Pasta de a\u00e7\u00facar com uma textura fina, suave e muito el\u00e1stica, concebida para proporcionar resultados profissionais na decora\u00e7\u00e3o de bolos e figuras de pastelaria.<\/p>\n","protected":false},"featured_media":383617,"comment_status":"open","ping_status":"closed","template":"","meta":{"_acf_changed":false},"pwb-brand":[],"product_brand":[],"product_cat":[2908,3009,3006,2996,3001,3004,1832,1847,2763,1848,2773,1845,1833,1885],"product_tag":[],"class_list":{"0":"post-390876","1":"product","2":"type-product","3":"status-publish","4":"has-post-thumbnail","6":"product_cat-batizados","7":"product_cat-pasta-de-acucar-pastkolor","8":"product_cat-pastas-de-acucar-2","9":"product_cat-produtos-vegetarianos","10":"product_cat-sem-e-171-2","11":"product_cat-sem-gluten-2","12":"product_cat-diestas-especiales","13":"product_cat-fondant","14":"product_cat-fondant-blanco","15":"product_cat-fondant-pastkolor","16":"product_cat-fondant-sin-gluten","17":"product_cat-dieta-sin-e-171","18":"product_cat-dieta-sin-gluten","19":"product_cat-bautizos","21":"first","22":"instock","23":"taxable","24":"shipping-taxable","25":"purchasable","26":"product-type-simple"},"acf":[],"df_price":30.95,"df_sale_price":"","df_regular_price":30.95,"df_image_link":"https:\/\/glotomania.com\/wp-content\/uploads\/2026\/02\/img_28347_8394a3d49456bb4a4e03e954028ef3c3_1.jpg","brands":[],"_links":{"self":[{"href":"https:\/\/glotomania.com\/pt-pt\/wp-json\/wp\/v2\/product\/390876","targetHints":{"allow":["GET"]}}],"collection":[{"href":"https:\/\/glotomania.com\/pt-pt\/wp-json\/wp\/v2\/product"}],"about":[{"href":"https:\/\/glotomania.com\/pt-pt\/wp-json\/wp\/v2\/types\/product"}],"replies":[{"embeddable":true,"href":"https:\/\/glotomania.com\/pt-pt\/wp-json\/wp\/v2\/comments?post=390876"}],"wp:featuredmedia":[{"embeddable":true,"href":"https:\/\/glotomania.com\/pt-pt\/wp-json\/wp\/v2\/media\/383617"}],"wp:attachment":[{"href":"https:\/\/glotomania.com\/pt-pt\/wp-json\/wp\/v2\/media?parent=390876"}],"wp:term":[{"taxonomy":"pwb-brand","embeddable":true,"href":"https:\/\/glotomania.com\/pt-pt\/wp-json\/wp\/v2\/pwb-brand?post=390876"},{"taxonomy":"product_brand","embeddable":true,"href":"https:\/\/glotomania.com\/pt-pt\/wp-json\/wp\/v2\/product_brand?post=390876"},{"taxonomy":"product_cat","embeddable":true,"href":"https:\/\/glotomania.com\/pt-pt\/wp-json\/wp\/v2\/product_cat?post=390876"},{"taxonomy":"product_tag","embeddable":true,"href":"https:\/\/glotomania.com\/pt-pt\/wp-json\/wp\/v2\/product_tag?post=390876"}],"curies":[{"name":"wp","href":"https:\/\/api.w.org\/{rel}","templated":true}]}}