{"id":390879,"date":"2026-02-06T16:11:37","date_gmt":"2026-02-06T16:11:37","guid":{"rendered":"https:\/\/glotomania.com\/p\/kit-de-reposteria-molde-de-silicona-y-utensilios-wilton-dinosaurio-2\/"},"modified":"2026-03-11T06:04:36","modified_gmt":"2026-03-11T06:04:36","slug":"kit-de-reposteria-molde-de-silicona-y-utensilios-wilton-dinosaurio-2","status":"publish","type":"product","link":"https:\/\/glotomania.com\/pt-pt\/p\/kit-de-reposteria-molde-de-silicona-y-utensilios-wilton-dinosaurio-2\/","title":{"rendered":"Kit De Confeitaria Com Molde De Silicone E Utens\u00cdlios Wilton \u2013 Dinossauro"},"content":{"rendered":"<div>&nbsp;<\/div>\n<div><span style=\"color:#000000\"><span style=\"font-size:14px\">Este conjunto &eacute; ideal para iniciar na confeitaria, estimular a imagina&ccedil;&atilde;o e partilhar momentos em fam&iacute;lia. Um kit completo para assar, aprender e divertir-se, ideal para pequenos confeiteiros que querem viver grandes aventuras na cozinha.<\/span><\/span><\/div>\n<div>\n<span style=\"color:#000000\"><span style=\"font-size:14px\">O <strong>molde &eacute; flex&iacute;vel e antiaderente<\/strong>, permitindo desenformar facilmente e obter resultados perfeitos sem esfor&ccedil;o. Para melhores resultados, recomenda-se encher o molde com no <strong>m&aacute;ximo 200 g de massa<\/strong>.<\/span><\/span><\/div>\n<div>\n<span style=\"color:#000000\"><span style=\"font-size:14px\">Fabricado com materiais seguros e pr&oacute;prios para uso alimentar, o molde de silicone pode ser utilizado <strong>tanto no forno como no congelador<\/strong>, suportando temperaturas <strong>de -18 &deg;C a +200 &deg;C<\/strong>. Al&eacute;m disso, &eacute; f&aacute;cil e r&aacute;pido de limpar, tornando-o pr&aacute;tico para o dia a dia.<\/span><\/span><br \/>\n&nbsp;<\/div>\n<div><span style=\"color:#000000\"><span style=\"font-size:14px\"><strong>Dimens&otilde;es aprox.: <\/strong><u>Molde<\/u> 16,8 &times; 15,5 &times; 4,3 cm &ndash; <u>Batedor<\/u> 20,7 &times; 5,5 &times; 5,5 cm &ndash; <u>Esp&aacute;tula<\/u> 17,5 &times; 4 &times; 1,6 cm.<\/span><\/span><\/div>\n","protected":false},"excerpt":{"rendered":"<p>Inclui um molde de silicone em forma de dinossauro, uma esp\u00e1tula e um batedor, perfeitos para assar, misturar e decorar de forma simples. Uma op\u00e7\u00e3o pr\u00e1tica tanto para iniciantes como para cozinhar com crian\u00e7as, trazendo divers\u00e3o e funcionalidade \u00e0 cozinha.<\/p>\n","protected":false},"featured_media":383713,"comment_status":"open","ping_status":"closed","template":"","meta":{"_acf_changed":false,"_joinchat":[]},"pwb-brand":[],"product_brand":[],"product_cat":[3106,3146,2908,2911,3120,2907,3214,3222,3087,3057,3086,1820,2204,1943,1867,1801,1810,1862,1885,1849,1870,1767,1913],"product_tag":[],"class_list":{"0":"post-390879","1":"product","2":"type-product","3":"status-publish","4":"has-post-thumbnail","6":"product_cat-basicos-de-pastelaria","7":"product_cat-batedores-e-utensilios-de-cozinha","8":"product_cat-batizados","9":"product_cat-comunhoes","10":"product_cat-espatulas-e-alisadores-2","11":"product_cat-festas","12":"product_cat-moldes-de-pastelaria","13":"product_cat-moldes-de-silicone","14":"product_cat-ordem-e-armazenamento","15":"product_cat-tapetes-de-microfibra","16":"product_cat-utensilios-de-cozinha-2","17":"product_cat-basicos","18":"product_cat-dias-especiales","19":"product_cat-espatulas-y-alisadores","20":"product_cat-menaje","21":"product_cat-moldes","22":"product_cat-moldes-silicona","23":"product_cat-comuniones","24":"product_cat-bautizos","25":"product_cat-fiestas","26":"product_cat-utensilios-cocina","27":"product_cat-utensilios","28":"product_cat-varillas","30":"first","31":"instock","32":"taxable","33":"shipping-taxable","34":"purchasable","35":"product-type-simple"},"acf":[],"df_price":13.5,"df_sale_price":"","df_regular_price":13.5,"df_image_link":"https:\/\/glotomania.com\/wp-content\/uploads\/2026\/02\/img_28357_c8930b29f6b04792e44738a58e883e6b_1.jpg","brands":[],"_links":{"self":[{"href":"https:\/\/glotomania.com\/pt-pt\/wp-json\/wp\/v2\/product\/390879","targetHints":{"allow":["GET"]}}],"collection":[{"href":"https:\/\/glotomania.com\/pt-pt\/wp-json\/wp\/v2\/product"}],"about":[{"href":"https:\/\/glotomania.com\/pt-pt\/wp-json\/wp\/v2\/types\/product"}],"replies":[{"embeddable":true,"href":"https:\/\/glotomania.com\/pt-pt\/wp-json\/wp\/v2\/comments?post=390879"}],"wp:featuredmedia":[{"embeddable":true,"href":"https:\/\/glotomania.com\/pt-pt\/wp-json\/wp\/v2\/media\/383713"}],"wp:attachment":[{"href":"https:\/\/glotomania.com\/pt-pt\/wp-json\/wp\/v2\/media?parent=390879"}],"wp:term":[{"taxonomy":"pwb-brand","embeddable":true,"href":"https:\/\/glotomania.com\/pt-pt\/wp-json\/wp\/v2\/pwb-brand?post=390879"},{"taxonomy":"product_brand","embeddable":true,"href":"https:\/\/glotomania.com\/pt-pt\/wp-json\/wp\/v2\/product_brand?post=390879"},{"taxonomy":"product_cat","embeddable":true,"href":"https:\/\/glotomania.com\/pt-pt\/wp-json\/wp\/v2\/product_cat?post=390879"},{"taxonomy":"product_tag","embeddable":true,"href":"https:\/\/glotomania.com\/pt-pt\/wp-json\/wp\/v2\/product_tag?post=390879"}],"curies":[{"name":"wp","href":"https:\/\/api.w.org\/{rel}","templated":true}]}}