{"id":390890,"date":"2026-02-06T16:12:10","date_gmt":"2026-02-06T16:12:10","guid":{"rendered":"https:\/\/glotomania.com\/p\/decoraciones-de-azucar-funcakes-love-2\/"},"modified":"2026-03-11T06:04:53","modified_gmt":"2026-03-11T06:04:53","slug":"decoraciones-de-azucar-funcakes-love-2","status":"publish","type":"product","link":"https:\/\/glotomania.com\/pt-pt\/p\/decoraciones-de-azucar-funcakes-love-2\/","title":{"rendered":"Decora\u00c7\u00d5es De A\u00c7\u00dacar Funcakes \u2013 Love"},"content":{"rendered":"<div>&nbsp;<\/div>\n<div><span style=\"font-size:14px\"><span style=\"color:#000000\">O set de decora&ccedil;&otilde;es de a&ccedil;&uacute;car FunCakes Love &eacute; perfeito para adicionar um toque rom&acirc;ntico e divertido a bolos, cupcakes, bolachas e sobremesas de forma r&aacute;pida e simples. Estas decora&ccedil;&otilde;es comest&iacute;veis prontas a usar permitem transformar qualquer cria&ccedil;&atilde;o numa proposta tem&aacute;tica com um acabamento cuidado e profissional.<\/span><\/span><br \/>\n&nbsp;<\/div>\n<div><span style=\"font-size:14px\"><span style=\"color:#000000\">Gra&ccedil;as ao seu tamanho compacto, integram-se facilmente em cremes, glac&ecirc; real, fondant ou creme de manteiga, acrescentando cor e personalidade sem necessidade de t&eacute;cnicas avan&ccedil;adas de decora&ccedil;&atilde;o.<\/span><\/span><br \/>\n&nbsp;<\/div>\n<div><span style=\"font-size:14px\"><span style=\"color:#000000\">O set inclui: 2 emoticons, 2 s&iacute;mbolos de amor, 1 cora&ccedil;&atilde;o, 1 &ldquo;beijos e abra&ccedil;os&rdquo;, 1 l&aacute;bios, 1 carta de amor.<\/span><\/span><br \/>\n&nbsp;<\/div>\n<div><span style=\"font-size:14px\"><span style=\"color:#000000\"><strong>Tamanho aproximado: <\/strong>&Oslash; 2 cm.<\/span><\/span><\/div>\n","protected":false},"excerpt":{"rendered":"<p>O conjunto inclui 8 figuras de a\u00e7\u00facar em tons de vermelho, rosa e branco, com designs inspirados no amor, como cora\u00e7\u00f5es, emoticons e s\u00edmbolos rom\u00e2nticos. S\u00e3o ideais para o Dia dos Namorados, Dia da M\u00e3e, anivers\u00e1rios, casamentos, baby showers e celebra\u00e7\u00f5es especiais com tem\u00e1tica rom\u00e2ntica.<\/p>\n","protected":false},"featured_media":383867,"comment_status":"open","ping_status":"closed","template":"","meta":{"_acf_changed":false,"_joinchat":[]},"pwb-brand":[],"product_brand":[],"product_cat":[2910,2979,2907,2988,2996,2924,3004,1852,2905,1839,1832,1999,1829,1833,1888,1849],"product_tag":[],"class_list":{"0":"post-390890","1":"product","2":"type-product","3":"status-publish","4":"has-post-thumbnail","6":"product_cat-casamentos-2","7":"product_cat-decoracoes-comestiveis-2","8":"product_cat-festas","9":"product_cat-figuras-de-acucar-comestiveis-2","10":"product_cat-produtos-vegetarianos","11":"product_cat-sao-valentim-2","12":"product_cat-sem-gluten-2","13":"product_cat-san-valentin","14":"product_cat-data-de-expiracao-proxima","15":"product_cat-decoracion-comestible","16":"product_cat-diestas-especiales","17":"product_cat-figuras-de-azucar","18":"product_cat-ingredientes","19":"product_cat-dieta-sin-gluten","20":"product_cat-bodas","21":"product_cat-fiestas","23":"first","24":"instock","25":"taxable","26":"shipping-taxable","27":"purchasable","28":"product-type-simple"},"acf":[],"df_price":3.75,"df_sale_price":"","df_regular_price":3.75,"df_image_link":"https:\/\/e622tfk5wxd.exactdn.com\/wp-content\/uploads\/2026\/02\/img_28387_d8a8be7ecc67558b63d5394b7f8f2e51_1.jpg?strip=all&fit=300%2C300","brands":[],"_links":{"self":[{"href":"https:\/\/glotomania.com\/pt-pt\/wp-json\/wp\/v2\/product\/390890","targetHints":{"allow":["GET"]}}],"collection":[{"href":"https:\/\/glotomania.com\/pt-pt\/wp-json\/wp\/v2\/product"}],"about":[{"href":"https:\/\/glotomania.com\/pt-pt\/wp-json\/wp\/v2\/types\/product"}],"replies":[{"embeddable":true,"href":"https:\/\/glotomania.com\/pt-pt\/wp-json\/wp\/v2\/comments?post=390890"}],"wp:featuredmedia":[{"embeddable":true,"href":"https:\/\/glotomania.com\/pt-pt\/wp-json\/wp\/v2\/media\/383867"}],"wp:attachment":[{"href":"https:\/\/glotomania.com\/pt-pt\/wp-json\/wp\/v2\/media?parent=390890"}],"wp:term":[{"taxonomy":"pwb-brand","embeddable":true,"href":"https:\/\/glotomania.com\/pt-pt\/wp-json\/wp\/v2\/pwb-brand?post=390890"},{"taxonomy":"product_brand","embeddable":true,"href":"https:\/\/glotomania.com\/pt-pt\/wp-json\/wp\/v2\/product_brand?post=390890"},{"taxonomy":"product_cat","embeddable":true,"href":"https:\/\/glotomania.com\/pt-pt\/wp-json\/wp\/v2\/product_cat?post=390890"},{"taxonomy":"product_tag","embeddable":true,"href":"https:\/\/glotomania.com\/pt-pt\/wp-json\/wp\/v2\/product_tag?post=390890"}],"curies":[{"name":"wp","href":"https:\/\/api.w.org\/{rel}","templated":true}]}}