{"id":390894,"date":"2026-03-04T12:04:37","date_gmt":"2026-03-04T12:04:37","guid":{"rendered":"https:\/\/glotomania.com\/p\/sprinkles-3d-funcakes-sweet-easter-70-g-2\/"},"modified":"2026-03-15T06:06:44","modified_gmt":"2026-03-15T06:06:44","slug":"sprinkles-3d-funcakes-sweet-easter-70-g-2","status":"publish","type":"product","link":"https:\/\/glotomania.com\/pt-pt\/p\/sprinkles-3d-funcakes-sweet-easter-70-g-2\/","title":{"rendered":"Sprinkles 3d Funcakes \u2013 Sweet Easter (70 G)"},"content":{"rendered":"<p>&nbsp;<\/p>\n<p><span style=\"font-size:14px\"><span style=\"color:#000000\">A mistura inclui figuras 3D (coelhos e ovos de P&aacute;scoa), bolas de a&ccedil;&uacute;car, nonpareils, fios de a&ccedil;&uacute;car XL e discos planos.<\/span><\/span><\/p>\n","protected":false},"excerpt":{"rendered":"<p>Esta mistura premium combina simp\u00e1ticas figuras de a\u00e7\u00facar em 3D, p\u00e9rolas brilhantes, nonpareils, confetes e fios de a\u00e7\u00facar numa harmonia de cores primaveris que acrescentam textura, volume e um efeito visual \u00fanico.<\/p>\n","protected":false},"featured_media":386298,"comment_status":"open","ping_status":"closed","template":"","meta":{"_acf_changed":false},"pwb-brand":[],"product_brand":[],"product_cat":[2979,2982,2907,2921,2905,1839,1840,1829,1849,1858],"product_tag":[],"class_list":{"0":"post-390894","1":"product","2":"type-product","3":"status-publish","4":"has-post-thumbnail","6":"product_cat-decoracoes-comestiveis-2","7":"product_cat-decoracoes-de-acucar","8":"product_cat-festas","9":"product_cat-pascoa","10":"product_cat-data-de-expiracao-proxima","11":"product_cat-decoracion-comestible","12":"product_cat-decoraciones-azucar-comestibles","13":"product_cat-ingredientes","14":"product_cat-fiestas","15":"product_cat-pascua","17":"first","18":"instock","19":"taxable","20":"shipping-taxable","21":"purchasable","22":"product-type-simple"},"acf":[],"df_price":5.4,"df_sale_price":"","df_regular_price":5.4,"df_image_link":"https:\/\/glotomania.com\/wp-content\/uploads\/2026\/03\/img_28439_c53ade66c321671607473e8c6cb8d1e8_1.jpg","brands":[],"_links":{"self":[{"href":"https:\/\/glotomania.com\/pt-pt\/wp-json\/wp\/v2\/product\/390894","targetHints":{"allow":["GET"]}}],"collection":[{"href":"https:\/\/glotomania.com\/pt-pt\/wp-json\/wp\/v2\/product"}],"about":[{"href":"https:\/\/glotomania.com\/pt-pt\/wp-json\/wp\/v2\/types\/product"}],"replies":[{"embeddable":true,"href":"https:\/\/glotomania.com\/pt-pt\/wp-json\/wp\/v2\/comments?post=390894"}],"wp:featuredmedia":[{"embeddable":true,"href":"https:\/\/glotomania.com\/pt-pt\/wp-json\/wp\/v2\/media\/386298"}],"wp:attachment":[{"href":"https:\/\/glotomania.com\/pt-pt\/wp-json\/wp\/v2\/media?parent=390894"}],"wp:term":[{"taxonomy":"pwb-brand","embeddable":true,"href":"https:\/\/glotomania.com\/pt-pt\/wp-json\/wp\/v2\/pwb-brand?post=390894"},{"taxonomy":"product_brand","embeddable":true,"href":"https:\/\/glotomania.com\/pt-pt\/wp-json\/wp\/v2\/product_brand?post=390894"},{"taxonomy":"product_cat","embeddable":true,"href":"https:\/\/glotomania.com\/pt-pt\/wp-json\/wp\/v2\/product_cat?post=390894"},{"taxonomy":"product_tag","embeddable":true,"href":"https:\/\/glotomania.com\/pt-pt\/wp-json\/wp\/v2\/product_tag?post=390894"}],"curies":[{"name":"wp","href":"https:\/\/api.w.org\/{rel}","templated":true}]}}