{"id":390895,"date":"2026-03-04T12:04:46","date_gmt":"2026-03-04T12:04:46","guid":{"rendered":"https:\/\/glotomania.com\/p\/aroma-en-pasta-funcakes-pistacho-240-g-2\/"},"modified":"2026-03-11T06:05:02","modified_gmt":"2026-03-11T06:05:02","slug":"aroma-en-pasta-funcakes-pistacho-240-g-2","status":"publish","type":"product","link":"https:\/\/glotomania.com\/pt-pt\/p\/aroma-en-pasta-funcakes-pistacho-240-g-2\/","title":{"rendered":"Aroma Em Pasta Funcakes \u2013 Pist\u00c1cio 240 G"},"content":{"rendered":"<p data-end=\"5042\" data-start=\"4771\">&nbsp;<\/p>\n<p data-end=\"5042\" data-start=\"4771\"><span style=\"font-size:14px\"><span style=\"color:#000000\">A sua textura suave e concentrada permite f&aacute;cil incorpora&ccedil;&atilde;o em cremes e massas, garantindo um <strong>resultado equilibrado e arom&aacute;tico<\/strong> em cada receita. A f&oacute;rmula concentrada integra-se perfeitamente em buttercream, bavarois, Enchanted Cream, ganache, gelados, bolos e cupcakes.<\/span><\/span><\/p>\n<p data-end=\"5219\" data-start=\"5044\"><span style=\"font-size:14px\"><span style=\"color:#000000\">&Eacute; <strong>resistente ao forno<\/strong>, mantendo a intensidade mesmo a altas temperaturas. Se assar acima de 200 &deg;C, recomenda-se adicionar uma pequena quantidade extra para preservar o sabor.<\/span><\/span><\/p>\n","protected":false},"excerpt":{"rendered":"<p>Proporciona um sabor intenso e aut\u00eantico \u00e0s suas prepara\u00e7\u00f5es. Com 60% de pist\u00e1cios, oferece um perfil profundo e ligeiramente torrado, ideal para resultados profissionais tanto em cremes como em massas.<\/p>\n","protected":false},"featured_media":386055,"comment_status":"open","ping_status":"closed","template":"","meta":{"_acf_changed":false},"pwb-brand":[],"product_brand":[],"product_cat":[2943,2945,1834,1830,2905,1829],"product_tag":[],"class_list":{"0":"post-390895","1":"product","2":"type-product","3":"status-publish","4":"has-post-thumbnail","6":"product_cat-aromas-e-extractos","7":"product_cat-aromas-em-pasta","8":"product_cat-aroma-pasta","9":"product_cat-aromas-y-extractos","10":"product_cat-data-de-expiracao-proxima","11":"product_cat-ingredientes","13":"first","14":"instock","15":"taxable","16":"shipping-taxable","17":"purchasable","18":"product-type-simple"},"acf":[],"df_price":22.5,"df_sale_price":"","df_regular_price":22.5,"df_image_link":"https:\/\/glotomania.com\/wp-content\/uploads\/2026\/03\/img_28441_119f33727a87860a5c9cf6e92f2a86b3_1.jpg","brands":[],"_links":{"self":[{"href":"https:\/\/glotomania.com\/pt-pt\/wp-json\/wp\/v2\/product\/390895","targetHints":{"allow":["GET"]}}],"collection":[{"href":"https:\/\/glotomania.com\/pt-pt\/wp-json\/wp\/v2\/product"}],"about":[{"href":"https:\/\/glotomania.com\/pt-pt\/wp-json\/wp\/v2\/types\/product"}],"replies":[{"embeddable":true,"href":"https:\/\/glotomania.com\/pt-pt\/wp-json\/wp\/v2\/comments?post=390895"}],"wp:featuredmedia":[{"embeddable":true,"href":"https:\/\/glotomania.com\/pt-pt\/wp-json\/wp\/v2\/media\/386055"}],"wp:attachment":[{"href":"https:\/\/glotomania.com\/pt-pt\/wp-json\/wp\/v2\/media?parent=390895"}],"wp:term":[{"taxonomy":"pwb-brand","embeddable":true,"href":"https:\/\/glotomania.com\/pt-pt\/wp-json\/wp\/v2\/pwb-brand?post=390895"},{"taxonomy":"product_brand","embeddable":true,"href":"https:\/\/glotomania.com\/pt-pt\/wp-json\/wp\/v2\/product_brand?post=390895"},{"taxonomy":"product_cat","embeddable":true,"href":"https:\/\/glotomania.com\/pt-pt\/wp-json\/wp\/v2\/product_cat?post=390895"},{"taxonomy":"product_tag","embeddable":true,"href":"https:\/\/glotomania.com\/pt-pt\/wp-json\/wp\/v2\/product_tag?post=390895"}],"curies":[{"name":"wp","href":"https:\/\/api.w.org\/{rel}","templated":true}]}}