{"id":390896,"date":"2026-03-04T12:04:52","date_gmt":"2026-03-04T12:04:52","guid":{"rendered":"https:\/\/glotomania.com\/p\/aroma-en-pasta-funcakes-vainilla-360-g-2\/"},"modified":"2026-04-15T14:48:22","modified_gmt":"2026-04-15T14:48:22","slug":"aroma-en-pasta-funcakes-vainilla-360-g-2","status":"publish","type":"product","link":"https:\/\/glotomania.com\/pt-pt\/p\/aroma-en-pasta-funcakes-vainilla-360-g-2\/","title":{"rendered":"Aroma Em Pasta Funcakes \u2013 Baunilha 360 G"},"content":{"rendered":"<div>&nbsp;<\/div>\n<div data-end=\"5347\" data-start=\"5145\">&nbsp;<\/div>\n<div data-end=\"5347\" data-start=\"5145\"><span style=\"font-size:14px\"><span style=\"color:#000000\">A textura suave permite f&aacute;cil incorpora&ccedil;&atilde;o em cremes e massas, <strong>garantindo uma distribui&ccedil;&atilde;o homog&eacute;nea do sabor<\/strong>. &Eacute; perfeita para buttercream, bavarois, Enchanted Cream, ganache, gelados, bolos e cupcakes.<\/span><\/span><\/div>\n<div data-end=\"5542\" data-start=\"5349\">&nbsp;<\/div>\n<div data-end=\"5542\" data-start=\"5349\"><span style=\"font-size:14px\"><span style=\"color:#000000\">&Eacute; <strong>resistente ao forno<\/strong>, mantendo a intensidade mesmo a altas temperaturas. Se assar acima de 200 &deg;C, recomenda-se adicionar uma pequena quantidade extra para preservar toda a pot&ecirc;ncia arom&aacute;tica.<\/span><\/span><\/div>\n<div data-end=\"5726\" data-start=\"5544\">&nbsp;<\/div>\n<div data-end=\"5726\" data-start=\"5544\"><span style=\"font-size:14px\"><span style=\"color:#000000\"><strong data-end=\"5559\" data-start=\"5544\">Ideal para:<\/strong><\/span><\/span><\/div>\n<ul>\n<li data-end=\"5726\" data-start=\"5544\"><span style=\"font-size:14px\">Buttercream e coberturas de baunilha.<\/span><\/li>\n<li data-end=\"5726\" data-start=\"5544\"><span style=\"font-size:14px\"><span style=\"color:#000000\">Bolos e cupcakes fofos.<\/span><\/span><\/li>\n<li data-end=\"5726\" data-start=\"5544\"><span style=\"font-size:14px\"><span style=\"color:#000000\">Bavarois e recheios cremosos.<\/span><\/span><\/li>\n<li data-end=\"5726\" data-start=\"5544\"><span style=\"font-size:14px\"><span style=\"color:#000000\">Ganache de chocolate aromatizada.<\/span><\/span><\/li>\n<li data-end=\"5726\" data-start=\"5544\"><span style=\"font-size:14px\"><span style=\"color:#000000\">Gelados e sobremesas caseiras.<\/span><\/span><\/li>\n<\/ul>\n","protected":false},"excerpt":{"rendered":"<p>Proporciona um sabor intenso e aut\u00eantico \u00e0s suas prepara\u00e7\u00f5es. A sua f\u00f3rmula concentrada, com sementes e vagens de baunilha natural (0,5% + 0,5%), oferece um perfil arom\u00e1tico quente e equilibrado, com as pequenas pintas caracter\u00edsticas que valorizam visualmente as suas cria\u00e7\u00f5es.<\/p>\n","protected":false},"featured_media":386269,"comment_status":"open","ping_status":"closed","template":"","meta":{"_acf_changed":false},"pwb-brand":[],"product_brand":[],"product_cat":[2943,2945,1834,1830,2905,1829],"product_tag":[],"class_list":{"0":"post-390896","1":"product","2":"type-product","3":"status-publish","4":"has-post-thumbnail","6":"product_cat-aromas-e-extractos","7":"product_cat-aromas-em-pasta","8":"product_cat-aroma-pasta","9":"product_cat-aromas-y-extractos","10":"product_cat-data-de-expiracao-proxima","11":"product_cat-ingredientes","13":"first","14":"outofstock","15":"taxable","16":"shipping-taxable","17":"purchasable","18":"product-type-simple"},"acf":[],"df_price":15.85,"df_sale_price":"","df_regular_price":15.85,"df_image_link":"https:\/\/glotomania.com\/wp-content\/uploads\/2026\/03\/img_28442_c826001dfe77755d180241044e048ad8_1.jpg","brands":[],"_links":{"self":[{"href":"https:\/\/glotomania.com\/pt-pt\/wp-json\/wp\/v2\/product\/390896","targetHints":{"allow":["GET"]}}],"collection":[{"href":"https:\/\/glotomania.com\/pt-pt\/wp-json\/wp\/v2\/product"}],"about":[{"href":"https:\/\/glotomania.com\/pt-pt\/wp-json\/wp\/v2\/types\/product"}],"replies":[{"embeddable":true,"href":"https:\/\/glotomania.com\/pt-pt\/wp-json\/wp\/v2\/comments?post=390896"}],"wp:featuredmedia":[{"embeddable":true,"href":"https:\/\/glotomania.com\/pt-pt\/wp-json\/wp\/v2\/media\/386269"}],"wp:attachment":[{"href":"https:\/\/glotomania.com\/pt-pt\/wp-json\/wp\/v2\/media?parent=390896"}],"wp:term":[{"taxonomy":"pwb-brand","embeddable":true,"href":"https:\/\/glotomania.com\/pt-pt\/wp-json\/wp\/v2\/pwb-brand?post=390896"},{"taxonomy":"product_brand","embeddable":true,"href":"https:\/\/glotomania.com\/pt-pt\/wp-json\/wp\/v2\/product_brand?post=390896"},{"taxonomy":"product_cat","embeddable":true,"href":"https:\/\/glotomania.com\/pt-pt\/wp-json\/wp\/v2\/product_cat?post=390896"},{"taxonomy":"product_tag","embeddable":true,"href":"https:\/\/glotomania.com\/pt-pt\/wp-json\/wp\/v2\/product_tag?post=390896"}],"curies":[{"name":"wp","href":"https:\/\/api.w.org\/{rel}","templated":true}]}}