{"id":391005,"date":"2026-03-12T18:03:12","date_gmt":"2026-03-12T18:03:12","guid":{"rendered":"https:\/\/glotomania.com\/p\/cobertura-con-leche-en-gotas-para-fundir-10-kg-2\/"},"modified":"2026-03-12T18:03:15","modified_gmt":"2026-03-12T18:03:15","slug":"cobertura-con-leche-en-gotas-para-fundir-10-kg-2","status":"publish","type":"product","link":"https:\/\/glotomania.com\/pt-pt\/p\/cobertura-con-leche-en-gotas-para-fundir-10-kg-2\/","title":{"rendered":"Cobertura Sabor Leite Em Gotas Para Derreter &#8211; 10 Kg"},"content":{"rendered":"<div>&nbsp;<\/div>\n<div><span style=\"font-size:14px\"><span style=\"color:#000000\">Este produto &eacute; ideal para banhos de cobertura, decora&ccedil;&atilde;o de sobremesas, recheios, moldagem, tabletes de chocolate, pastas de chocolate e uma grande variedade de aplica&ccedil;&otilde;es profissionais.<\/span><\/span><br \/>\n&nbsp;<\/div>\n<div><span style=\"font-size:14px\"><span style=\"color:#000000\">A solu&ccedil;&atilde;o perfeita para pasteleiros, chocolatiers e profissionais da confeitaria que procuram uma cobertura com excelente fluidez, f&aacute;cil manuseamento e <strong>resultados impec&aacute;veis<\/strong>.&nbsp;<\/span><\/span><span style=\"font-size:14px\"><span style=\"color:#000000\">Oferece <strong>textura suave<\/strong>, <strong>derretimento r&aacute;pido<\/strong> e <strong>acabamento brilhante<\/strong> em todos os tipos de prepara&ccedil;&otilde;es.<\/span><\/span><br \/>\n&nbsp;<\/div>\n<div><span style=\"font-size:14px\"><span style=\"color:#000000\">Gra&ccedil;as ao seu formato em gotas\/pastilhas, <strong>derrete uniformemente a 35 &deg;C <\/strong>(em banho-maria), agilizando o trabalho em pastelarias e garantindo uma cobertura homog&eacute;nea em bolos, bombons, cookies, tabletes, sobremesas e decora&ccedil;&otilde;es.<\/span><\/span><br \/>\n&nbsp;<\/div>\n<div><span style=\"font-size:14px\"><span style=\"color:#000000\">O seu <strong>sabor equilibrado<\/strong> e a sua versatilidade tornam-na uma cobertura indispens&aacute;vel em qualquer cozinha profissional.<\/span><\/span><\/div>\n","protected":false},"excerpt":{"rendered":"<p>Cobertura castanha sabor leite em gotas elaborada \u00e0 base de gordura vegetal, cacau em p\u00f3 e leite, ideal para derreter e utilizar na prepara\u00e7\u00e3o e decora\u00e7\u00e3o de bolos, sobremesas e produtos de pastelaria. F\u00e1cil de trabalhar e perfeita para uso profissional.<\/p>\n","protected":false},"featured_media":391041,"comment_status":"open","ping_status":"closed","template":"","meta":{"_acf_changed":false},"pwb-brand":[],"product_brand":[],"product_cat":[3028,1914,2952,1880,2905,1832,2997,1829,3018,1901,1844,2996],"product_tag":[],"class_list":{"0":"post-391005","1":"product","2":"type-product","3":"status-publish","4":"has-post-thumbnail","6":"product_cat-cacau-e-chocolates-2","7":"product_cat-chocolate","8":"product_cat-coberturas-2","9":"product_cat-cobertura","10":"product_cat-data-de-expiracao-proxima","11":"product_cat-diestas-especiales","12":"product_cat-halal","13":"product_cat-ingredientes","14":"product_cat-ingredientes-de-pastelaria-2","15":"product_cat-dieta-halal","16":"product_cat-ingredientes-reposteria","17":"product_cat-produtos-vegetarianos","19":"first","20":"instock","21":"taxable","22":"shipping-taxable","23":"purchasable","24":"product-type-simple"},"acf":[],"df_price":75.94,"df_sale_price":"","df_regular_price":75.94,"df_image_link":"https:\/\/glotomania.com\/wp-content\/uploads\/2026\/03\/img_28549_d7396b540593c9618e1c6e4837e356fb_1.jpg","brands":[],"_links":{"self":[{"href":"https:\/\/glotomania.com\/pt-pt\/wp-json\/wp\/v2\/product\/391005","targetHints":{"allow":["GET"]}}],"collection":[{"href":"https:\/\/glotomania.com\/pt-pt\/wp-json\/wp\/v2\/product"}],"about":[{"href":"https:\/\/glotomania.com\/pt-pt\/wp-json\/wp\/v2\/types\/product"}],"replies":[{"embeddable":true,"href":"https:\/\/glotomania.com\/pt-pt\/wp-json\/wp\/v2\/comments?post=391005"}],"wp:featuredmedia":[{"embeddable":true,"href":"https:\/\/glotomania.com\/pt-pt\/wp-json\/wp\/v2\/media\/391041"}],"wp:attachment":[{"href":"https:\/\/glotomania.com\/pt-pt\/wp-json\/wp\/v2\/media?parent=391005"}],"wp:term":[{"taxonomy":"pwb-brand","embeddable":true,"href":"https:\/\/glotomania.com\/pt-pt\/wp-json\/wp\/v2\/pwb-brand?post=391005"},{"taxonomy":"product_brand","embeddable":true,"href":"https:\/\/glotomania.com\/pt-pt\/wp-json\/wp\/v2\/product_brand?post=391005"},{"taxonomy":"product_cat","embeddable":true,"href":"https:\/\/glotomania.com\/pt-pt\/wp-json\/wp\/v2\/product_cat?post=391005"},{"taxonomy":"product_tag","embeddable":true,"href":"https:\/\/glotomania.com\/pt-pt\/wp-json\/wp\/v2\/product_tag?post=391005"}],"curies":[{"name":"wp","href":"https:\/\/api.w.org\/{rel}","templated":true}]}}