{"id":391012,"date":"2026-03-12T18:03:24","date_gmt":"2026-03-12T18:03:24","guid":{"rendered":"https:\/\/glotomania.com\/p\/crema-de-cacao-especial-para-tarta-sacher-6-kg-2\/"},"modified":"2026-03-12T18:03:27","modified_gmt":"2026-03-12T18:03:27","slug":"crema-de-cacao-especial-para-tarta-sacher-6-kg-2","status":"publish","type":"product","link":"https:\/\/glotomania.com\/pt-pt\/p\/crema-de-cacao-especial-para-tarta-sacher-6-kg-2\/","title":{"rendered":"Creme De Cacau Especial Para Bolo Sacher &#8211; 6 Kg"},"content":{"rendered":"<div>&nbsp;<\/div>\n<div><span style=\"font-size:14px\"><span style=\"color:#000000\">Creme de cacau para cobertura especialmente desenvolvida para o acabamento do <strong>famoso bolo Sacher<\/strong>, bem como para banho, cobertura e decora&ccedil;&atilde;o de m&uacute;ltiplos produtos de pastelaria.<\/span><\/span><br \/>\n&nbsp;<\/div>\n<div><span style=\"font-size:14px\"><span style=\"color:#000000\">A sua <strong>textura cremosa e homog&eacute;nea<\/strong> permite trabalhar de forma c&oacute;moda e obter um acabamento uniforme, brilhante e profissional em bolos, p&atilde;o de l&oacute; e sobremesas. <strong>Uma ligeira separa&ccedil;&atilde;o da gordura &eacute; natural<\/strong>, pelo que basta misturar antes de usar para recuperar toda a sua homogeneidade.<\/span><\/span><\/div>\n<div>\n<span style=\"font-size:14px\"><span style=\"color:#000000\">A sua <strong>cor castanha<\/strong>, o <strong>sabor intenso<\/strong> <strong>a cacau<\/strong> e a <strong>textura cremosa<\/strong> tornam-na uma excelente op&ccedil;&atilde;o para prepara&ccedil;&otilde;es cl&aacute;ssicas e profissionais. &Eacute; uma solu&ccedil;&atilde;o pr&aacute;tica para obradores, pastelarias e cozinhas profissionais que procuram uma cobertura pronta a usar, com bom rendimento e sabor caracter&iacute;stico a cacau.<\/span><\/span><\/div>\n","protected":false},"excerpt":{"rendered":"<p>Creme de cacau pronta a usar, especialmente indicada para banhar, cobrir e decorar o tradicional bolo Sacher e outras prepara\u00e7\u00f5es de pastelaria. Textura homog\u00e9nea, aplica\u00e7\u00e3o f\u00e1cil e acabamento profissional.<\/p>\n","protected":false},"featured_media":391039,"comment_status":"open","ping_status":"closed","template":"","meta":{"_acf_changed":false},"pwb-brand":[],"product_brand":[],"product_cat":[1838,2977,2905,1832,2997,1829,1901,2996],"product_tag":[],"class_list":{"0":"post-391012","1":"product","2":"type-product","3":"status-publish","4":"has-post-thumbnail","6":"product_cat-cremas","7":"product_cat-cremes-e-recheios-2","8":"product_cat-data-de-expiracao-proxima","9":"product_cat-diestas-especiales","10":"product_cat-halal","11":"product_cat-ingredientes","12":"product_cat-dieta-halal","13":"product_cat-produtos-vegetarianos","15":"first","16":"instock","17":"taxable","18":"shipping-taxable","19":"purchasable","20":"product-type-simple"},"acf":[],"df_price":65.05,"df_sale_price":"","df_regular_price":65.05,"df_image_link":"https:\/\/glotomania.com\/wp-content\/uploads\/2026\/03\/img_28551_014ef7c99b14c00a365f7dec70035697_1.jpg","brands":[],"_links":{"self":[{"href":"https:\/\/glotomania.com\/pt-pt\/wp-json\/wp\/v2\/product\/391012","targetHints":{"allow":["GET"]}}],"collection":[{"href":"https:\/\/glotomania.com\/pt-pt\/wp-json\/wp\/v2\/product"}],"about":[{"href":"https:\/\/glotomania.com\/pt-pt\/wp-json\/wp\/v2\/types\/product"}],"replies":[{"embeddable":true,"href":"https:\/\/glotomania.com\/pt-pt\/wp-json\/wp\/v2\/comments?post=391012"}],"wp:featuredmedia":[{"embeddable":true,"href":"https:\/\/glotomania.com\/pt-pt\/wp-json\/wp\/v2\/media\/391039"}],"wp:attachment":[{"href":"https:\/\/glotomania.com\/pt-pt\/wp-json\/wp\/v2\/media?parent=391012"}],"wp:term":[{"taxonomy":"pwb-brand","embeddable":true,"href":"https:\/\/glotomania.com\/pt-pt\/wp-json\/wp\/v2\/pwb-brand?post=391012"},{"taxonomy":"product_brand","embeddable":true,"href":"https:\/\/glotomania.com\/pt-pt\/wp-json\/wp\/v2\/product_brand?post=391012"},{"taxonomy":"product_cat","embeddable":true,"href":"https:\/\/glotomania.com\/pt-pt\/wp-json\/wp\/v2\/product_cat?post=391012"},{"taxonomy":"product_tag","embeddable":true,"href":"https:\/\/glotomania.com\/pt-pt\/wp-json\/wp\/v2\/product_tag?post=391012"}],"curies":[{"name":"wp","href":"https:\/\/api.w.org\/{rel}","templated":true}]}}