{"id":391304,"date":"2025-09-02T10:21:36","date_gmt":"2025-09-02T10:21:36","guid":{"rendered":"https:\/\/glotomania.com\/p\/nata-vegetal-azucarada-hopla-1-l-2\/"},"modified":"2026-03-30T14:03:26","modified_gmt":"2026-03-30T14:03:26","slug":"nata-vegetal-azucarada-hopla-1-l-2","status":"publish","type":"product","link":"https:\/\/glotomania.com\/pt-pt\/p\/nata-vegetal-azucarada-hopla-1-l-2\/","title":{"rendered":"Creme Vegetal Ado\u00c7ado Hopla 1 L"},"content":{"rendered":"<p>&nbsp;<\/p>\n<p><span style=\"font-size:14px\">Ideal para a prepara&ccedil;&atilde;o e decora&ccedil;&atilde;o de bolos, recheios, gelados, &#8230;.<\/span><\/p>\n<p><span style=\"font-size:14px\"><strong>Conselhos de utiliza&ccedil;&atilde;o:<\/strong><\/span><\/p>\n<ul>\n<li><span style=\"font-size:14px\">Para obter melhores resultados, recomenda-se refrigerar at&eacute; 5 &#8211; 8 &ordm;C antes de bater.<\/span><\/li>\n<li><span style=\"font-size:14px\">Pode ser batido &agrave; m&atilde;o ou com uma batedeira el&eacute;ctrica.<\/span><\/li>\n<li><span style=\"font-size:14px\">Pode acrescentar-se leite.<\/span><\/li>\n<\/ul>\n","protected":false},"excerpt":{"rendered":"<p>O creme vegetal adocicado Hopl\u00e1, est\u00e1vel e leve, proporciona um excelente desempenho na batedura e um resultado imbat\u00edvel.<\/p>\n","protected":false},"featured_media":36207,"comment_status":"open","ping_status":"closed","template":"","meta":{"_acf_changed":false},"pwb-brand":[],"product_brand":[],"product_cat":[1832,1833,1893],"product_tag":[],"class_list":{"0":"post-391304","1":"product","2":"type-product","3":"status-publish","4":"has-post-thumbnail","6":"product_cat-diestas-especiales","7":"product_cat-dieta-sin-gluten","8":"product_cat-nata-vegetal","10":"first","11":"instock","12":"taxable","13":"shipping-taxable","14":"purchasable","15":"product-type-simple"},"acf":[],"df_price":3.75,"df_sale_price":"","df_regular_price":3.75,"df_image_link":"https:\/\/glotomania.com\/wp-content\/uploads\/2024\/04\/img_7145_d108edd862e61a8e11d748716143fc56_1-300x300.png","brands":[],"_links":{"self":[{"href":"https:\/\/glotomania.com\/pt-pt\/wp-json\/wp\/v2\/product\/391304","targetHints":{"allow":["GET"]}}],"collection":[{"href":"https:\/\/glotomania.com\/pt-pt\/wp-json\/wp\/v2\/product"}],"about":[{"href":"https:\/\/glotomania.com\/pt-pt\/wp-json\/wp\/v2\/types\/product"}],"replies":[{"embeddable":true,"href":"https:\/\/glotomania.com\/pt-pt\/wp-json\/wp\/v2\/comments?post=391304"}],"wp:featuredmedia":[{"embeddable":true,"href":"https:\/\/glotomania.com\/pt-pt\/wp-json\/wp\/v2\/media\/36207"}],"wp:attachment":[{"href":"https:\/\/glotomania.com\/pt-pt\/wp-json\/wp\/v2\/media?parent=391304"}],"wp:term":[{"taxonomy":"pwb-brand","embeddable":true,"href":"https:\/\/glotomania.com\/pt-pt\/wp-json\/wp\/v2\/pwb-brand?post=391304"},{"taxonomy":"product_brand","embeddable":true,"href":"https:\/\/glotomania.com\/pt-pt\/wp-json\/wp\/v2\/product_brand?post=391304"},{"taxonomy":"product_cat","embeddable":true,"href":"https:\/\/glotomania.com\/pt-pt\/wp-json\/wp\/v2\/product_cat?post=391304"},{"taxonomy":"product_tag","embeddable":true,"href":"https:\/\/glotomania.com\/pt-pt\/wp-json\/wp\/v2\/product_tag?post=391304"}],"curies":[{"name":"wp","href":"https:\/\/api.w.org\/{rel}","templated":true}]}}