{"id":392296,"date":"2026-04-01T02:09:53","date_gmt":"2026-04-01T02:09:53","guid":{"rendered":"https:\/\/glotomania.com\/p\/cmc-puro-en-polvo-wilton-250-g-2\/"},"modified":"2026-04-01T02:10:03","modified_gmt":"2026-04-01T02:10:03","slug":"cmc-puro-en-polvo-wilton-250-g-2","status":"publish","type":"product","link":"https:\/\/glotomania.com\/pt-pt\/p\/cmc-puro-en-polvo-wilton-250-g-2\/","title":{"rendered":"Cmc Puro Em P\u00d3 Wilton &#8211; 250 G"},"content":{"rendered":"<p>&nbsp;<\/p>\n<div><span style=\"font-size:14px\"><span style=\"color:#000000\">Ideal para preparar fondant, pasta de goma, massas de biscoitos, cupcakes e cookies, pois ajuda a obter uma massa mais el&aacute;stica, flex&iacute;vel e f&aacute;cil de trabalhar.&nbsp;<br \/>\nGra&ccedil;as &agrave; sua capacidade de melhorar a estrutura, permite que os seus <strong>produtos assados permane&ccedil;am macios, suculentos e frescos por mais tempo, facilitando tamb&eacute;m a sua conserva&ccedil;&atilde;o<\/strong>.<\/span><\/span><\/div>\n<div>&nbsp;<\/div>\n<div><span style=\"font-size:14px\"><span style=\"color:#000000\">Al&eacute;m disso, <strong>atua como estabilizador<\/strong>, evitando que os ingredientes nas misturas se separem ou se degradem com o tempo, garantindo um resultado final mais uniforme e profissional.<\/span><\/span><\/div>\n<div>&nbsp;<\/div>\n<div><span style=\"font-size:14px\"><span style=\"color:#000000\"><strong>M&eacute;todo de utiliza&ccedil;&atilde;o<\/strong>: a dose recomendada &eacute; de 1 a 2 g por cada 100 g de massa ou mistura. Esta pequena adi&ccedil;&atilde;o transforma significativamente a qualidade das suas prepara&ccedil;&otilde;es, tornando-as mais resistentes e com acabamentos de alta qualidade.<\/span><\/span><\/div>\n","protected":false},"excerpt":{"rendered":"<p>O CMC puro em p\u00f3 da Wilton \u00e9 um ingrediente essencial e vers\u00e1til, utilizado para fortalecer e estabilizar massas, misturas e coberturas, obtendo resultados mais definidos e com melhor textura.<\/p>\n","protected":false},"featured_media":392362,"comment_status":"open","ping_status":"closed","template":"","meta":{"_acf_changed":false},"pwb-brand":[],"product_brand":[],"product_cat":[3020,1959,2905,1832,2997,1829,3018,1901,1844,2996],"product_tag":[],"class_list":{"0":"post-392296","1":"product","2":"type-product","3":"status-publish","4":"has-post-thumbnail","6":"product_cat-aditivos-e-melhoradores","7":"product_cat-aditivos","8":"product_cat-data-de-expiracao-proxima","9":"product_cat-diestas-especiales","10":"product_cat-halal","11":"product_cat-ingredientes","12":"product_cat-ingredientes-de-pastelaria-2","13":"product_cat-dieta-halal","14":"product_cat-ingredientes-reposteria","15":"product_cat-produtos-vegetarianos","17":"first","18":"outofstock","19":"taxable","20":"shipping-taxable","21":"purchasable","22":"product-type-simple"},"acf":[],"df_price":18.75,"df_sale_price":"","df_regular_price":18.75,"df_image_link":"https:\/\/glotomania.com\/wp-content\/uploads\/2026\/04\/img_27615_98c5dff12c9be3e09665f2e1f042275e_1.jpg","brands":[],"_links":{"self":[{"href":"https:\/\/glotomania.com\/pt-pt\/wp-json\/wp\/v2\/product\/392296","targetHints":{"allow":["GET"]}}],"collection":[{"href":"https:\/\/glotomania.com\/pt-pt\/wp-json\/wp\/v2\/product"}],"about":[{"href":"https:\/\/glotomania.com\/pt-pt\/wp-json\/wp\/v2\/types\/product"}],"replies":[{"embeddable":true,"href":"https:\/\/glotomania.com\/pt-pt\/wp-json\/wp\/v2\/comments?post=392296"}],"wp:featuredmedia":[{"embeddable":true,"href":"https:\/\/glotomania.com\/pt-pt\/wp-json\/wp\/v2\/media\/392362"}],"wp:attachment":[{"href":"https:\/\/glotomania.com\/pt-pt\/wp-json\/wp\/v2\/media?parent=392296"}],"wp:term":[{"taxonomy":"pwb-brand","embeddable":true,"href":"https:\/\/glotomania.com\/pt-pt\/wp-json\/wp\/v2\/pwb-brand?post=392296"},{"taxonomy":"product_brand","embeddable":true,"href":"https:\/\/glotomania.com\/pt-pt\/wp-json\/wp\/v2\/product_brand?post=392296"},{"taxonomy":"product_cat","embeddable":true,"href":"https:\/\/glotomania.com\/pt-pt\/wp-json\/wp\/v2\/product_cat?post=392296"},{"taxonomy":"product_tag","embeddable":true,"href":"https:\/\/glotomania.com\/pt-pt\/wp-json\/wp\/v2\/product_tag?post=392296"}],"curies":[{"name":"wp","href":"https:\/\/api.w.org\/{rel}","templated":true}]}}