{"id":392312,"date":"2026-04-01T02:16:30","date_gmt":"2026-04-01T02:16:30","guid":{"rendered":"https:\/\/glotomania.com\/p\/caja-para-dulces-de-pascua-decora-235-x-16-x-5-cm-diseno-pollitos-divertidos-2\/"},"modified":"2026-04-01T02:16:38","modified_gmt":"2026-04-01T02:16:38","slug":"caja-para-dulces-de-pascua-decora-235-x-16-x-5-cm-diseno-pollitos-divertidos-2","status":"publish","type":"product","link":"https:\/\/glotomania.com\/pt-pt\/p\/caja-para-dulces-de-pascua-decora-235-x-16-x-5-cm-diseno-pollitos-divertidos-2\/","title":{"rendered":"Caixa Para Doces De P\u00c1scoa Decora (23,5 X 16 X 5 Cm) &#8211; Design Pintinhos Divertidos"},"content":{"rendered":"<div>&nbsp;<\/div>\n<div><span style=\"color:#000000\"><span style=\"font-size:14px\">A caixa para doces de P&aacute;scoa Decora &eacute; uma op&ccedil;&atilde;o pr&aacute;tica e apelativa para apresentar as suas cria&ccedil;&otilde;es de pastelaria em campanhas de primavera e P&aacute;scoa. &Eacute; fabricada em cart&atilde;o resistente, adequado para uso alimentar, &eacute; entregue embalada individualmente e a sua montagem &eacute; simples gra&ccedil;as ao seu formato automont&aacute;vel. Pelas suas medidas, &eacute; adequada para cupcakes, bolachas, donuts, bolos pequenos e outros doces para oferta ou apresenta&ccedil;&atilde;o.<\/span><\/span><\/div>\n<div>&nbsp;<\/div>\n<div><span style=\"color:#000000\"><span style=\"font-size:14px\"><strong>Medidas aprox.:<\/strong> 23,5 x 16 x 5 cm.<\/span><\/span><\/div>\n","protected":false},"excerpt":{"rendered":"<p>Caixa automont\u00e1vel de cart\u00e3o resistente, pr\u00f3pria para contacto alimentar, ideal para apresentar e oferecer cupcakes, bolachas, donuts, bolos pequenos e outros doces caseiros. \u00c9 entregue embalada individualmente e o seu formato \u00e9 perfeito para campanhas de P\u00e1scoa e primavera.<\/p>\n","protected":false},"featured_media":392644,"comment_status":"open","ping_status":"closed","template":"","meta":{"_acf_changed":false},"pwb-brand":[],"product_brand":[],"product_cat":[3158,3168,3178,3166,3174,1784,1785,1786,1782,1783,2907,3087,2921,1849,1858,1767],"product_tag":[],"class_list":{"0":"post-392312","1":"product","2":"type-product","3":"status-publish","4":"has-post-thumbnail","6":"product_cat-caixas-de-pastelaria","7":"product_cat-caixas-para-bolachas-2","8":"product_cat-caixas-para-bolos-2","9":"product_cat-caixas-para-cupcakes-2","10":"product_cat-caixas-para-macarons-2","11":"product_cat-cajas-cupcakes","12":"product_cat-cajas-galletas","13":"product_cat-cajas-macarons","14":"product_cat-cajas","15":"product_cat-cajas-tartas","16":"product_cat-festas","17":"product_cat-ordem-e-armazenamento","18":"product_cat-pascoa","19":"product_cat-fiestas","20":"product_cat-pascua","21":"product_cat-utensilios","23":"first","24":"instock","25":"taxable","26":"shipping-taxable","27":"purchasable","28":"product-type-simple"},"acf":[],"df_price":1.56,"df_sale_price":"","df_regular_price":1.56,"df_image_link":"https:\/\/glotomania.com\/wp-content\/uploads\/2026\/04\/img_28648_577363f5f26cbbfe2481239559de4d8b_1.jpg","brands":[],"_links":{"self":[{"href":"https:\/\/glotomania.com\/pt-pt\/wp-json\/wp\/v2\/product\/392312","targetHints":{"allow":["GET"]}}],"collection":[{"href":"https:\/\/glotomania.com\/pt-pt\/wp-json\/wp\/v2\/product"}],"about":[{"href":"https:\/\/glotomania.com\/pt-pt\/wp-json\/wp\/v2\/types\/product"}],"replies":[{"embeddable":true,"href":"https:\/\/glotomania.com\/pt-pt\/wp-json\/wp\/v2\/comments?post=392312"}],"wp:featuredmedia":[{"embeddable":true,"href":"https:\/\/glotomania.com\/pt-pt\/wp-json\/wp\/v2\/media\/392644"}],"wp:attachment":[{"href":"https:\/\/glotomania.com\/pt-pt\/wp-json\/wp\/v2\/media?parent=392312"}],"wp:term":[{"taxonomy":"pwb-brand","embeddable":true,"href":"https:\/\/glotomania.com\/pt-pt\/wp-json\/wp\/v2\/pwb-brand?post=392312"},{"taxonomy":"product_brand","embeddable":true,"href":"https:\/\/glotomania.com\/pt-pt\/wp-json\/wp\/v2\/product_brand?post=392312"},{"taxonomy":"product_cat","embeddable":true,"href":"https:\/\/glotomania.com\/pt-pt\/wp-json\/wp\/v2\/product_cat?post=392312"},{"taxonomy":"product_tag","embeddable":true,"href":"https:\/\/glotomania.com\/pt-pt\/wp-json\/wp\/v2\/product_tag?post=392312"}],"curies":[{"name":"wp","href":"https:\/\/api.w.org\/{rel}","templated":true}]}}