{"id":392322,"date":"2026-04-01T02:16:57","date_gmt":"2026-04-01T02:16:57","guid":{"rendered":"https:\/\/glotomania.com\/p\/caja-para-dulces-dorada-decora-235-x-16-x-5-cm-2\/"},"modified":"2026-04-01T02:17:07","modified_gmt":"2026-04-01T02:17:07","slug":"caja-para-dulces-dorada-decora-235-x-16-x-5-cm-2","status":"publish","type":"product","link":"https:\/\/glotomania.com\/pt-pt\/p\/caja-para-dulces-dorada-decora-235-x-16-x-5-cm-2\/","title":{"rendered":"Caixa Para Doces Dourada Decora (23,5 X 16 X 5 Cm)"},"content":{"rendered":"<div>&nbsp;<\/div>\n<div><span style=\"font-size:14px\"><span style=\"color:#000000\">A caixa para doces Decora &eacute; uma op&ccedil;&atilde;o pr&aacute;tica e apelativa para apresentar as suas cria&ccedil;&otilde;es de pastelaria com um acabamento mais elegante. &Eacute; fabricada em cart&atilde;o resistente, adequado para uso alimentar, &eacute; entregue embalada individualmente e a sua montagem &eacute; simples gra&ccedil;as ao seu formato automont&aacute;vel. Pelas suas medidas, &eacute; adequada para cupcakes, bolachas, donuts, bolos pequenos e outros doces para oferta ou apresenta&ccedil;&atilde;o.<\/span><\/span><\/div>\n<div>&nbsp;<\/div>\n<div><span style=\"font-size:14px\"><span style=\"color:#000000\"><strong>Medidas aprox.:<\/strong> 23,5 x 16 x 5 cm.<\/span><\/span><\/div>\n","protected":false},"excerpt":{"rendered":"<p>Caixa automont\u00e1vel de cart\u00e3o resistente, pr\u00f3pria para contacto alimentar, ideal para apresentar e oferecer cupcakes, bolachas, donuts, bolos pequenos e outros doces caseiros. \u00c9 entregue embalada individualmente e o seu design elegante \u00e9 perfeito para celebra\u00e7\u00f5es, mesas doces, ofertas e apresenta\u00e7\u00f5es de pastelaria.<\/p>\n","protected":false},"featured_media":392321,"comment_status":"open","ping_status":"closed","template":"","meta":{"_acf_changed":false},"pwb-brand":[],"product_brand":[],"product_cat":[3158,3168,3178,3166,3174,1784,1785,1786,1782,1783,2910,2907,2917,2920,3087,1888,1849,1863,1866,1767],"product_tag":[],"class_list":{"0":"post-392322","1":"product","2":"type-product","3":"status-publish","4":"has-post-thumbnail","6":"product_cat-caixas-de-pastelaria","7":"product_cat-caixas-para-bolachas-2","8":"product_cat-caixas-para-bolos-2","9":"product_cat-caixas-para-cupcakes-2","10":"product_cat-caixas-para-macarons-2","11":"product_cat-cajas-cupcakes","12":"product_cat-cajas-galletas","13":"product_cat-cajas-macarons","14":"product_cat-cajas","15":"product_cat-cajas-tartas","16":"product_cat-casamentos-2","17":"product_cat-festas","18":"product_cat-halloween","19":"product_cat-natal-2","20":"product_cat-ordem-e-armazenamento","21":"product_cat-bodas","22":"product_cat-fiestas","24":"product_cat-navidad","25":"product_cat-utensilios","27":"first","28":"instock","29":"taxable","30":"shipping-taxable","31":"purchasable","32":"product-type-simple"},"acf":[],"df_price":1.86,"df_sale_price":"","df_regular_price":1.86,"df_image_link":"https:\/\/glotomania.com\/wp-content\/uploads\/2026\/04\/img_28659_e385a4fa0d9402538923d17ec87db680_1.jpg","brands":[],"_links":{"self":[{"href":"https:\/\/glotomania.com\/pt-pt\/wp-json\/wp\/v2\/product\/392322","targetHints":{"allow":["GET"]}}],"collection":[{"href":"https:\/\/glotomania.com\/pt-pt\/wp-json\/wp\/v2\/product"}],"about":[{"href":"https:\/\/glotomania.com\/pt-pt\/wp-json\/wp\/v2\/types\/product"}],"replies":[{"embeddable":true,"href":"https:\/\/glotomania.com\/pt-pt\/wp-json\/wp\/v2\/comments?post=392322"}],"wp:featuredmedia":[{"embeddable":true,"href":"https:\/\/glotomania.com\/pt-pt\/wp-json\/wp\/v2\/media\/392321"}],"wp:attachment":[{"href":"https:\/\/glotomania.com\/pt-pt\/wp-json\/wp\/v2\/media?parent=392322"}],"wp:term":[{"taxonomy":"pwb-brand","embeddable":true,"href":"https:\/\/glotomania.com\/pt-pt\/wp-json\/wp\/v2\/pwb-brand?post=392322"},{"taxonomy":"product_brand","embeddable":true,"href":"https:\/\/glotomania.com\/pt-pt\/wp-json\/wp\/v2\/product_brand?post=392322"},{"taxonomy":"product_cat","embeddable":true,"href":"https:\/\/glotomania.com\/pt-pt\/wp-json\/wp\/v2\/product_cat?post=392322"},{"taxonomy":"product_tag","embeddable":true,"href":"https:\/\/glotomania.com\/pt-pt\/wp-json\/wp\/v2\/product_tag?post=392322"}],"curies":[{"name":"wp","href":"https:\/\/api.w.org\/{rel}","templated":true}]}}