{"id":392335,"date":"2026-04-01T02:17:43","date_gmt":"2026-04-01T02:17:43","guid":{"rendered":"https:\/\/glotomania.com\/p\/bolsas-para-dulces-de-pascua-decora-diseno-flores-y-huevos-2\/"},"modified":"2026-04-01T02:17:51","modified_gmt":"2026-04-01T02:17:51","slug":"bolsas-para-dulces-de-pascua-decora-diseno-flores-y-huevos-2","status":"publish","type":"product","link":"https:\/\/glotomania.com\/pt-pt\/p\/bolsas-para-dulces-de-pascua-decora-diseno-flores-y-huevos-2\/","title":{"rendered":"Sacos Para Doces De P\u00c1scoa Decora &#8211; Design Flores E Ovos"},"content":{"rendered":"<div>&nbsp;<\/div>\n<div><span style=\"font-size:14px\"><span style=\"color:#000000\">Os sacos para doces de P&aacute;scoa Decora s&atilde;o uma op&ccedil;&atilde;o pr&aacute;tica e apelativa para apresentar as suas cria&ccedil;&otilde;es de pastelaria com um acabamento mais cuidado. S&atilde;o fabricados em pl&aacute;stico adequado para uso alimentar e t&ecirc;m fundo r&iacute;gido, o que facilita o enchimento e melhora a apresenta&ccedil;&atilde;o do produto. Pelo seu formato, s&atilde;o adequados para bolachas, rebu&ccedil;ados, bombons e pequenos doces para oferta ou apresenta&ccedil;&atilde;o.<\/span><\/span><\/div>\n<div>&nbsp;<\/div>\n<div><span style=\"font-size:14px\"><span style=\"color:#000000\"><strong>Medidas aprox.:<\/strong> 8 + 5 x h 28 cm.<\/span><\/span><\/div>\n<div>&nbsp;<\/div>\n<div><em><span style=\"font-size:14px\"><span style=\"color:#000000\">Cont&eacute;m 10 unidades.<\/span><\/span><\/em><\/div>\n<div>&nbsp;<\/div>\n","protected":false},"excerpt":{"rendered":"<p>Sacos de pl\u00e1stico resistente, pr\u00f3prios para contacto alimentar, com pr\u00e1tico fundo r\u00edgido, ideais para apresentar e oferecer bolachas, rebu\u00e7ados, bombons e outros doces caseiros. S\u00e3o fornecidos em embalagem de 10 unidades e o seu design \u00e9 perfeito para campanhas de P\u00e1scoa e primavera.<\/p>\n","protected":false},"featured_media":392397,"comment_status":"open","ping_status":"closed","template":"","meta":{"_acf_changed":false},"pwb-brand":[],"product_brand":[],"product_cat":[2907,3087,2921,3149,3153,2006,2005,1849,1858,1767],"product_tag":[],"class_list":{"0":"post-392335","1":"product","2":"type-product","3":"status-publish","4":"has-post-thumbnail","6":"product_cat-festas","7":"product_cat-ordem-e-armazenamento","8":"product_cat-pascoa","9":"product_cat-sacos-de-pastelaria-2","10":"product_cat-sacos-para-doces-2","11":"product_cat-bolsas-dulces","12":"product_cat-bolsas","13":"product_cat-fiestas","14":"product_cat-pascua","15":"product_cat-utensilios","17":"first","18":"instock","19":"taxable","20":"shipping-taxable","21":"purchasable","22":"product-type-simple"},"acf":[],"df_price":2.72,"df_sale_price":"","df_regular_price":2.72,"df_image_link":"https:\/\/glotomania.com\/wp-content\/uploads\/2026\/04\/img_28672_bcb861d239e1b6fe2a6f6f02672c47cd_1.jpg","brands":[],"_links":{"self":[{"href":"https:\/\/glotomania.com\/pt-pt\/wp-json\/wp\/v2\/product\/392335","targetHints":{"allow":["GET"]}}],"collection":[{"href":"https:\/\/glotomania.com\/pt-pt\/wp-json\/wp\/v2\/product"}],"about":[{"href":"https:\/\/glotomania.com\/pt-pt\/wp-json\/wp\/v2\/types\/product"}],"replies":[{"embeddable":true,"href":"https:\/\/glotomania.com\/pt-pt\/wp-json\/wp\/v2\/comments?post=392335"}],"wp:featuredmedia":[{"embeddable":true,"href":"https:\/\/glotomania.com\/pt-pt\/wp-json\/wp\/v2\/media\/392397"}],"wp:attachment":[{"href":"https:\/\/glotomania.com\/pt-pt\/wp-json\/wp\/v2\/media?parent=392335"}],"wp:term":[{"taxonomy":"pwb-brand","embeddable":true,"href":"https:\/\/glotomania.com\/pt-pt\/wp-json\/wp\/v2\/pwb-brand?post=392335"},{"taxonomy":"product_brand","embeddable":true,"href":"https:\/\/glotomania.com\/pt-pt\/wp-json\/wp\/v2\/product_brand?post=392335"},{"taxonomy":"product_cat","embeddable":true,"href":"https:\/\/glotomania.com\/pt-pt\/wp-json\/wp\/v2\/product_cat?post=392335"},{"taxonomy":"product_tag","embeddable":true,"href":"https:\/\/glotomania.com\/pt-pt\/wp-json\/wp\/v2\/product_tag?post=392335"}],"curies":[{"name":"wp","href":"https:\/\/api.w.org\/{rel}","templated":true}]}}