{"id":392389,"date":"2026-04-02T02:10:32","date_gmt":"2026-04-02T02:10:32","guid":{"rendered":"https:\/\/glotomania.com\/p\/soporte-redondo-transparente-para-tartas-o-25-cm-h-15-cm-2\/"},"modified":"2026-04-02T02:10:39","modified_gmt":"2026-04-02T02:10:39","slug":"soporte-redondo-transparente-para-tartas-o-25-cm-h-15-cm-2","status":"publish","type":"product","link":"https:\/\/glotomania.com\/pt-pt\/p\/soporte-redondo-transparente-para-tartas-o-25-cm-h-15-cm-2\/","title":{"rendered":"Suporte Redondo Transparente Para Bolos &#8211; \u00d8 25 Cm \/ H 15 Cm"},"content":{"rendered":"<p>&nbsp;<\/p>\n<p><span style=\"font-size:14px\"><span style=\"color:#000000\">Pode ser utilizado em conjunto com outros suportes ou separadamente, permitindo assim criar bolos com o n&uacute;mero de andares que desejar.&nbsp;<\/span><\/span><\/p>\n<p><span style=\"font-size:14px\"><span style=\"color:#000000\">Possui a base fechada e a parte superior aberta, para que seja poss&iacute;vel colocar no seu interior&nbsp;<strong>flores secas<\/strong>,&nbsp;<strong>decora&ccedil;&otilde;es n&atilde;o comest&iacute;veis<\/strong>&#8230; e at&eacute; mesmo&nbsp;<strong>luzes<\/strong>.<\/span><\/span><\/p>\n<p><span style=\"font-size:14px\"><span style=\"color:#000000\">Fabricado em material acr&iacute;lico de alta qualidade.<\/span><\/span><\/p>\n<p><span style=\"font-size:14px\"><span style=\"color:#000000\"><strong>Dimens&otilde;es aproximadas:<\/strong> &Oslash; 25&nbsp;cm &#8211; H 15&nbsp;cm.<\/span><\/span><\/p>\n","protected":false},"excerpt":{"rendered":"<p>Suporte circular em acr\u00edlico transparente para criar bolos de v\u00e1rios andares, ideal para colocar decora\u00e7\u00f5es no seu interior.<\/p>\n","protected":false},"featured_media":392618,"comment_status":"open","ping_status":"closed","template":"","meta":{"_acf_changed":false,"_joinchat":[]},"pwb-brand":[],"product_brand":[],"product_cat":[3093,2910,2907,3087,3228,1768,1888,1849,1769,1767],"product_tag":[],"class_list":{"0":"post-392389","1":"product","2":"type-product","3":"status-publish","4":"has-post-thumbnail","6":"product_cat-bases-para-bolos-2","7":"product_cat-casamentos-2","8":"product_cat-festas","9":"product_cat-ordem-e-armazenamento","10":"product_cat-suportes-para-doces-e-bolos","11":"product_cat-bases","12":"product_cat-bodas","13":"product_cat-fiestas","14":"product_cat-soportes","15":"product_cat-utensilios","17":"first","18":"instock","19":"taxable","20":"shipping-taxable","21":"purchasable","22":"product-type-simple"},"acf":[],"df_price":49.45,"df_sale_price":"","df_regular_price":49.45,"df_image_link":"https:\/\/e622tfk5wxd.exactdn.com\/wp-content\/uploads\/2026\/04\/img_28623_453eff0026589609790d41ba6d9e704f_1.png?strip=all&fit=300%2C300","brands":[],"_links":{"self":[{"href":"https:\/\/glotomania.com\/pt-pt\/wp-json\/wp\/v2\/product\/392389","targetHints":{"allow":["GET"]}}],"collection":[{"href":"https:\/\/glotomania.com\/pt-pt\/wp-json\/wp\/v2\/product"}],"about":[{"href":"https:\/\/glotomania.com\/pt-pt\/wp-json\/wp\/v2\/types\/product"}],"replies":[{"embeddable":true,"href":"https:\/\/glotomania.com\/pt-pt\/wp-json\/wp\/v2\/comments?post=392389"}],"wp:featuredmedia":[{"embeddable":true,"href":"https:\/\/glotomania.com\/pt-pt\/wp-json\/wp\/v2\/media\/392618"}],"wp:attachment":[{"href":"https:\/\/glotomania.com\/pt-pt\/wp-json\/wp\/v2\/media?parent=392389"}],"wp:term":[{"taxonomy":"pwb-brand","embeddable":true,"href":"https:\/\/glotomania.com\/pt-pt\/wp-json\/wp\/v2\/pwb-brand?post=392389"},{"taxonomy":"product_brand","embeddable":true,"href":"https:\/\/glotomania.com\/pt-pt\/wp-json\/wp\/v2\/product_brand?post=392389"},{"taxonomy":"product_cat","embeddable":true,"href":"https:\/\/glotomania.com\/pt-pt\/wp-json\/wp\/v2\/product_cat?post=392389"},{"taxonomy":"product_tag","embeddable":true,"href":"https:\/\/glotomania.com\/pt-pt\/wp-json\/wp\/v2\/product_tag?post=392389"}],"curies":[{"name":"wp","href":"https:\/\/api.w.org\/{rel}","templated":true}]}}