{"id":392582,"date":"2026-04-02T10:05:44","date_gmt":"2026-04-02T10:05:44","guid":{"rendered":"https:\/\/glotomania.com\/p\/caja-para-tarta-arbol-de-navidad-24-x-75-cm\/"},"modified":"2026-04-02T10:05:45","modified_gmt":"2026-04-02T10:05:45","slug":"caja-para-tarta-arbol-de-navidad-24-x-75-cm-4","status":"publish","type":"product","link":"https:\/\/glotomania.com\/pt-pt\/p\/caja-para-tarta-arbol-de-navidad-24-x-75-cm-4\/","title":{"rendered":"Caixa Para Bolo Rei De \u00c1rvore De Natal &#8211; 24 X 7,5 Cm"},"content":{"rendered":"<p>&nbsp;<\/p>\n<p><span style=\"font-size: 14px\">Caixa de cart&atilde;o com tampa para um bolo de Natal, com um elegante desenho de &aacute;rvore de Natal.<\/span><\/p>\n<p><span style=\"font-size: 14px\">Fabricado em cart&atilde;o resistente com janela de pl&aacute;stico, adequado para uso alimentar.&nbsp;<\/span><\/p>\n<p><span style=\"font-size: 14px\"><strong>Medidas<\/strong>: 24 x 24&nbsp;x 7,5 cm.<\/span><\/p>\n","protected":false},"excerpt":{"rendered":"<p>Com um desenho de \u00e1rvore de Natal, esta caixa de cart\u00e3o com janela \u00e9 fant\u00e1stica para os nossos preparativos de Natal.<\/p>\n","protected":false},"featured_media":47960,"comment_status":"open","ping_status":"closed","template":"","meta":{"_acf_changed":false,"_joinchat":[]},"pwb-brand":[],"product_brand":[],"product_cat":[3158,3159,3178,3159,2907,2920,3087],"product_tag":[],"class_list":{"0":"post-392582","1":"product","2":"type-product","3":"status-publish","4":"has-post-thumbnail","6":"product_cat-caixas-de-pastelaria","7":"product_cat-caixas-para-bolo-rei","8":"product_cat-caixas-para-bolos-2","10":"product_cat-festas","11":"product_cat-natal-2","12":"product_cat-ordem-e-armazenamento","14":"first","15":"instock","16":"taxable","17":"shipping-taxable","18":"purchasable","19":"product-type-simple"},"acf":[],"df_price":0.99,"df_sale_price":"","df_regular_price":0.99,"df_image_link":"https:\/\/glotomania.com\/wp-content\/uploads\/2023\/07\/img_19041_25978e8212c0bda6f5e25ff8d2318b94_1-300x300.jpg","brands":[],"_links":{"self":[{"href":"https:\/\/glotomania.com\/pt-pt\/wp-json\/wp\/v2\/product\/392582","targetHints":{"allow":["GET"]}}],"collection":[{"href":"https:\/\/glotomania.com\/pt-pt\/wp-json\/wp\/v2\/product"}],"about":[{"href":"https:\/\/glotomania.com\/pt-pt\/wp-json\/wp\/v2\/types\/product"}],"replies":[{"embeddable":true,"href":"https:\/\/glotomania.com\/pt-pt\/wp-json\/wp\/v2\/comments?post=392582"}],"wp:featuredmedia":[{"embeddable":true,"href":"https:\/\/glotomania.com\/pt-pt\/wp-json\/wp\/v2\/media\/47960"}],"wp:attachment":[{"href":"https:\/\/glotomania.com\/pt-pt\/wp-json\/wp\/v2\/media?parent=392582"}],"wp:term":[{"taxonomy":"pwb-brand","embeddable":true,"href":"https:\/\/glotomania.com\/pt-pt\/wp-json\/wp\/v2\/pwb-brand?post=392582"},{"taxonomy":"product_brand","embeddable":true,"href":"https:\/\/glotomania.com\/pt-pt\/wp-json\/wp\/v2\/product_brand?post=392582"},{"taxonomy":"product_cat","embeddable":true,"href":"https:\/\/glotomania.com\/pt-pt\/wp-json\/wp\/v2\/product_cat?post=392582"},{"taxonomy":"product_tag","embeddable":true,"href":"https:\/\/glotomania.com\/pt-pt\/wp-json\/wp\/v2\/product_tag?post=392582"}],"curies":[{"name":"wp","href":"https:\/\/api.w.org\/{rel}","templated":true}]}}