{"id":392796,"date":"2025-10-01T11:06:34","date_gmt":"2025-10-01T11:06:34","guid":{"rendered":"https:\/\/glotomania.com\/p\/aerografo-pulverizador-manual-4-depositos-2\/"},"modified":"2026-04-20T07:12:32","modified_gmt":"2026-04-20T07:12:32","slug":"aerografo-pulverizador-manual-4-depositos-2","status":"publish","type":"product","link":"https:\/\/glotomania.com\/pt-pt\/p\/aerografo-pulverizador-manual-4-depositos-2\/","title":{"rendered":"Aer\u00d3grafo Manual + 4 Dep\u00d3sitos"},"content":{"rendered":"<p>&nbsp;<\/p>\n<p><span style=\"color:#000000\"><span style=\"font-size:14px\">Aer&oacute;grafo manual ideal para<strong> tintas, glitters e purpurinas em p&oacute;.&nbsp;<\/strong><\/span><\/span><\/p>\n<ul>\n<li><span style=\"color:#000000\"><span style=\"font-size:14px\">Se utilizarmos <strong>corantes em gel ou em pasta<\/strong>, estes devem ser dissolvidos em &aacute;lcool alimentar para serem utilizados no aer&oacute;grafo.<\/span><\/span><\/li>\n<li><span style=\"color:#000000\"><span style=\"font-size:14px\">No caso das <strong>tintas em p&oacute; ou glitters<\/strong>, podemos utilizar o produto diretamente seco (devem ser part&iacute;culas pequenas para que possam sair facilmente pelo orif&iacute;cio do aer&oacute;grafo). Tamb&eacute;m podemos diluir o p&oacute; em &aacute;lcool alimentar.<\/span><\/span><\/li>\n<\/ul>\n<p><span style=\"color:#000000\"><span style=\"font-size:14px\">Inclui 4 dep&oacute;sitos com tampa, ideais para trabalhar com 4 cores ao mesmo tempo e para manter o produto em bom estado.<\/span><\/span><\/p>\n<p><span style=\"color:#000000\"><span style=\"font-size:14px\"><strong>Dimens&otilde;es aproximadas: <\/strong><u>Dep&oacute;sitos<\/u>: 8,5 x 3,5 cm &#8211; <u>Aer&oacute;grafo<\/u>: 24,5 x 4 cm.<\/span><\/span><\/p>\n<p><span style=\"color:#000000\"><span style=\"font-size:14px\"><strong>Modo de utiliza&ccedil;&atilde;o:<\/strong><\/span><\/span><\/p>\n<ol>\n<li><span style=\"color:#000000\"><span style=\"font-size:14px\">Untar previamente o orif&iacute;cio na parte de tr&aacute;s do cilindro com gordura vegetal.<\/span><\/span><\/li>\n<li><span style=\"color:#000000\"><span style=\"font-size:14px\">Colocar o produto no dep&oacute;sito e pulverizar manualmente sobre o nosso trabalho.&nbsp;<\/span><\/span><\/li>\n<li><span style=\"color:#000000\"><span style=\"font-size:14px\">Lavar bem o aer&oacute;grafo e os dep&oacute;sitos com &aacute;gua quando terminar.&nbsp;<\/span><\/span><\/li>\n<\/ol>\n","protected":false},"excerpt":{"rendered":"<p>Aer\u00f3grafo manual com bomba pulverizadora, juntamente com 4 dep\u00f3sitos com tampa, concebido para aplicar cor e brilho de forma r\u00e1pida e eficaz nas nossas cria\u00e7\u00f5es.<\/p>\n","protected":false},"featured_media":62167,"comment_status":"open","ping_status":"closed","template":"","meta":{"_acf_changed":false},"pwb-brand":[],"product_brand":[],"product_cat":[1995,1820,1767],"product_tag":[],"class_list":{"0":"post-392796","1":"product","2":"type-product","3":"status-publish","4":"has-post-thumbnail","6":"product_cat-aerografos","7":"product_cat-basicos","8":"product_cat-utensilios","10":"first","11":"instock","12":"taxable","13":"shipping-taxable","14":"purchasable","15":"product-type-simple"},"acf":[],"df_price":6.6,"df_sale_price":"","df_regular_price":6.6,"df_image_link":"https:\/\/glotomania.com\/wp-content\/uploads\/2025\/04\/img_26230_59ddf833ce8167b5d6c0b6f183dadb14_1-300x300.jpg","brands":[],"_links":{"self":[{"href":"https:\/\/glotomania.com\/pt-pt\/wp-json\/wp\/v2\/product\/392796","targetHints":{"allow":["GET"]}}],"collection":[{"href":"https:\/\/glotomania.com\/pt-pt\/wp-json\/wp\/v2\/product"}],"about":[{"href":"https:\/\/glotomania.com\/pt-pt\/wp-json\/wp\/v2\/types\/product"}],"replies":[{"embeddable":true,"href":"https:\/\/glotomania.com\/pt-pt\/wp-json\/wp\/v2\/comments?post=392796"}],"wp:featuredmedia":[{"embeddable":true,"href":"https:\/\/glotomania.com\/pt-pt\/wp-json\/wp\/v2\/media\/62167"}],"wp:attachment":[{"href":"https:\/\/glotomania.com\/pt-pt\/wp-json\/wp\/v2\/media?parent=392796"}],"wp:term":[{"taxonomy":"pwb-brand","embeddable":true,"href":"https:\/\/glotomania.com\/pt-pt\/wp-json\/wp\/v2\/pwb-brand?post=392796"},{"taxonomy":"product_brand","embeddable":true,"href":"https:\/\/glotomania.com\/pt-pt\/wp-json\/wp\/v2\/product_brand?post=392796"},{"taxonomy":"product_cat","embeddable":true,"href":"https:\/\/glotomania.com\/pt-pt\/wp-json\/wp\/v2\/product_cat?post=392796"},{"taxonomy":"product_tag","embeddable":true,"href":"https:\/\/glotomania.com\/pt-pt\/wp-json\/wp\/v2\/product_tag?post=392796"}],"curies":[{"name":"wp","href":"https:\/\/api.w.org\/{rel}","templated":true}]}}